{"id":174,"date":"2019-09-11T12:18:20","date_gmt":"2019-09-11T17:18:20","guid":{"rendered":"https:\/\/livewp.site\/wp\/md\/juris\/?page_id=174"},"modified":"2024-04-30T18:25:37","modified_gmt":"2024-04-30T23:25:37","slug":"socio-fundador-oscar-mago","status":"publish","type":"page","link":"https:\/\/omcabogados.com.pe\/zh\/socio-fundador-oscar-mago\/","title":{"rendered":"\u521b\u59cb\u5408\u4f19\u4eba"},"content":{"rendered":"<div data-elementor-type=\"wp-page\" data-elementor-id=\"174\" class=\"elementor elementor-174\" data-elementor-post-type=\"page\">\n\t\t\t\t\t\t<section class=\"elementor-section elementor-top-section elementor-element elementor-element-5503d54 elementor-section-height-min-height elementor-section-boxed elementor-section-height-default elementor-section-items-middle\" data-id=\"5503d54\" data-element_type=\"section\" data-settings=\"{&quot;background_background&quot;:&quot;classic&quot;}\">\n\t\t\t\t\t\t<div class=\"elementor-container elementor-column-gap-default\">\n\t\t\t\t\t<div class=\"elementor-column elementor-col-100 elementor-top-column elementor-element elementor-element-3197a51\" data-id=\"3197a51\" data-element_type=\"column\">\n\t\t\t<div class=\"elementor-widget-wrap elementor-element-populated\">\n\t\t\t\t\t\t<div class=\"elementor-element elementor-element-30f323c elementor-widget elementor-widget-heading\" data-id=\"30f323c\" data-element_type=\"widget\" data-widget_type=\"heading.default\">\n\t\t\t\t<div class=\"elementor-widget-container\">\n\t\t\t<h1 class=\"elementor-heading-title elementor-size-default\">\u521b\u59cb\u5408\u4f19\u4eba<\/h1>\t\t<\/div>\n\t\t\t\t<\/div>\n\t\t\t\t\t<\/div>\n\t\t<\/div>\n\t\t\t\t\t<\/div>\n\t\t<\/section>\n\t\t\t\t<section class=\"elementor-section elementor-top-section elementor-element elementor-element-4e82ddb elementor-section-boxed elementor-section-height-default elementor-section-height-default\" data-id=\"4e82ddb\" data-element_type=\"section\" data-settings=\"{&quot;background_background&quot;:&quot;classic&quot;}\">\n\t\t\t\t\t\t<div class=\"elementor-container elementor-column-gap-no\">\n\t\t\t\t\t<div class=\"elementor-column elementor-col-66 elementor-top-column elementor-element elementor-element-15ede66\" data-id=\"15ede66\" data-element_type=\"column\">\n\t\t\t<div class=\"elementor-widget-wrap elementor-element-populated\">\n\t\t\t\t\t\t<div class=\"elementor-element elementor-element-0fe9cdb elementor-widget elementor-widget-heading\" data-id=\"0fe9cdb\" data-element_type=\"widget\" data-widget_type=\"heading.default\">\n\t\t\t\t<div class=\"elementor-widget-container\">\n\t\t\t<h4 class=\"elementor-heading-title elementor-size-default\">\u521b\u59cb\u5408\u4f19\u4eba\u7b80\u4ecb<\/h4>\t\t<\/div>\n\t\t\t\t<\/div>\n\t\t\t\t<div class=\"elementor-element elementor-element-bedcb8b elementor-widget elementor-widget-heading\" data-id=\"bedcb8b\" data-element_type=\"widget\" data-widget_type=\"heading.default\">\n\t\t\t\t<div class=\"elementor-widget-container\">\n\t\t\t<h3 class=\"elementor-heading-title elementor-size-default\">\u5965\u65af\u5361\u00b7\u9a6c\u6208\uff08Oscar Mago\uff09<\/h3>\t\t<\/div>\n\t\t\t\t<\/div>\n\t\t\t\t<div class=\"elementor-element elementor-element-5e35416 elementor-widget elementor-widget-text-editor\" data-id=\"5e35416\" data-element_type=\"widget\" data-widget_type=\"text-editor.default\">\n\t\t\t\t<div class=\"elementor-widget-container\">\n\t\t\t\t\t\t\t<p>1967\u5e74\u51fa\u751f\u4e8e\u5229\u9a6c\u30021991\u5e74\u6bd5\u4e1a\u4e8e\u5229\u9a6c\u5927\u5b66\u6cd5\u5b66\u9662\uff0c<sup>(1)<\/sup> \u5e76\u81ea1993\u5e74\u8d77\u6210\u4e3a\u5229\u9a6c\u5f8b\u5e08\u534f\u4f1a\u4f1a\u5458\u3002<sup>(2)<\/sup>1998\u5e74\u66fe\u8d74\u610f\u5927\u5229\u7f57\u9a6c\u7684\u56fd\u9645\u53d1\u5c55\u6cd5\u7814\u7a76\u6240\uff08International Institute of Law for Development\uff09\u5c31\u8bfb\u7814\u7a76\u751f\u8bfe\u7a0b\uff0c<sup>(3)<\/sup>1999\u5e74\u5728\u897f\u73ed\u7259\u8428\u62c9\u66fc\u5361\u5927\u5b66\u3001<sup>(4)<\/sup> 2002\u5e74\u5728\u963f\u6839\u5ef7\u5e03\u5b9c\u8bfa\u65af\u827e\u5229\u65af\u5927\u5b66\u8fdb\u4fee\u77e5\u8bc6\u4ea7\u6743\u4e0e\u7ade\u4e89\u6cd5\uff1b\u5e76\u4e8e1998\u5e74\u5728\u54c8\u4f5b\u5927\u5b66\u53c2\u52a0CMI\u9ad8\u7ea7\u8c08\u5224\u8bfe\u7a0b\u3002\u81ea1999\u5e74\u8d77\uff0c\u4ed6\u4e5f\u662f\u83b7\u79d8\u9c81\u53f8\u6cd5\u90e8\u8ba4\u8bc1\u7684\u975e\u8bc9\u8bbc\u8c03\u89e3\u5458\u3002<sup>(5)<\/sup> \u4ed6\u62e5\u6709\u5370\u52a0\u52a0\u5c14\u897f\u62c9\u7d22\u00b7\u5fb7\u62c9\u7ef4\u52a0\u5927\u5b66\uff08Universidad Inca Garcilaso de la Vega\uff09\u7ecf\u6d4e\u5211\u6cd5\u7855\u58eb\u5b66\u4f4d\uff081997\u5e74\uff09\uff0c<sup>(6)<\/sup>\u5723\u9a6c\u4e01\u00b7\u5fb7\u6ce2\u96f7\u65af\u5927\u5b66\uff08Universidad San Mart\u00edn de Porres\uff09\u4f01\u4e1a\u6cd5\u7855\u58eb\u5b66\u4f4d\uff082001\u5e74\uff09\uff0c<sup>(7)<\/sup>\u4ee5\u53ca\u5229\u9a6c\u5f8b\u5e08\u534f\u4f1a\u6388\u4e88\u7684\u77e5\u8bc6\u4ea7\u6743\u4e13\u4e1a\u6587\u51ed\uff082000\u5e74\uff09\u3002<sup>(8)<\/sup>\u6b64\u5916\uff0c\u4ed6\u8fd8\u5728ESAN\u9ad8\u7b49\u7ba1\u7406\u5b66\u9662\u5b8c\u6210\u4e86\u7ba1\u7406\u4e0e\u7ec4\u7ec7\u65b9\u5411\u7684\u4e13\u4e1a\u57f9\u8bad\u3002<\/p><p style=\"text-align: justify;\">Ha publicado en diversas revistas nacionales e internacionales de prestigio art\u00edculos y ensayos sobre derecho de sociedades, propiedad industrial y cuestiones de negociaci\u00f3n, as\u00ed como diferentes medios period\u00edsticos, entre ellos el diario \u00abEl Peruano\u00bb.<sup>(9)<\/sup><\/p><p style=\"text-align: justify;\">\u4ed6\u5728\u5de5\u4e1a\u4ea7\u6743\u9886\u57df\u62e5\u6709\u8d85\u8fc730\u5e74\u7684\u4e30\u5bcc\u7ecf\u9a8c\uff0c\u6210\u529f\u5904\u7406\u4e86\u591a\u8d77\u6d89\u53ca\u4e0d\u6b63\u5f53\u7ade\u4e89\u3001\u5546\u6807\u548c\u4e13\u5229\u4fb5\u6743\u7684\u6848\u4ef6\uff0c\u540c\u65f6\u4e5f\u53c2\u4e0e\u4e86\u591a\u9879\u6d89\u53ca\u5546\u6807\u4f2a\u9020\u4e0e\u4e13\u5229\u975e\u6cd5\u4f7f\u7528\u7684\u5211\u4e8b\u8bc9\u8bbc\u7a0b\u5e8f\u3002<\/p><p style=\"text-align: justify;\">Entre estos procesos, a finales de los a\u00f1os 90, dirigi\u00f3 una intervenci\u00f3n en los mercadillos de Tacna, donde logr\u00f3 la incautaci\u00f3n de miles de productos falsificados marca \u00abNIKE\u00bb, siendo la mercader\u00eda incautada m\u00e1s de 5 toneladas de ropa de contrabando y cuyo valor fue estimado en varios millones de d\u00f3lares.<\/p><p style=\"text-align: justify;\">\u81ea2005\u5e74\u8d77\uff0c\u4ed6\u62c5\u4efbOMC\u5f8b\u5e08\u4e8b\u52a1\u6240\uff08OMC Abogados &amp; Consultores\uff09\u7684\u521b\u59cb\u5408\u4f19\u4eba\u517c\u603b\u7ecf\u7406\u3002<\/p><p>______<\/p><p style=\"text-align: left;\"><sup>1<\/sup> <a href=\"https:\/\/omcabogados.com.pe\/wp-content\/uploads\/Titulo-Abogado-Universidad-de-Lima.pdf\" target=\"_blank\" rel=\"noopener\">https:\/\/omcabogados.com.pe\/wp-content\/uploads\/Titulo-Abogado-Universidad-de-Lima.pdf<\/a><br \/><sup>2<\/sup> <a href=\"https:\/\/omcabogados.com.pe\/wp-content\/uploads\/Diploma-CAL.pdf\" target=\"_blank\" rel=\"noopener\">https:\/\/omcabogados.com.pe\/wp-content\/uploads\/Diploma-CAL.pdf<\/a><br \/><sup>3<\/sup> <a href=\"https:\/\/omcabogados.com.pe\/zh\/evento\/idlo-instituto-internacional-de-derecho-para-el-desarrollo\/\" target=\"_blank\" rel=\"noopener\">https:\/\/omcabogados.com.pe\/evento\/idlo-instituto-internacional-de-derecho-para-el-desarrollo\/<\/a><br \/><sup>4<\/sup> <a href=\"https:\/\/omcabogados.com.pe\/zh\/evento\/estudios-de-derecho-de-la-propiedad-intelectual\/\" target=\"_blank\" rel=\"noopener\">https:\/\/omcabogados.com.pe\/evento\/estudios-de-derecho-de-la-propiedad-intelectual\/<\/a><br \/><sup>5<\/sup> <a href=\"https:\/\/omcabogados.com.pe\/wp-content\/uploads\/Diploma-Conciliador-Extrajudicial.pdf\" target=\"_blank\" rel=\"noopener\">https:\/\/omcabogados.com.pe\/wp-content\/uploads\/Diploma-Conciliador-Extrajudicial.pdf<\/a><br \/><sup>6<\/sup> <a href=\"https:\/\/omcabogados.com.pe\/wp-content\/uploads\/Diploma-Maestria-Derecho-Penal.pdf\" target=\"_blank\" rel=\"noopener\">https:\/\/omcabogados.com.pe\/wp-content\/uploads\/Diploma-Maestria-Derecho-Penal.pdf<\/a><br \/><sup>7<\/sup> <a href=\"https:\/\/omcabogados.com.pe\/wp-content\/uploads\/Diploma-Maestria-en-Dercho-de-los-Negocios-Univ-San-Martin.pdf\" target=\"_blank\" rel=\"noopener\">https:\/\/omcabogados.com.pe\/wp-content\/uploads\/Diploma-Maestria-en-Dercho-de-los-Negocios-Univ-San-Martin.pdf<\/a><br \/><sup>8<\/sup> <a href=\"https:\/\/omcabogados.com.pe\/wp-content\/uploads\/Diploma-Propiedad-Industrial-y-Derecho-de-autor.pdf\" target=\"_blank\" rel=\"noopener\">https:\/\/omcabogados.com.pe\/wp-content\/uploads\/Diploma-Propiedad-Industrial-y-Derecho-de-autor.pdf<\/a><br \/><sup>9<\/sup> <a href=\"https:\/\/omcabogados.com.pe\/zh\/publicaciones\/el-peruano\/\" target=\"_blank\" rel=\"noopener\">https:\/\/omcabogados.com.pe\/publicaciones\/el-peruano\/<\/a><\/p>\t\t\t\t\t\t<\/div>\n\t\t\t\t<\/div>\n\t\t\t\t\t<\/div>\n\t\t<\/div>\n\t\t\t\t<div class=\"elementor-column elementor-col-33 elementor-top-column elementor-element elementor-element-3665810\" data-id=\"3665810\" data-element_type=\"column\">\n\t\t\t<div class=\"elementor-widget-wrap elementor-element-populated\">\n\t\t\t\t\t\t<div class=\"elementor-element elementor-element-e4ff0c6 elementor-widget elementor-widget-spacer\" data-id=\"e4ff0c6\" data-element_type=\"widget\" data-widget_type=\"spacer.default\">\n\t\t\t\t<div class=\"elementor-widget-container\">\n\t\t\t\t\t<div class=\"elementor-spacer\">\n\t\t\t<div class=\"elementor-spacer-inner\"><\/div>\n\t\t<\/div>\n\t\t\t\t<\/div>\n\t\t\t\t<\/div>\n\t\t\t\t<div class=\"elementor-element elementor-element-8bbbed8 elementor-widget elementor-widget-spacer\" data-id=\"8bbbed8\" data-element_type=\"widget\" data-widget_type=\"spacer.default\">\n\t\t\t\t<div class=\"elementor-widget-container\">\n\t\t\t\t\t<div class=\"elementor-spacer\">\n\t\t\t<div class=\"elementor-spacer-inner\"><\/div>\n\t\t<\/div>\n\t\t\t\t<\/div>\n\t\t\t\t<\/div>\n\t\t\t\t<div class=\"elementor-element elementor-element-335c668 elementor-widget elementor-widget-image\" data-id=\"335c668\" data-element_type=\"widget\" data-widget_type=\"image.default\">\n\t\t\t\t<div class=\"elementor-widget-container\">\n\t\t\t\t\t\t\t\t\t\t\t\t\t<img fetchpriority=\"high\" decoding=\"async\" width=\"800\" height=\"921\" src=\"https:\/\/omcabogados.com.pe\/wp-content\/uploads\/oscar-mago-carranza-psf.jpg\" class=\"attachment-full size-full wp-image-9222\" alt=\"\" title=\"oscar-mago-carranza-psf\" \/>\t\t\t\t\t\t\t\t\t\t\t\t\t<\/div>\n\t\t\t\t<\/div>\n\t\t\t\t<div class=\"elementor-element elementor-element-30951ac elementor-widget elementor-widget-spacer\" data-id=\"30951ac\" data-element_type=\"widget\" data-widget_type=\"spacer.default\">\n\t\t\t\t<div class=\"elementor-widget-container\">\n\t\t\t\t\t<div class=\"elementor-spacer\">\n\t\t\t<div class=\"elementor-spacer-inner\"><\/div>\n\t\t<\/div>\n\t\t\t\t<\/div>\n\t\t\t\t<\/div>\n\t\t\t\t\t<\/div>\n\t\t<\/div>\n\t\t\t\t\t<\/div>\n\t\t<\/section>\n\t\t\t\t<section class=\"elementor-section elementor-top-section elementor-element elementor-element-6f5b567 elementor-section-boxed elementor-section-height-default elementor-section-height-default\" data-id=\"6f5b567\" data-element_type=\"section\">\n\t\t\t\t\t\t<div class=\"elementor-container elementor-column-gap-default\">\n\t\t\t\t\t<div class=\"elementor-column elementor-col-100 elementor-top-column elementor-element elementor-element-9c71436\" data-id=\"9c71436\" data-element_type=\"column\">\n\t\t\t<div class=\"elementor-widget-wrap elementor-element-populated\">\n\t\t\t\t\t\t\t<\/div>\n\t\t<\/div>\n\t\t\t\t\t<\/div>\n\t\t<\/section>\n\t\t\t\t<\/div>","protected":false},"excerpt":{"rendered":"<p>Socio Fundador PERFIL SOCIO FUNDADOR Oscar Mago Carranza Nacido en Lima en 1967. Abogado egresado de la Universidad de Lima en 1991(1) y miembro del colegio de Abogados de Lima desde 1993(2). Asisti\u00f3 a la escuela de posgrado en el Instituto Internacional de Derecho para el Desarrollo en Roma, Italia (1998)(3), donde estudi\u00f3 derecho corporativo. [&hellip;]<\/p>","protected":false},"author":1,"featured_media":0,"parent":0,"menu_order":0,"comment_status":"closed","ping_status":"closed","template":"","meta":{"_vp_format_video_url":"","_vp_image_focal_point":[],"_vp_custom_popup_image":0,"_vp_format_audio_url":"","_vp_custom_thumbnail":0,"_vp_custom_thumbnail_focal_point":[],"_vp_hover_thumbnail":0,"_vp_hover_thumbnail_focal_point":[],"footnotes":""},"class_list":["post-174","page","type-page","status-publish","hentry"],"yoast_head":"<!-- This site is optimized with the Yoast SEO plugin v27.1.1 - https:\/\/yoast.com\/product\/yoast-seo-wordpress\/ -->\n<title>Socio Fundador - OMC Abogados &amp; Consultores<\/title>\n<meta name=\"robots\" content=\"index, follow, max-snippet:-1, max-image-preview:large, max-video-preview:-1\" \/>\n<link rel=\"canonical\" href=\"https:\/\/omcabogados.com.pe\/zh\/socio-fundador-oscar-mago\/\" \/>\n<meta property=\"og:locale\" content=\"zh_CN\" \/>\n<meta property=\"og:type\" content=\"article\" \/>\n<meta property=\"og:title\" content=\"Socio Fundador - OMC Abogados &amp; Consultores\" \/>\n<meta property=\"og:description\" content=\"Socio Fundador PERFIL SOCIO FUNDADOR Oscar Mago Carranza Nacido en Lima en 1967. Abogado egresado de la Universidad de Lima en 1991(1) y miembro del colegio de Abogados de Lima desde 1993(2). Asisti\u00f3 a la escuela de posgrado en el Instituto Internacional de Derecho para el Desarrollo en Roma, Italia (1998)(3), donde estudi\u00f3 derecho corporativo. [&hellip;]\" \/>\n<meta property=\"og:url\" content=\"https:\/\/omcabogados.com.pe\/zh\/socio-fundador-oscar-mago\/\" \/>\n<meta property=\"og:site_name\" content=\"OMC Abogados &amp; Consultores\" \/>\n<meta property=\"article:publisher\" content=\"https:\/\/www.facebook.com\/omcabogados.consultores\/\" \/>\n<meta property=\"article:modified_time\" content=\"2024-04-30T23:25:37+00:00\" \/>\n<meta property=\"og:image\" content=\"https:\/\/omcabogados.com.pe\/wp-content\/uploads\/oscar-mago-carranza-psf.jpg\" \/>\n<meta name=\"twitter:card\" content=\"summary_large_image\" \/>\n<meta name=\"twitter:site\" content=\"@omcabogadosperu\" \/>\n<meta name=\"twitter:label1\" content=\"\u9884\u8ba1\u9605\u8bfb\u65f6\u95f4\" \/>\n\t<meta name=\"twitter:data1\" content=\"2 \u5206\" \/>\n<script type=\"application\/ld+json\" class=\"yoast-schema-graph\">{\"@context\":\"https:\/\/schema.org\",\"@graph\":[{\"@type\":\"WebPage\",\"@id\":\"https:\/\/omcabogados.com.pe\/es\/socio-fundador-oscar-mago\/\",\"url\":\"https:\/\/omcabogados.com.pe\/es\/socio-fundador-oscar-mago\/\",\"name\":\"Socio Fundador - OMC Abogados &amp; Consultores\",\"isPartOf\":{\"@id\":\"https:\/\/omcabogados.com.pe\/es\/#website\"},\"primaryImageOfPage\":{\"@id\":\"https:\/\/omcabogados.com.pe\/es\/socio-fundador-oscar-mago\/#primaryimage\"},\"image\":{\"@id\":\"https:\/\/omcabogados.com.pe\/es\/socio-fundador-oscar-mago\/#primaryimage\"},\"thumbnailUrl\":\"https:\/\/omcabogados.com.pe\/wp-content\/uploads\/oscar-mago-carranza-psf.jpg\",\"datePublished\":\"2019-09-11T17:18:20+00:00\",\"dateModified\":\"2024-04-30T23:25:37+00:00\",\"breadcrumb\":{\"@id\":\"https:\/\/omcabogados.com.pe\/es\/socio-fundador-oscar-mago\/#breadcrumb\"},\"inLanguage\":\"zh-Hans\",\"potentialAction\":[{\"@type\":\"ReadAction\",\"target\":[\"https:\/\/omcabogados.com.pe\/es\/socio-fundador-oscar-mago\/\"]}]},{\"@type\":\"ImageObject\",\"inLanguage\":\"zh-Hans\",\"@id\":\"https:\/\/omcabogados.com.pe\/es\/socio-fundador-oscar-mago\/#primaryimage\",\"url\":\"https:\/\/omcabogados.com.pe\/wp-content\/uploads\/oscar-mago-carranza-psf.jpg\",\"contentUrl\":\"https:\/\/omcabogados.com.pe\/wp-content\/uploads\/oscar-mago-carranza-psf.jpg\"},{\"@type\":\"BreadcrumbList\",\"@id\":\"https:\/\/omcabogados.com.pe\/es\/socio-fundador-oscar-mago\/#breadcrumb\",\"itemListElement\":[{\"@type\":\"ListItem\",\"position\":1,\"name\":\"Portada\",\"item\":\"https:\/\/omcabogados.com.pe\/\"},{\"@type\":\"ListItem\",\"position\":2,\"name\":\"Socio Fundador\"}]},{\"@type\":\"WebSite\",\"@id\":\"https:\/\/omcabogados.com.pe\/es\/#website\",\"url\":\"https:\/\/omcabogados.com.pe\/es\/\",\"name\":\"OMC Abogados & Consultores\",\"description\":\"\",\"publisher\":{\"@id\":\"https:\/\/omcabogados.com.pe\/es\/#organization\"},\"potentialAction\":[{\"@type\":\"SearchAction\",\"target\":{\"@type\":\"EntryPoint\",\"urlTemplate\":\"https:\/\/omcabogados.com.pe\/es\/?s={search_term_string}\"},\"query-input\":{\"@type\":\"PropertyValueSpecification\",\"valueRequired\":true,\"valueName\":\"search_term_string\"}}],\"inLanguage\":\"zh-Hans\"},{\"@type\":\"Organization\",\"@id\":\"https:\/\/omcabogados.com.pe\/es\/#organization\",\"name\":\"OMC Abogados & Consultores\",\"url\":\"https:\/\/omcabogados.com.pe\/es\/\",\"logo\":{\"@type\":\"ImageObject\",\"inLanguage\":\"zh-Hans\",\"@id\":\"https:\/\/omcabogados.com.pe\/es\/#\/schema\/logo\/image\/\",\"url\":\"https:\/\/omcabogados.com.pe\/wp-content\/uploads\/logo-omc-abogados.png\",\"contentUrl\":\"https:\/\/omcabogados.com.pe\/wp-content\/uploads\/logo-omc-abogados.png\",\"width\":210,\"height\":159,\"caption\":\"OMC Abogados & Consultores\"},\"image\":{\"@id\":\"https:\/\/omcabogados.com.pe\/es\/#\/schema\/logo\/image\/\"},\"sameAs\":[\"https:\/\/www.facebook.com\/omcabogados.consultores\/\",\"https:\/\/x.com\/omcabogadosperu\",\"https:\/\/www.linkedin.com\/company\/omc-abogados-consultores\/?viewAsMember=true\",\"https:\/\/www.instagram.com\/omcabogadosyconsultores\/\"]}]}<\/script>\n<!-- \/ Yoast SEO plugin. -->","yoast_head_json":{"title":"Socio Fundador - OMC Abogados &amp; Consultores","robots":{"index":"index","follow":"follow","max-snippet":"max-snippet:-1","max-image-preview":"max-image-preview:large","max-video-preview":"max-video-preview:-1"},"canonical":"https:\/\/omcabogados.com.pe\/zh\/socio-fundador-oscar-mago\/","og_locale":"zh_CN","og_type":"article","og_title":"Socio Fundador - OMC Abogados &amp; Consultores","og_description":"Socio Fundador PERFIL SOCIO FUNDADOR Oscar Mago Carranza Nacido en Lima en 1967. Abogado egresado de la Universidad de Lima en 1991(1) y miembro del colegio de Abogados de Lima desde 1993(2). Asisti\u00f3 a la escuela de posgrado en el Instituto Internacional de Derecho para el Desarrollo en Roma, Italia (1998)(3), donde estudi\u00f3 derecho corporativo. [&hellip;]","og_url":"https:\/\/omcabogados.com.pe\/zh\/socio-fundador-oscar-mago\/","og_site_name":"OMC Abogados &amp; Consultores","article_publisher":"https:\/\/www.facebook.com\/omcabogados.consultores\/","article_modified_time":"2024-04-30T23:25:37+00:00","og_image":[{"url":"https:\/\/omcabogados.com.pe\/wp-content\/uploads\/oscar-mago-carranza-psf.jpg","type":"","width":"","height":""}],"twitter_card":"summary_large_image","twitter_site":"@omcabogadosperu","twitter_misc":{"\u9884\u8ba1\u9605\u8bfb\u65f6\u95f4":"2 \u5206"},"schema":{"@context":"https:\/\/schema.org","@graph":[{"@type":"WebPage","@id":"https:\/\/omcabogados.com.pe\/es\/socio-fundador-oscar-mago\/","url":"https:\/\/omcabogados.com.pe\/es\/socio-fundador-oscar-mago\/","name":"Socio Fundador - OMC Abogados &amp; Consultores","isPartOf":{"@id":"https:\/\/omcabogados.com.pe\/es\/#website"},"primaryImageOfPage":{"@id":"https:\/\/omcabogados.com.pe\/es\/socio-fundador-oscar-mago\/#primaryimage"},"image":{"@id":"https:\/\/omcabogados.com.pe\/es\/socio-fundador-oscar-mago\/#primaryimage"},"thumbnailUrl":"https:\/\/omcabogados.com.pe\/wp-content\/uploads\/oscar-mago-carranza-psf.jpg","datePublished":"2019-09-11T17:18:20+00:00","dateModified":"2024-04-30T23:25:37+00:00","breadcrumb":{"@id":"https:\/\/omcabogados.com.pe\/es\/socio-fundador-oscar-mago\/#breadcrumb"},"inLanguage":"zh-Hans","potentialAction":[{"@type":"ReadAction","target":["https:\/\/omcabogados.com.pe\/es\/socio-fundador-oscar-mago\/"]}]},{"@type":"ImageObject","inLanguage":"zh-Hans","@id":"https:\/\/omcabogados.com.pe\/es\/socio-fundador-oscar-mago\/#primaryimage","url":"https:\/\/omcabogados.com.pe\/wp-content\/uploads\/oscar-mago-carranza-psf.jpg","contentUrl":"https:\/\/omcabogados.com.pe\/wp-content\/uploads\/oscar-mago-carranza-psf.jpg"},{"@type":"BreadcrumbList","@id":"https:\/\/omcabogados.com.pe\/es\/socio-fundador-oscar-mago\/#breadcrumb","itemListElement":[{"@type":"ListItem","position":1,"name":"Portada","item":"https:\/\/omcabogados.com.pe\/"},{"@type":"ListItem","position":2,"name":"Socio Fundador"}]},{"@type":"WebSite","@id":"https:\/\/omcabogados.com.pe\/es\/#website","url":"https:\/\/omcabogados.com.pe\/es\/","name":"OMC Abogados & Consultores","description":"","publisher":{"@id":"https:\/\/omcabogados.com.pe\/es\/#organization"},"potentialAction":[{"@type":"SearchAction","target":{"@type":"EntryPoint","urlTemplate":"https:\/\/omcabogados.com.pe\/es\/?s={search_term_string}"},"query-input":{"@type":"PropertyValueSpecification","valueRequired":true,"valueName":"search_term_string"}}],"inLanguage":"zh-Hans"},{"@type":"Organization","@id":"https:\/\/omcabogados.com.pe\/es\/#organization","name":"OMC Abogados & Consultores","url":"https:\/\/omcabogados.com.pe\/es\/","logo":{"@type":"ImageObject","inLanguage":"zh-Hans","@id":"https:\/\/omcabogados.com.pe\/es\/#\/schema\/logo\/image\/","url":"https:\/\/omcabogados.com.pe\/wp-content\/uploads\/logo-omc-abogados.png","contentUrl":"https:\/\/omcabogados.com.pe\/wp-content\/uploads\/logo-omc-abogados.png","width":210,"height":159,"caption":"OMC Abogados & Consultores"},"image":{"@id":"https:\/\/omcabogados.com.pe\/es\/#\/schema\/logo\/image\/"},"sameAs":["https:\/\/www.facebook.com\/omcabogados.consultores\/","https:\/\/x.com\/omcabogadosperu","https:\/\/www.linkedin.com\/company\/omc-abogados-consultores\/?viewAsMember=true","https:\/\/www.instagram.com\/omcabogadosyconsultores\/"]}]}},"rttpg_featured_image_url":null,"rttpg_author":{"display_name":"WebMasterOMC","author_link":"https:\/\/omcabogados.com.pe\/zh\/author\/webmasteromc\/"},"rttpg_comment":0,"rttpg_category":null,"rttpg_excerpt":"Socio Fundador PERFIL SOCIO FUNDADOR Oscar Mago Carranza Nacido en Lima en 1967. Abogado egresado de la Universidad de Lima en 1991(1) y miembro del colegio de Abogados de Lima desde 1993(2). Asisti\u00f3 a la escuela de posgrado en el Instituto Internacional de Derecho para el Desarrollo en Roma, Italia (1998)(3), donde estudi\u00f3 derecho corporativo.&hellip;","_links":{"self":[{"href":"https:\/\/omcabogados.com.pe\/zh\/wp-json\/wp\/v2\/pages\/174","targetHints":{"allow":["GET"]}}],"collection":[{"href":"https:\/\/omcabogados.com.pe\/zh\/wp-json\/wp\/v2\/pages"}],"about":[{"href":"https:\/\/omcabogados.com.pe\/zh\/wp-json\/wp\/v2\/types\/page"}],"author":[{"embeddable":true,"href":"https:\/\/omcabogados.com.pe\/zh\/wp-json\/wp\/v2\/users\/1"}],"replies":[{"embeddable":true,"href":"https:\/\/omcabogados.com.pe\/zh\/wp-json\/wp\/v2\/comments?post=174"}],"version-history":[{"count":282,"href":"https:\/\/omcabogados.com.pe\/zh\/wp-json\/wp\/v2\/pages\/174\/revisions"}],"predecessor-version":[{"id":13797,"href":"https:\/\/omcabogados.com.pe\/zh\/wp-json\/wp\/v2\/pages\/174\/revisions\/13797"}],"wp:attachment":[{"href":"https:\/\/omcabogados.com.pe\/zh\/wp-json\/wp\/v2\/media?parent=174"}],"curies":[{"name":"wp","href":"https:\/\/api.w.org\/{rel}","templated":true}]}}