{"id":12455,"date":"2024-03-25T11:09:54","date_gmt":"2024-03-25T16:09:54","guid":{"rendered":"https:\/\/omcabogados.com.pe\/?page_id=12455"},"modified":"2025-11-14T17:56:09","modified_gmt":"2025-11-14T22:56:09","slug":"capechi","status":"publish","type":"page","link":"https:\/\/omcabogados.com.pe\/zh\/publicaciones\/capechi\/","title":{"rendered":"Capechi"},"content":{"rendered":"<div data-elementor-type=\"wp-post\" data-elementor-id=\"12455\" class=\"elementor elementor-12455\" data-elementor-post-type=\"page\">\n\t\t\t\t\t\t<section class=\"elementor-section elementor-top-section elementor-element elementor-element-0947a9a elementor-section-height-min-height elementor-section-boxed elementor-section-height-default elementor-section-items-middle\" data-id=\"0947a9a\" data-element_type=\"section\" data-settings=\"{&quot;background_background&quot;:&quot;classic&quot;}\">\n\t\t\t\t\t\t<div class=\"elementor-container elementor-column-gap-default\">\n\t\t\t\t\t<div class=\"elementor-column elementor-col-100 elementor-top-column elementor-element elementor-element-f8eeaf1\" data-id=\"f8eeaf1\" data-element_type=\"column\">\n\t\t\t<div class=\"elementor-widget-wrap elementor-element-populated\">\n\t\t\t\t\t\t<div class=\"elementor-element elementor-element-977c432 elementor-widget elementor-widget-heading\" data-id=\"977c432\" data-element_type=\"widget\" data-widget_type=\"heading.default\">\n\t\t\t\t<div class=\"elementor-widget-container\">\n\t\t\t<h1 class=\"elementor-heading-title elementor-size-default\">\u51fa\u7248\u7269<\/h1>\t\t<\/div>\n\t\t\t\t<\/div>\n\t\t\t\t\t<\/div>\n\t\t<\/div>\n\t\t\t\t\t<\/div>\n\t\t<\/section>\n\t\t\t\t<section class=\"elementor-section elementor-top-section elementor-element elementor-element-6bacf7e7 elementor-section-boxed elementor-section-height-default elementor-section-height-default\" data-id=\"6bacf7e7\" data-element_type=\"section\">\n\t\t\t\t\t\t<div class=\"elementor-container elementor-column-gap-default\">\n\t\t\t\t\t<div class=\"elementor-column elementor-col-100 elementor-top-column elementor-element elementor-element-2deee698\" data-id=\"2deee698\" data-element_type=\"column\">\n\t\t\t<div class=\"elementor-widget-wrap elementor-element-populated\">\n\t\t\t\t\t\t<div class=\"elementor-element elementor-element-09c56ab elementor-widget elementor-widget-heading\" data-id=\"09c56ab\" data-element_type=\"widget\" data-widget_type=\"heading.default\">\n\t\t\t\t<div class=\"elementor-widget-container\">\n\t\t\t<h4 class=\"elementor-heading-title elementor-size-default\">\u51fa\u7248\u7269<\/h4>\t\t<\/div>\n\t\t\t\t<\/div>\n\t\t\t\t<div class=\"elementor-element elementor-element-0fbc396 elementor-widget elementor-widget-heading\" data-id=\"0fbc396\" data-element_type=\"widget\" data-widget_type=\"heading.default\">\n\t\t\t\t<div class=\"elementor-widget-container\">\n\t\t\t<h4 class=\"elementor-heading-title elementor-size-default\">CAPECHI<\/h4>\t\t<\/div>\n\t\t\t\t<\/div>\n\t\t\t\t<div class=\"elementor-element elementor-element-6ad16d7 elementor-widget-divider--view-line elementor-widget elementor-widget-divider\" data-id=\"6ad16d7\" data-element_type=\"widget\" data-widget_type=\"divider.default\">\n\t\t\t\t<div class=\"elementor-widget-container\">\n\t\t\t\t\t<div class=\"elementor-divider\">\n\t\t\t<span class=\"elementor-divider-separator\">\n\t\t\t\t\t\t<\/span>\n\t\t<\/div>\n\t\t\t\t<\/div>\n\t\t\t\t<\/div>\n\t\t\t\t<div class=\"elementor-element elementor-element-8594de2 elementor-widget elementor-widget-text-editor\" data-id=\"8594de2\" data-element_type=\"widget\" data-widget_type=\"text-editor.default\">\n\t\t\t\t<div class=\"elementor-widget-container\">\n\t\t\t\t\t\t\t<p>&#8211;\u00a0<a href=\"https:\/\/omcabogados.com.pe\/wp-content\/uploads\/omc-abogados-consultores-20-anos-de-trayectoria-y-compromiso-profesional-Capechi-nov-25.pdf\">OMC Abogados &amp; Consultores: 20 a\u00f1os de trayectoria y compromiso profesional, Noviembre 2025<\/a><\/p><p>&#8211;\u00a0 <a href=\"https:\/\/omcabogados.com.pe\/wp-content\/uploads\/omc-abogados-y-consultores-participo-en-la-asamblea-anual-inta-2025Julio-CAPECHITRADE.pdf\">OMC Abogados &amp; Consultores particip\u00f3 en la Asamblea Anual INTA 2025, Julio 2025<\/a><\/p><p>&#8211; <a href=\"https:\/\/omcabogados.com.pe\/wp-content\/uploads\/socio-del-area-de-derecho-corporativo-de-omc-abogados-y-consultores-participo-en-el-congreso-ovum-2024-en-uruguay-camara-de-comercio-peruano-china-capechi-29.11.24.pdf\">Socio del \u00e1rea de derecho corporativo de OMC Abogados &amp; Consultores particip\u00f3 en el congreso OVUM 2024 en Uruguay, Noviembre 2024<\/a><\/p><p><a href=\"https:\/\/omcabogados.com.pe\/wp-content\/uploads\/omc-abogados-y-consultores-presenta-a-paolo-orlandini-director-de-desarrollo-de-negocios-internacionales-capechi-16.09.2024.pdf\">&#8211; OMC Abogados &amp;\u00a0 Consultores presenta al Sr. Paolo Orlandini como su nuevo director de Desarrollo de Negocios Internacionales, Setiembre 2024<\/a><\/p><p>&#8211;\u00a0\u00a0<a href=\"https:\/\/omcabogados.com.pe\/wp-content\/uploads\/omc-abogados-y-consultores-le-mostramos-una-nueva-cara-al-mundo-capechi-18.06.2024-1.pdf\">OMC Abogados &amp; Consultores: le muestra una nueva cara al mundo, Setiembre 2024<\/a><\/p><p>&#8211; <a href=\"https:\/\/omcabogados.com.pe\/wp-content\/uploads\/mypes-acreedoras-del-estado-seran-empadronadas-capechi-febrero-2023.pdf\" target=\"_blank\" rel=\"noopener\">MYPES acreedoras del Estado ser\u00e1n empadronadas, Febrero 2023<\/a><\/p><p>&#8211; <a href=\"https:\/\/omcabogados.com.pe\/wp-content\/uploads\/registros-sanitarios-el-nuevo-servicio-que-brinda-omc-abogados-consultores-capechi-noviembre-2022.pdf\" target=\"_blank\" rel=\"noopener\">Registros Sanitarios, el nuevo servicio que brinda OMC Abogados &amp; Consultores, Noviembre 2022<\/a><\/p><p>&#8211; <a href=\"https:\/\/omcabogados.com.pe\/wp-content\/uploads\/la-mala-fe-como-impedimento-para-el-registro-de-una-marca-en-china-capechi-febrero-2021.pdf\" target=\"_blank\" rel=\"noopener\">La mala fe como impedimento para el registro de una marca en China, Febrero 2021<\/a><\/p><p>&#8211; <a href=\"https:\/\/omcabogados.com.pe\/wp-content\/uploads\/deduccion-de-impuestos-4ta-y-5ta-categoria-capechi-marzo-2019.pdf\" target=\"_blank\" rel=\"noopener\">Deducci\u00f3n de impuestos: 4ta y 5ta Categor\u00eda, Marzo 2019<\/a><\/p><p>&#8211; <a href=\"https:\/\/omcabogados.com.pe\/wp-content\/uploads\/sunat-tendra-acceso-a-informacion-financiera-de-los-contribuyentes-capechi-octubre-2018.pdf\" target=\"_blank\" rel=\"noopener\">SUNAT tendr\u00e1 acceso a informaci\u00f3n financiera de los contribuyentes, Octubre 2018<\/a><\/p><p>&#8211; <a href=\"https:\/\/omcabogados.com.pe\/wp-content\/uploads\/propiedades-no-inscritas-en-registros-publicos-deben-ser-declaradas-capechi-septiembre-2018.pdf\" target=\"_blank\" rel=\"noopener\">Propiedades no inscritas en registros p\u00fablicos deben ser declaradas, Septiembre 2018<\/a><\/p><p>&#8211; <a href=\"https:\/\/omcabogados.com.pe\/wp-content\/uploads\/sunat-emplea-la-tecnologia-en-favor-de-los-contribuyentes-capechi-agosto-2018.pdf\" target=\"_blank\" rel=\"noopener\">SUNAT emplea la tecnolog\u00eda en favor de los Contribuyentes, Agosto 2018<\/a><\/p><p>&#8211; <a href=\"https:\/\/omcabogados.com.pe\/wp-content\/uploads\/sunat-modifica-norma-para-las-emisiones-electronicas-capechi-junio-2018.pdf\" target=\"_blank\" rel=\"noopener\">SUNAT modifica norma para las emisiones electr\u00f3nicas, Junio 2018<\/a><\/p><p>&#8211; <a href=\"https:\/\/omcabogados.com.pe\/wp-content\/uploads\/entra-en-vigencia-ley-de-bancarizacion-en-el-peru-capechi-abril-2018.pdf\" target=\"_blank\" rel=\"noopener\">Entra en vigencia Ley de Bancarizaci\u00f3n en el Per\u00fa, Abril 2018<\/a><\/p>\t\t\t\t\t\t<\/div>\n\t\t\t\t<\/div>\n\t\t\t\t<div class=\"elementor-element elementor-element-ea5f09f elementor-widget elementor-widget-eael-creative-button\" data-id=\"ea5f09f\" data-element_type=\"widget\" data-widget_type=\"eael-creative-button.default\">\n\t\t\t\t<div class=\"elementor-widget-container\">\n\t\t\t        <div class=\"eael-creative-button-wrapper\">\n\n            <a class=\"eael-creative-button eael-creative-button--default\" href=\"https:\/\/omcabogados.com.pe\/zh\/publicaciones\/\" data-text=\"\">\n            \t    \n                <div class=\"creative-button-inner\">\n\n                                            <span class=\"eael-creative-button-icon-left\"><i aria-hidden=\"true\" class=\"fas fa-chevron-left\"><\/i><\/span>                    \n                    <span class=\"cretive-button-text\">Regresar<\/span>\n\n                                    <\/div>\n\t                        <\/a>\n        <\/div>\n        \t\t<\/div>\n\t\t\t\t<\/div>\n\t\t\t\t\t<\/div>\n\t\t<\/div>\n\t\t\t\t\t<\/div>\n\t\t<\/section>\n\t\t\t\t<\/div>","protected":false},"excerpt":{"rendered":"<p>Publicaciones Publicaciones CAPECHI &#8211;\u00a0OMC Abogados &amp; Consultores: 20 a\u00f1os de trayectoria y compromiso profesional, Noviembre 2025 &#8211;\u00a0 OMC Abogados &amp; Consultores particip\u00f3 en la Asamblea Anual INTA 2025, Julio 2025 &#8211; Socio del \u00e1rea de derecho corporativo de OMC Abogados &amp; Consultores particip\u00f3 en el congreso OVUM 2024 en Uruguay, Noviembre 2024 &#8211; OMC Abogados [&hellip;]<\/p>","protected":false},"author":1,"featured_media":0,"parent":11954,"menu_order":0,"comment_status":"closed","ping_status":"closed","template":"","meta":{"_vp_format_video_url":"","_vp_image_focal_point":[],"_vp_custom_popup_image":0,"_vp_format_audio_url":"","_vp_custom_thumbnail":0,"_vp_custom_thumbnail_focal_point":[],"_vp_hover_thumbnail":0,"_vp_hover_thumbnail_focal_point":[],"footnotes":""},"class_list":["post-12455","page","type-page","status-publish","hentry"],"yoast_head":"<!-- This site is optimized with the Yoast SEO plugin v27.1.1 - https:\/\/yoast.com\/product\/yoast-seo-wordpress\/ -->\n<title>Capechi - OMC Abogados &amp; Consultores<\/title>\n<meta name=\"robots\" content=\"index, follow, max-snippet:-1, max-image-preview:large, max-video-preview:-1\" \/>\n<link rel=\"canonical\" href=\"https:\/\/omcabogados.com.pe\/zh\/publicaciones\/capechi\/\" \/>\n<meta property=\"og:locale\" content=\"zh_CN\" \/>\n<meta property=\"og:type\" content=\"article\" \/>\n<meta property=\"og:title\" content=\"Capechi - OMC Abogados &amp; Consultores\" \/>\n<meta property=\"og:description\" content=\"Publicaciones Publicaciones CAPECHI &#8211;\u00a0OMC Abogados &amp; Consultores: 20 a\u00f1os de trayectoria y compromiso profesional, Noviembre 2025 &#8211;\u00a0 OMC Abogados &amp; Consultores particip\u00f3 en la Asamblea Anual INTA 2025, Julio 2025 &#8211; Socio del \u00e1rea de derecho corporativo de OMC Abogados &amp; Consultores particip\u00f3 en el congreso OVUM 2024 en Uruguay, Noviembre 2024 &#8211; OMC Abogados [&hellip;]\" \/>\n<meta property=\"og:url\" content=\"https:\/\/omcabogados.com.pe\/zh\/publicaciones\/capechi\/\" \/>\n<meta property=\"og:site_name\" content=\"OMC Abogados &amp; Consultores\" \/>\n<meta property=\"article:publisher\" content=\"https:\/\/www.facebook.com\/omcabogados.consultores\/\" \/>\n<meta property=\"article:modified_time\" content=\"2025-11-14T22:56:09+00:00\" \/>\n<meta name=\"twitter:card\" content=\"summary_large_image\" \/>\n<meta name=\"twitter:site\" content=\"@omcabogadosperu\" \/>\n<meta name=\"twitter:label1\" content=\"\u9884\u8ba1\u9605\u8bfb\u65f6\u95f4\" \/>\n\t<meta name=\"twitter:data1\" content=\"1 \u5206\" \/>\n<script type=\"application\/ld+json\" class=\"yoast-schema-graph\">{\"@context\":\"https:\/\/schema.org\",\"@graph\":[{\"@type\":\"WebPage\",\"@id\":\"https:\/\/omcabogados.com.pe\/publicaciones\/capechi\/\",\"url\":\"https:\/\/omcabogados.com.pe\/publicaciones\/capechi\/\",\"name\":\"Capechi - OMC Abogados &amp; Consultores\",\"isPartOf\":{\"@id\":\"https:\/\/omcabogados.com.pe\/es\/#website\"},\"datePublished\":\"2024-03-25T16:09:54+00:00\",\"dateModified\":\"2025-11-14T22:56:09+00:00\",\"breadcrumb\":{\"@id\":\"https:\/\/omcabogados.com.pe\/publicaciones\/capechi\/#breadcrumb\"},\"inLanguage\":\"zh-Hans\",\"potentialAction\":[{\"@type\":\"ReadAction\",\"target\":[\"https:\/\/omcabogados.com.pe\/publicaciones\/capechi\/\"]}]},{\"@type\":\"BreadcrumbList\",\"@id\":\"https:\/\/omcabogados.com.pe\/publicaciones\/capechi\/#breadcrumb\",\"itemListElement\":[{\"@type\":\"ListItem\",\"position\":1,\"name\":\"Portada\",\"item\":\"https:\/\/omcabogados.com.pe\/\"},{\"@type\":\"ListItem\",\"position\":2,\"name\":\"Publicaciones\",\"item\":\"https:\/\/omcabogados.com.pe\/es\/publicaciones\/\"},{\"@type\":\"ListItem\",\"position\":3,\"name\":\"Capechi\"}]},{\"@type\":\"WebSite\",\"@id\":\"https:\/\/omcabogados.com.pe\/es\/#website\",\"url\":\"https:\/\/omcabogados.com.pe\/es\/\",\"name\":\"OMC Abogados & Consultores\",\"description\":\"\",\"publisher\":{\"@id\":\"https:\/\/omcabogados.com.pe\/es\/#organization\"},\"potentialAction\":[{\"@type\":\"SearchAction\",\"target\":{\"@type\":\"EntryPoint\",\"urlTemplate\":\"https:\/\/omcabogados.com.pe\/es\/?s={search_term_string}\"},\"query-input\":{\"@type\":\"PropertyValueSpecification\",\"valueRequired\":true,\"valueName\":\"search_term_string\"}}],\"inLanguage\":\"zh-Hans\"},{\"@type\":\"Organization\",\"@id\":\"https:\/\/omcabogados.com.pe\/es\/#organization\",\"name\":\"OMC Abogados & Consultores\",\"url\":\"https:\/\/omcabogados.com.pe\/es\/\",\"logo\":{\"@type\":\"ImageObject\",\"inLanguage\":\"zh-Hans\",\"@id\":\"https:\/\/omcabogados.com.pe\/es\/#\/schema\/logo\/image\/\",\"url\":\"https:\/\/omcabogados.com.pe\/wp-content\/uploads\/logo-omc-abogados.png\",\"contentUrl\":\"https:\/\/omcabogados.com.pe\/wp-content\/uploads\/logo-omc-abogados.png\",\"width\":210,\"height\":159,\"caption\":\"OMC Abogados & Consultores\"},\"image\":{\"@id\":\"https:\/\/omcabogados.com.pe\/es\/#\/schema\/logo\/image\/\"},\"sameAs\":[\"https:\/\/www.facebook.com\/omcabogados.consultores\/\",\"https:\/\/x.com\/omcabogadosperu\",\"https:\/\/www.linkedin.com\/company\/omc-abogados-consultores\/?viewAsMember=true\",\"https:\/\/www.instagram.com\/omcabogadosyconsultores\/\"]}]}<\/script>\n<!-- \/ Yoast SEO plugin. -->","yoast_head_json":{"title":"Capechi - OMC Abogados &amp; Consultores","robots":{"index":"index","follow":"follow","max-snippet":"max-snippet:-1","max-image-preview":"max-image-preview:large","max-video-preview":"max-video-preview:-1"},"canonical":"https:\/\/omcabogados.com.pe\/zh\/publicaciones\/capechi\/","og_locale":"zh_CN","og_type":"article","og_title":"Capechi - OMC Abogados &amp; Consultores","og_description":"Publicaciones Publicaciones CAPECHI &#8211;\u00a0OMC Abogados &amp; Consultores: 20 a\u00f1os de trayectoria y compromiso profesional, Noviembre 2025 &#8211;\u00a0 OMC Abogados &amp; Consultores particip\u00f3 en la Asamblea Anual INTA 2025, Julio 2025 &#8211; Socio del \u00e1rea de derecho corporativo de OMC Abogados &amp; Consultores particip\u00f3 en el congreso OVUM 2024 en Uruguay, Noviembre 2024 &#8211; OMC Abogados [&hellip;]","og_url":"https:\/\/omcabogados.com.pe\/zh\/publicaciones\/capechi\/","og_site_name":"OMC Abogados &amp; Consultores","article_publisher":"https:\/\/www.facebook.com\/omcabogados.consultores\/","article_modified_time":"2025-11-14T22:56:09+00:00","twitter_card":"summary_large_image","twitter_site":"@omcabogadosperu","twitter_misc":{"\u9884\u8ba1\u9605\u8bfb\u65f6\u95f4":"1 \u5206"},"schema":{"@context":"https:\/\/schema.org","@graph":[{"@type":"WebPage","@id":"https:\/\/omcabogados.com.pe\/publicaciones\/capechi\/","url":"https:\/\/omcabogados.com.pe\/publicaciones\/capechi\/","name":"Capechi - OMC Abogados &amp; Consultores","isPartOf":{"@id":"https:\/\/omcabogados.com.pe\/es\/#website"},"datePublished":"2024-03-25T16:09:54+00:00","dateModified":"2025-11-14T22:56:09+00:00","breadcrumb":{"@id":"https:\/\/omcabogados.com.pe\/publicaciones\/capechi\/#breadcrumb"},"inLanguage":"zh-Hans","potentialAction":[{"@type":"ReadAction","target":["https:\/\/omcabogados.com.pe\/publicaciones\/capechi\/"]}]},{"@type":"BreadcrumbList","@id":"https:\/\/omcabogados.com.pe\/publicaciones\/capechi\/#breadcrumb","itemListElement":[{"@type":"ListItem","position":1,"name":"Portada","item":"https:\/\/omcabogados.com.pe\/"},{"@type":"ListItem","position":2,"name":"Publicaciones","item":"https:\/\/omcabogados.com.pe\/es\/publicaciones\/"},{"@type":"ListItem","position":3,"name":"Capechi"}]},{"@type":"WebSite","@id":"https:\/\/omcabogados.com.pe\/es\/#website","url":"https:\/\/omcabogados.com.pe\/es\/","name":"OMC Abogados & Consultores","description":"","publisher":{"@id":"https:\/\/omcabogados.com.pe\/es\/#organization"},"potentialAction":[{"@type":"SearchAction","target":{"@type":"EntryPoint","urlTemplate":"https:\/\/omcabogados.com.pe\/es\/?s={search_term_string}"},"query-input":{"@type":"PropertyValueSpecification","valueRequired":true,"valueName":"search_term_string"}}],"inLanguage":"zh-Hans"},{"@type":"Organization","@id":"https:\/\/omcabogados.com.pe\/es\/#organization","name":"OMC Abogados & Consultores","url":"https:\/\/omcabogados.com.pe\/es\/","logo":{"@type":"ImageObject","inLanguage":"zh-Hans","@id":"https:\/\/omcabogados.com.pe\/es\/#\/schema\/logo\/image\/","url":"https:\/\/omcabogados.com.pe\/wp-content\/uploads\/logo-omc-abogados.png","contentUrl":"https:\/\/omcabogados.com.pe\/wp-content\/uploads\/logo-omc-abogados.png","width":210,"height":159,"caption":"OMC Abogados & Consultores"},"image":{"@id":"https:\/\/omcabogados.com.pe\/es\/#\/schema\/logo\/image\/"},"sameAs":["https:\/\/www.facebook.com\/omcabogados.consultores\/","https:\/\/x.com\/omcabogadosperu","https:\/\/www.linkedin.com\/company\/omc-abogados-consultores\/?viewAsMember=true","https:\/\/www.instagram.com\/omcabogadosyconsultores\/"]}]}},"rttpg_featured_image_url":null,"rttpg_author":{"display_name":"WebMasterOMC","author_link":"https:\/\/omcabogados.com.pe\/zh\/author\/webmasteromc\/"},"rttpg_comment":0,"rttpg_category":null,"rttpg_excerpt":"Publicaciones Publicaciones CAPECHI &#8211;\u00a0OMC Abogados &amp; Consultores: 20 a\u00f1os de trayectoria y compromiso profesional, Noviembre 2025 &#8211;\u00a0 OMC Abogados &amp; Consultores particip\u00f3 en la Asamblea Anual INTA 2025, Julio 2025 &#8211; Socio del \u00e1rea de derecho corporativo de OMC Abogados &amp; Consultores particip\u00f3 en el congreso OVUM 2024 en Uruguay, Noviembre 2024 &#8211; OMC Abogados&hellip;","_links":{"self":[{"href":"https:\/\/omcabogados.com.pe\/zh\/wp-json\/wp\/v2\/pages\/12455","targetHints":{"allow":["GET"]}}],"collection":[{"href":"https:\/\/omcabogados.com.pe\/zh\/wp-json\/wp\/v2\/pages"}],"about":[{"href":"https:\/\/omcabogados.com.pe\/zh\/wp-json\/wp\/v2\/types\/page"}],"author":[{"embeddable":true,"href":"https:\/\/omcabogados.com.pe\/zh\/wp-json\/wp\/v2\/users\/1"}],"replies":[{"embeddable":true,"href":"https:\/\/omcabogados.com.pe\/zh\/wp-json\/wp\/v2\/comments?post=12455"}],"version-history":[{"count":61,"href":"https:\/\/omcabogados.com.pe\/zh\/wp-json\/wp\/v2\/pages\/12455\/revisions"}],"predecessor-version":[{"id":16530,"href":"https:\/\/omcabogados.com.pe\/zh\/wp-json\/wp\/v2\/pages\/12455\/revisions\/16530"}],"up":[{"embeddable":true,"href":"https:\/\/omcabogados.com.pe\/zh\/wp-json\/wp\/v2\/pages\/11954"}],"wp:attachment":[{"href":"https:\/\/omcabogados.com.pe\/zh\/wp-json\/wp\/v2\/media?parent=12455"}],"curies":[{"name":"wp","href":"https:\/\/api.w.org\/{rel}","templated":true}]}}