{"id":9979,"date":"2024-01-29T18:08:54","date_gmt":"2024-01-29T23:08:54","guid":{"rendered":"https:\/\/omcabogados.com.pe\/?page_id=9979"},"modified":"2024-12-19T14:08:46","modified_gmt":"2024-12-19T19:08:46","slug":"historias","status":"publish","type":"page","link":"https:\/\/omcabogados.com.pe\/es\/historias\/","title":{"rendered":"Historias"},"content":{"rendered":"\t\t<div data-elementor-type=\"wp-post\" data-elementor-id=\"9979\" class=\"elementor elementor-9979\" data-elementor-post-type=\"page\">\n\t\t\t\t\t\t<section class=\"elementor-section elementor-top-section elementor-element elementor-element-0947a9a elementor-section-height-min-height elementor-section-boxed elementor-section-height-default elementor-section-items-middle\" data-id=\"0947a9a\" data-element_type=\"section\" data-settings=\"{&quot;background_background&quot;:&quot;classic&quot;}\">\n\t\t\t\t\t\t<div class=\"elementor-container elementor-column-gap-default\">\n\t\t\t\t\t<div class=\"elementor-column elementor-col-100 elementor-top-column elementor-element elementor-element-f8eeaf1\" data-id=\"f8eeaf1\" data-element_type=\"column\">\n\t\t\t<div class=\"elementor-widget-wrap elementor-element-populated\">\n\t\t\t\t\t\t<div class=\"elementor-element elementor-element-977c432 elementor-widget elementor-widget-heading\" data-id=\"977c432\" data-element_type=\"widget\" data-widget_type=\"heading.default\">\n\t\t\t\t<div class=\"elementor-widget-container\">\n\t\t\t<h1 class=\"elementor-heading-title elementor-size-default\">Casos de \u00c9xito<\/h1>\t\t<\/div>\n\t\t\t\t<\/div>\n\t\t\t\t\t<\/div>\n\t\t<\/div>\n\t\t\t\t\t<\/div>\n\t\t<\/section>\n\t\t\t\t<section class=\"elementor-section elementor-top-section elementor-element elementor-element-6bacf7e7 elementor-section-boxed elementor-section-height-default elementor-section-height-default\" data-id=\"6bacf7e7\" data-element_type=\"section\">\n\t\t\t\t\t\t<div class=\"elementor-container elementor-column-gap-default\">\n\t\t\t\t\t<div class=\"elementor-column elementor-col-100 elementor-top-column elementor-element elementor-element-2deee698\" data-id=\"2deee698\" data-element_type=\"column\">\n\t\t\t<div class=\"elementor-widget-wrap elementor-element-populated\">\n\t\t\t\t\t\t<div class=\"elementor-element elementor-element-69ba6ad elementor-widget elementor-widget-heading\" data-id=\"69ba6ad\" data-element_type=\"widget\" data-widget_type=\"heading.default\">\n\t\t\t\t<div class=\"elementor-widget-container\">\n\t\t\t<h4 class=\"elementor-heading-title elementor-size-default\">HISTORIAS<\/h4>\t\t<\/div>\n\t\t\t\t<\/div>\n\t\t\t\t<div class=\"elementor-element elementor-element-08280be elementor-widget elementor-widget-spacer\" data-id=\"08280be\" data-element_type=\"widget\" data-widget_type=\"spacer.default\">\n\t\t\t\t<div class=\"elementor-widget-container\">\n\t\t\t\t\t<div class=\"elementor-spacer\">\n\t\t\t<div class=\"elementor-spacer-inner\"><\/div>\n\t\t<\/div>\n\t\t\t\t<\/div>\n\t\t\t\t<\/div>\n\t\t\t\t<div class=\"elementor-element elementor-element-b6b8a40 gt3-testimonials-perline1 elementor-widget elementor-widget-gt3-core-TestimonialsLite\" data-id=\"b6b8a40\" data-element_type=\"widget\" data-widget_type=\"gt3-core-TestimonialsLite.default\">\n\t\t\t\t<div class=\"elementor-widget-container\">\n\t\t\t\t<div class=\"gt3_testimonial active-carousel items_per_line-1 author_position-around image_position-aside nav-arrows\" data-quote-src=\"https:\/\/omcabogados.com.pe\/wp-content\/plugins\/gt3-themes-core\/core\/elementor\/assets\/image\/quote.png\" data-settings=\"{&quot;fade&quot;:false,&quot;autoplay&quot;:false,&quot;items_per_line&quot;:1,&quot;autoplaySpeed&quot;:6000,&quot;dots&quot;:false,&quot;arrows&quot;:true,&quot;l10n&quot;:{&quot;prev&quot;:&quot;Prev&quot;,&quot;next&quot;:&quot;Next&quot;}}\">\r\n\t\t<div class=\"module_content testimonials_list\">\r\n\t\t\t\t\t\t<div class=\"testimonials_rotator\">\r\n\t\t\t\t                    <div class=\"testimonials_item\" style=\"\">\r\n\t\t\t\t\t\t<div class=\"testimonial_item_wrapper\" style=\"position: relative\">\r\n\t\t\t\t\t\t\t<div class=\"testimonials_content\">\r\n\t\t\t\t\t\t\t\t<div class=\"testimonials_author_wrapper\"><\/div><div class=\"testimonials-text\"><div class=\"testimonials-text-wrapper\"><p>Tuvimos un problema con una empresa colombiana debido a un contrato que nos obligaba a realizar pagos peri\u00f3dicos por nuestra participaci\u00f3n en el uso de una propiedad vacacional durante un periodo determinado. A pesar de que decidimos dar por concluido el acuerdo, el contrato conten\u00eda cl\u00e1usulas leoninas y desproporcionadas a favor de la empresa colombiana, lo que imped\u00eda su resoluci\u00f3n. Acudimos a la asesor\u00eda de la firma <strong style=\"color: #217021;\">OMC Abogados &amp; Consultores<\/strong>, quienes con el apoyo de su firma asociada en Colombia, y tras sendas reuniones con los abogados de la parte contraria, lograron no solo la resoluci\u00f3n del contrato, sino tambi\u00e9n la restituci\u00f3n de la totalidad de lo pagado. Cabe destacar que quedamos muy satisfechos con los servicios de la firma, a quienes no dudamos en recomendar tanto en Per\u00fa como en otros pa\u00edses de Am\u00e9rica donde tienen presencia.<\/p><h5 style=\"color: #217021;\">Cliente:\u00a0 Cl\u00ednica INMATER<br \/>Rubro: Servicios m\u00e9dicos<br \/>Gerente:\u00a0Dr. Marcelo Velit.<br \/>Caso: Resoluci\u00f3n de contrato.<\/h5><\/div><\/div><div class=\"testimonials_author_wrapper\"><\/div>\t\t\t\t\t\t\t<\/div>\r\n\t\t\t\t\t\t<\/div>\r\n\t\t\t\t\t<\/div>\r\n\t\t\t\t                    <div class=\"testimonials_item\" style=\"display: none;\">\r\n\t\t\t\t\t\t<div class=\"testimonial_item_wrapper\" style=\"position: relative\">\r\n\t\t\t\t\t\t\t<div class=\"testimonials_content\">\r\n\t\t\t\t\t\t\t\t<div class=\"testimonials_author_wrapper\"><\/div><div class=\"testimonials-text\"><div class=\"testimonials-text-wrapper\"><p>Tuvimos un error de producci\u00f3n y nos vimos frente a un potencial problema grande. Sin embargo, Oscar\u00a0y su equipo nos ayudaron a manejar muy bien la situaci\u00f3n y hemos podido solucionarlo de la mejor manera. Nos han dado mucha confianza y tranquilidad durante todo el proceso, se notan los a\u00f1os de experiencia y el conocimiento del sistema legal peruano.<\/p><p>Estamos muy contentos y tranquilos con ellos como nuestros representantes legales.<\/p><h5 style=\"color: #217021;\">Cliente: AMARU SUPERFOODS SAC<br \/>Rubro: Comercio de Alimentos &amp; Bebidas<br \/>Gerente: Mateo Ru\u00edz Lanata.<br \/>Caso: Prevenci\u00f3n de potencial problema.<\/h5><\/div><\/div><div class=\"testimonials_author_wrapper\"><\/div>\t\t\t\t\t\t\t<\/div>\r\n\t\t\t\t\t\t<\/div>\r\n\t\t\t\t\t<\/div>\r\n\t\t\t\t                    <div class=\"testimonials_item\" style=\"display: none;\">\r\n\t\t\t\t\t\t<div class=\"testimonial_item_wrapper\" style=\"position: relative\">\r\n\t\t\t\t\t\t\t<div class=\"testimonials_content\">\r\n\t\t\t\t\t\t\t\t<div class=\"testimonials_author_wrapper\"><\/div><div class=\"testimonials-text\"><div class=\"testimonials-text-wrapper\"><p>Tuvimos un lamentable incidente donde, por temas administrativos y t\u00e9cnicos, se publicaron precios errados en una p\u00e1gina web importante del pa\u00eds. Esto ocasion\u00f3 que casi 60 clientes compraran productos con precios errados, muy por debajo de su valor real, en muchos de los casos se pudo conversar con cada cliente para explicarles el problema y se pudo resolver el inconveniente, sin embargo, en algunos pocos casos hubo algunos clientes que, de manera inescrupulosa, quisieron sorprender a la autoridad y sacar provecho de lo sucedido.<\/p><p>Para estos casos acudimos a la asesor\u00eda y apoyo del Estudio <strong style=\"color: #217021;\">\"OMC ABOGADOS &amp; CONSULTORES\"<\/strong>, liderado por el Dr. Oscar Mago, que de una manera muy paciente y con mucho conocimiento en la legislaci\u00f3n y sus procedimientos, nos apoyaron por m\u00e1s de a\u00f1o y medio, logrando resultados satisfactorios y muy beneficiosos para el bienestar de nuestra empresa.<\/p><p>Agradecemos y recomendamos al estudio \"<strong style=\"color: #217021;\">OMC ABOGADOS &amp; CONSULTORES<\/strong>\" por su gran labor y equipo de profesionales que lo integran.<\/p><h5 style=\"color: #217021;\">Cliente: SPORTS PLANET LATINOAMERICA SAC<br \/>Rubro: Comercio<br \/>Gerente General: John Hartley<br \/>Caso: Precios errados en plataformas digitales<\/h5><\/div><\/div><div class=\"testimonials_author_wrapper\"><\/div>\t\t\t\t\t\t\t<\/div>\r\n\t\t\t\t\t\t<\/div>\r\n\t\t\t\t\t<\/div>\r\n\t\t\t\t                    <div class=\"testimonials_item\" style=\"display: none;\">\r\n\t\t\t\t\t\t<div class=\"testimonial_item_wrapper\" style=\"position: relative\">\r\n\t\t\t\t\t\t\t<div class=\"testimonials_content\">\r\n\t\t\t\t\t\t\t\t<div class=\"testimonials_author_wrapper\"><\/div><div class=\"testimonials-text\"><div class=\"testimonials-text-wrapper\"><p>Como personaje p\u00fablico y gerente de una productora de televisi\u00f3n y espect\u00e1culos, debo lidiar diariamente con asuntos legales de todo tipo, que van desde la constituci\u00f3n de la empresa hasta la negociaci\u00f3n de contratos comerciales y de imagen. Por este motivo, desde hace m\u00e1s de 15 a\u00f1os cuento con los servicios legales de <strong style=\"color: #217021;\">OMC ABOGADOS &amp; CONSULTORES,<\/strong> quienes velan por mis intereses y resuelven de manera satisfactoria los problemas que se van presentando en el d\u00eda a d\u00eda. No puedo estar m\u00e1s satisfecho con el trabajo que realizan.<\/p><h5>\u00a0<\/h5><h5 style=\"color: #217021;\">Cliente: Omar Ru\u00edz de Somocurcio<br \/>Rubro: Televisi\u00f3n y entretenimiento<br \/>Puesto: Gerente General<br \/>Empresa: PODIUM ENTERTAINMENT SAC<\/h5><\/div><\/div><div class=\"testimonials_author_wrapper\"><\/div>\t\t\t\t\t\t\t<\/div>\r\n\t\t\t\t\t\t<\/div>\r\n\t\t\t\t\t<\/div>\r\n\t\t\t\t\t\t\t<\/div>\t\t\t<div class=\"clear\"><\/div>\r\n\t\t<\/div>\r\n\t<\/div>\r\n\r\n<script type=\"application\/json\" id=\"settings--b6b8a40\">{\"fade\":false,\"autoplay\":false,\"items_per_line\":1,\"autoplaySpeed\":6000,\"dots\":false,\"arrows\":true,\"l10n\":{\"prev\":\"Prev\",\"next\":\"Next\"}}<\/script>\t\t<\/div>\n\t\t\t\t<\/div>\n\t\t\t\t\t<\/div>\n\t\t<\/div>\n\t\t\t\t\t<\/div>\n\t\t<\/section>\n\t\t\t\t<section class=\"elementor-section elementor-top-section elementor-element elementor-element-fe4cbad elementor-section-boxed elementor-section-height-default elementor-section-height-default\" data-id=\"fe4cbad\" data-element_type=\"section\">\n\t\t\t\t\t\t<div class=\"elementor-container elementor-column-gap-default\">\n\t\t\t\t\t<div class=\"elementor-column elementor-col-100 elementor-top-column elementor-element elementor-element-d7f3838\" data-id=\"d7f3838\" data-element_type=\"column\">\n\t\t\t<div class=\"elementor-widget-wrap elementor-element-populated\">\n\t\t\t\t\t\t<section class=\"elementor-section elementor-inner-section elementor-element elementor-element-ddb07cd elementor-section-boxed elementor-section-height-default elementor-section-height-default\" data-id=\"ddb07cd\" data-element_type=\"section\">\n\t\t\t\t\t\t<div class=\"elementor-container elementor-column-gap-default\">\n\t\t\t\t\t<div class=\"elementor-column elementor-col-50 elementor-inner-column elementor-element elementor-element-faee108\" data-id=\"faee108\" data-element_type=\"column\">\n\t\t\t<div class=\"elementor-widget-wrap\">\n\t\t\t\t\t\t\t<\/div>\n\t\t<\/div>\n\t\t\t\t<div class=\"elementor-column elementor-col-50 elementor-inner-column elementor-element elementor-element-a88d15d\" data-id=\"a88d15d\" data-element_type=\"column\">\n\t\t\t<div class=\"elementor-widget-wrap\">\n\t\t\t\t\t\t\t<\/div>\n\t\t<\/div>\n\t\t\t\t\t<\/div>\n\t\t<\/section>\n\t\t\t\t\t<\/div>\n\t\t<\/div>\n\t\t\t\t\t<\/div>\n\t\t<\/section>\n\t\t\t\t<\/div>\n\t\t","protected":false},"excerpt":{"rendered":"<p>Casos de \u00c9xito HISTORIAS Tuvimos un problema con una empresa colombiana debido a un contrato que nos obligaba a realizar pagos peri\u00f3dicos por nuestra participaci\u00f3n en el uso de una propiedad vacacional durante un periodo determinado. A pesar de que decidimos dar por concluido el acuerdo, el contrato conten\u00eda cl\u00e1usulas leoninas y desproporcionadas a favor [&hellip;]<\/p>\n","protected":false},"author":1,"featured_media":0,"parent":0,"menu_order":0,"comment_status":"closed","ping_status":"closed","template":"","meta":{"_vp_format_video_url":"","_vp_image_focal_point":[],"_vp_custom_popup_image":0,"_vp_format_audio_url":"","_vp_custom_thumbnail":0,"_vp_custom_thumbnail_focal_point":[],"_vp_hover_thumbnail":0,"_vp_hover_thumbnail_focal_point":[],"footnotes":""},"class_list":["post-9979","page","type-page","status-publish","hentry"],"yoast_head":"<!-- This site is optimized with the Yoast SEO plugin v27.5 - https:\/\/yoast.com\/product\/yoast-seo-wordpress\/ -->\n<title>Historias - OMC Abogados &amp; Consultores<\/title>\n<meta name=\"robots\" content=\"index, follow, max-snippet:-1, max-image-preview:large, max-video-preview:-1\" \/>\n<link rel=\"canonical\" href=\"https:\/\/omcabogados.com.pe\/es\/historias\/\" \/>\n<meta property=\"og:locale\" content=\"es_ES\" \/>\n<meta property=\"og:type\" content=\"article\" \/>\n<meta property=\"og:title\" content=\"Historias - OMC Abogados &amp; Consultores\" \/>\n<meta property=\"og:description\" content=\"Casos de \u00c9xito HISTORIAS Tuvimos un problema con una empresa colombiana debido a un contrato que nos obligaba a realizar pagos peri\u00f3dicos por nuestra participaci\u00f3n en el uso de una propiedad vacacional durante un periodo determinado. A pesar de que decidimos dar por concluido el acuerdo, el contrato conten\u00eda cl\u00e1usulas leoninas y desproporcionadas a favor [&hellip;]\" \/>\n<meta property=\"og:url\" content=\"https:\/\/omcabogados.com.pe\/es\/historias\/\" \/>\n<meta property=\"og:site_name\" content=\"OMC Abogados &amp; Consultores\" \/>\n<meta property=\"article:publisher\" content=\"https:\/\/www.facebook.com\/omcabogados.consultores\/\" \/>\n<meta property=\"article:modified_time\" content=\"2024-12-19T19:08:46+00:00\" \/>\n<meta name=\"twitter:card\" content=\"summary_large_image\" \/>\n<meta name=\"twitter:site\" content=\"@omcabogadosperu\" \/>\n<meta name=\"twitter:label1\" content=\"Tiempo de lectura\" \/>\n\t<meta name=\"twitter:data1\" content=\"6 minutos\" \/>\n<script type=\"application\/ld+json\" class=\"yoast-schema-graph\">{\"@context\":\"https:\\\/\\\/schema.org\",\"@graph\":[{\"@type\":\"WebPage\",\"@id\":\"https:\\\/\\\/omcabogados.com.pe\\\/es\\\/historias\\\/\",\"url\":\"https:\\\/\\\/omcabogados.com.pe\\\/es\\\/historias\\\/\",\"name\":\"Historias - OMC Abogados &amp; Consultores\",\"isPartOf\":{\"@id\":\"https:\\\/\\\/omcabogados.com.pe\\\/es\\\/#website\"},\"datePublished\":\"2024-01-29T23:08:54+00:00\",\"dateModified\":\"2024-12-19T19:08:46+00:00\",\"breadcrumb\":{\"@id\":\"https:\\\/\\\/omcabogados.com.pe\\\/es\\\/historias\\\/#breadcrumb\"},\"inLanguage\":\"es\",\"potentialAction\":[{\"@type\":\"ReadAction\",\"target\":[\"https:\\\/\\\/omcabogados.com.pe\\\/es\\\/historias\\\/\"]}]},{\"@type\":\"BreadcrumbList\",\"@id\":\"https:\\\/\\\/omcabogados.com.pe\\\/es\\\/historias\\\/#breadcrumb\",\"itemListElement\":[{\"@type\":\"ListItem\",\"position\":1,\"name\":\"Portada\",\"item\":\"https:\\\/\\\/omcabogados.com.pe\\\/\"},{\"@type\":\"ListItem\",\"position\":2,\"name\":\"Historias\"}]},{\"@type\":\"WebSite\",\"@id\":\"https:\\\/\\\/omcabogados.com.pe\\\/es\\\/#website\",\"url\":\"https:\\\/\\\/omcabogados.com.pe\\\/es\\\/\",\"name\":\"OMC Abogados & Consultores\",\"description\":\"\",\"publisher\":{\"@id\":\"https:\\\/\\\/omcabogados.com.pe\\\/es\\\/#organization\"},\"potentialAction\":[{\"@type\":\"SearchAction\",\"target\":{\"@type\":\"EntryPoint\",\"urlTemplate\":\"https:\\\/\\\/omcabogados.com.pe\\\/es\\\/?s={search_term_string}\"},\"query-input\":{\"@type\":\"PropertyValueSpecification\",\"valueRequired\":true,\"valueName\":\"search_term_string\"}}],\"inLanguage\":\"es\"},{\"@type\":\"Organization\",\"@id\":\"https:\\\/\\\/omcabogados.com.pe\\\/es\\\/#organization\",\"name\":\"OMC Abogados & Consultores\",\"url\":\"https:\\\/\\\/omcabogados.com.pe\\\/es\\\/\",\"logo\":{\"@type\":\"ImageObject\",\"inLanguage\":\"es\",\"@id\":\"https:\\\/\\\/omcabogados.com.pe\\\/es\\\/#\\\/schema\\\/logo\\\/image\\\/\",\"url\":\"https:\\\/\\\/omcabogados.com.pe\\\/wp-content\\\/uploads\\\/logo-omc-abogados.png\",\"contentUrl\":\"https:\\\/\\\/omcabogados.com.pe\\\/wp-content\\\/uploads\\\/logo-omc-abogados.png\",\"width\":210,\"height\":159,\"caption\":\"OMC Abogados & Consultores\"},\"image\":{\"@id\":\"https:\\\/\\\/omcabogados.com.pe\\\/es\\\/#\\\/schema\\\/logo\\\/image\\\/\"},\"sameAs\":[\"https:\\\/\\\/www.facebook.com\\\/omcabogados.consultores\\\/\",\"https:\\\/\\\/x.com\\\/omcabogadosperu\",\"https:\\\/\\\/www.linkedin.com\\\/company\\\/omc-abogados-consultores\\\/?viewAsMember=true\",\"https:\\\/\\\/www.instagram.com\\\/omcabogadosyconsultores\\\/\"]}]}<\/script>\n<!-- \/ Yoast SEO plugin. -->","yoast_head_json":{"title":"Historias - OMC Abogados &amp; Consultores","robots":{"index":"index","follow":"follow","max-snippet":"max-snippet:-1","max-image-preview":"max-image-preview:large","max-video-preview":"max-video-preview:-1"},"canonical":"https:\/\/omcabogados.com.pe\/es\/historias\/","og_locale":"es_ES","og_type":"article","og_title":"Historias - OMC Abogados &amp; Consultores","og_description":"Casos de \u00c9xito HISTORIAS Tuvimos un problema con una empresa colombiana debido a un contrato que nos obligaba a realizar pagos peri\u00f3dicos por nuestra participaci\u00f3n en el uso de una propiedad vacacional durante un periodo determinado. A pesar de que decidimos dar por concluido el acuerdo, el contrato conten\u00eda cl\u00e1usulas leoninas y desproporcionadas a favor [&hellip;]","og_url":"https:\/\/omcabogados.com.pe\/es\/historias\/","og_site_name":"OMC Abogados &amp; Consultores","article_publisher":"https:\/\/www.facebook.com\/omcabogados.consultores\/","article_modified_time":"2024-12-19T19:08:46+00:00","twitter_card":"summary_large_image","twitter_site":"@omcabogadosperu","twitter_misc":{"Tiempo de lectura":"6 minutos"},"schema":{"@context":"https:\/\/schema.org","@graph":[{"@type":"WebPage","@id":"https:\/\/omcabogados.com.pe\/es\/historias\/","url":"https:\/\/omcabogados.com.pe\/es\/historias\/","name":"Historias - OMC Abogados &amp; Consultores","isPartOf":{"@id":"https:\/\/omcabogados.com.pe\/es\/#website"},"datePublished":"2024-01-29T23:08:54+00:00","dateModified":"2024-12-19T19:08:46+00:00","breadcrumb":{"@id":"https:\/\/omcabogados.com.pe\/es\/historias\/#breadcrumb"},"inLanguage":"es","potentialAction":[{"@type":"ReadAction","target":["https:\/\/omcabogados.com.pe\/es\/historias\/"]}]},{"@type":"BreadcrumbList","@id":"https:\/\/omcabogados.com.pe\/es\/historias\/#breadcrumb","itemListElement":[{"@type":"ListItem","position":1,"name":"Portada","item":"https:\/\/omcabogados.com.pe\/"},{"@type":"ListItem","position":2,"name":"Historias"}]},{"@type":"WebSite","@id":"https:\/\/omcabogados.com.pe\/es\/#website","url":"https:\/\/omcabogados.com.pe\/es\/","name":"OMC Abogados & Consultores","description":"","publisher":{"@id":"https:\/\/omcabogados.com.pe\/es\/#organization"},"potentialAction":[{"@type":"SearchAction","target":{"@type":"EntryPoint","urlTemplate":"https:\/\/omcabogados.com.pe\/es\/?s={search_term_string}"},"query-input":{"@type":"PropertyValueSpecification","valueRequired":true,"valueName":"search_term_string"}}],"inLanguage":"es"},{"@type":"Organization","@id":"https:\/\/omcabogados.com.pe\/es\/#organization","name":"OMC Abogados & Consultores","url":"https:\/\/omcabogados.com.pe\/es\/","logo":{"@type":"ImageObject","inLanguage":"es","@id":"https:\/\/omcabogados.com.pe\/es\/#\/schema\/logo\/image\/","url":"https:\/\/omcabogados.com.pe\/wp-content\/uploads\/logo-omc-abogados.png","contentUrl":"https:\/\/omcabogados.com.pe\/wp-content\/uploads\/logo-omc-abogados.png","width":210,"height":159,"caption":"OMC Abogados & Consultores"},"image":{"@id":"https:\/\/omcabogados.com.pe\/es\/#\/schema\/logo\/image\/"},"sameAs":["https:\/\/www.facebook.com\/omcabogados.consultores\/","https:\/\/x.com\/omcabogadosperu","https:\/\/www.linkedin.com\/company\/omc-abogados-consultores\/?viewAsMember=true","https:\/\/www.instagram.com\/omcabogadosyconsultores\/"]}]}},"rttpg_featured_image_url":null,"rttpg_author":{"display_name":"WebMasterOMC","author_link":"https:\/\/omcabogados.com.pe\/es\/author\/webmasteromc\/"},"rttpg_comment":0,"rttpg_category":null,"rttpg_excerpt":"Casos de \u00c9xito HISTORIAS Tuvimos un problema con una empresa colombiana debido a un contrato que nos obligaba a realizar pagos peri\u00f3dicos por nuestra participaci\u00f3n en el uso de una propiedad vacacional durante un periodo determinado. A pesar de que decidimos dar por concluido el acuerdo, el contrato conten\u00eda cl\u00e1usulas leoninas y desproporcionadas a favor&hellip;","_links":{"self":[{"href":"https:\/\/omcabogados.com.pe\/es\/wp-json\/wp\/v2\/pages\/9979","targetHints":{"allow":["GET"]}}],"collection":[{"href":"https:\/\/omcabogados.com.pe\/es\/wp-json\/wp\/v2\/pages"}],"about":[{"href":"https:\/\/omcabogados.com.pe\/es\/wp-json\/wp\/v2\/types\/page"}],"author":[{"embeddable":true,"href":"https:\/\/omcabogados.com.pe\/es\/wp-json\/wp\/v2\/users\/1"}],"replies":[{"embeddable":true,"href":"https:\/\/omcabogados.com.pe\/es\/wp-json\/wp\/v2\/comments?post=9979"}],"version-history":[{"count":55,"href":"https:\/\/omcabogados.com.pe\/es\/wp-json\/wp\/v2\/pages\/9979\/revisions"}],"predecessor-version":[{"id":15327,"href":"https:\/\/omcabogados.com.pe\/es\/wp-json\/wp\/v2\/pages\/9979\/revisions\/15327"}],"wp:attachment":[{"href":"https:\/\/omcabogados.com.pe\/es\/wp-json\/wp\/v2\/media?parent=9979"}],"curies":[{"name":"wp","href":"https:\/\/api.w.org\/{rel}","templated":true}]}}