{"id":13922,"date":"2024-05-09T12:35:49","date_gmt":"2024-05-09T17:35:49","guid":{"rendered":"https:\/\/omcabogados.com.pe\/?page_id=13922"},"modified":"2025-10-09T19:46:55","modified_gmt":"2025-10-10T00:46:55","slug":"lider-legal","status":"publish","type":"page","link":"https:\/\/omcabogados.com.pe\/es\/publicaciones\/lider-legal\/","title":{"rendered":"L\u00edder Legal"},"content":{"rendered":"\t\t<div data-elementor-type=\"wp-post\" data-elementor-id=\"13922\" class=\"elementor elementor-13922\" data-elementor-post-type=\"page\">\n\t\t\t\t\t\t<section class=\"elementor-section elementor-top-section elementor-element elementor-element-0947a9a elementor-section-height-min-height elementor-section-boxed elementor-section-height-default elementor-section-items-middle\" data-id=\"0947a9a\" data-element_type=\"section\" data-settings=\"{&quot;background_background&quot;:&quot;classic&quot;}\">\n\t\t\t\t\t\t<div class=\"elementor-container elementor-column-gap-default\">\n\t\t\t\t\t<div class=\"elementor-column elementor-col-100 elementor-top-column elementor-element elementor-element-f8eeaf1\" data-id=\"f8eeaf1\" data-element_type=\"column\">\n\t\t\t<div class=\"elementor-widget-wrap elementor-element-populated\">\n\t\t\t\t\t\t<div class=\"elementor-element elementor-element-977c432 elementor-widget elementor-widget-heading\" data-id=\"977c432\" data-element_type=\"widget\" data-widget_type=\"heading.default\">\n\t\t\t\t<div class=\"elementor-widget-container\">\n\t\t\t<h1 class=\"elementor-heading-title elementor-size-default\">Publicaciones<\/h1>\t\t<\/div>\n\t\t\t\t<\/div>\n\t\t\t\t\t<\/div>\n\t\t<\/div>\n\t\t\t\t\t<\/div>\n\t\t<\/section>\n\t\t\t\t<section class=\"elementor-section elementor-top-section elementor-element elementor-element-6bacf7e7 elementor-section-boxed elementor-section-height-default elementor-section-height-default\" data-id=\"6bacf7e7\" data-element_type=\"section\">\n\t\t\t\t\t\t<div class=\"elementor-container elementor-column-gap-default\">\n\t\t\t\t\t<div class=\"elementor-column elementor-col-100 elementor-top-column elementor-element elementor-element-2deee698\" data-id=\"2deee698\" data-element_type=\"column\">\n\t\t\t<div class=\"elementor-widget-wrap elementor-element-populated\">\n\t\t\t\t\t\t<div class=\"elementor-element elementor-element-09c56ab elementor-widget elementor-widget-heading\" data-id=\"09c56ab\" data-element_type=\"widget\" data-widget_type=\"heading.default\">\n\t\t\t\t<div class=\"elementor-widget-container\">\n\t\t\t<h4 class=\"elementor-heading-title elementor-size-default\">Publicaciones<\/h4>\t\t<\/div>\n\t\t\t\t<\/div>\n\t\t\t\t<div class=\"elementor-element elementor-element-48ff4f1 elementor-widget elementor-widget-heading\" data-id=\"48ff4f1\" data-element_type=\"widget\" data-widget_type=\"heading.default\">\n\t\t\t\t<div class=\"elementor-widget-container\">\n\t\t\t<h4 class=\"elementor-heading-title elementor-size-default\">LIDER LEGAL<\/h4>\t\t<\/div>\n\t\t\t\t<\/div>\n\t\t\t\t<div class=\"elementor-element elementor-element-1cd97e1 elementor-widget-divider--view-line elementor-widget elementor-widget-divider\" data-id=\"1cd97e1\" data-element_type=\"widget\" data-widget_type=\"divider.default\">\n\t\t\t\t<div class=\"elementor-widget-container\">\n\t\t\t\t\t<div class=\"elementor-divider\">\n\t\t\t<span class=\"elementor-divider-separator\">\n\t\t\t\t\t\t<\/span>\n\t\t<\/div>\n\t\t\t\t<\/div>\n\t\t\t\t<\/div>\n\t\t\t\t<div class=\"elementor-element elementor-element-8594de2 elementor-widget elementor-widget-text-editor\" data-id=\"8594de2\" data-element_type=\"widget\" data-widget_type=\"text-editor.default\">\n\t\t\t\t<div class=\"elementor-widget-container\">\n\t\t\t\t\t\t\t<p>\u2014 <a href=\"https:\/\/omcabogados.com.pe\/wp-content\/uploads\/lo-blanco-lujoso-premium.pdf\">Lo Blanco, Lujoso y Premium, junio 2025<\/a><\/p><p><a href=\"https:\/\/omcabogados.com.pe\/wp-content\/uploads\/cancelacion-por-falta-de-uso-una-estrategia-no-siempre-infalible-LiderLegal-21.04.25.pdf\">\u2014 Cancelaci\u00f3n por falta de uso: Una estrategia no siempre infalible , abril 2025<\/a><\/p><p>\u2014<a href=\"https:\/\/omcabogados.com.pe\/wp-content\/uploads\/kelly-sanchez-de-omc-abogados-mi-camino-no-ha-estado-marcado-por-una-barrera-de-genero-Lider-Legal-Marzo2025.pdf\"> Entrevista a Kelly S\u00e1nchez: Mi camino no ha estado marcado por una barrera de g\u00e9nero<\/a>\u2026 <a href=\"https:\/\/omcabogados.com.pe\/wp-content\/uploads\/la-publicidad-comparativa-subjetiva-\u00bfenemigo-o-aliado-de-la-competencia-Lider-Legal-16.01.25.pdf\">, marzo 2025<\/a><\/p><p>\u2014\u00a0<a href=\"https:\/\/omcabogados.com.pe\/wp-content\/uploads\/la-publicidad-comparativa-subjetiva-\u00bfenemigo-o-aliado-de-la-competencia-Lider-Legal-16.01.25.pdf\">La publicidad comparativa subjetiva, \u00bfenemigo o aliado de la competencia?, enero 2025<\/a><\/p><p>\u2014<a href=\"https:\/\/omcabogados.com.pe\/wp-content\/uploads\/socio-del-area-de-derecho-corporativo-de-omc-abogados-y-consultores-participo-en-el-congreso-ovum-2024-en-uruguay-lider-legal-02.12.24.pdf\"> Socio del \u00e1rea de derecho corporativo de OMC Abogados &amp; Consultores particip\u00f3 en el Congreso OVUM 2024 en Uruguay, diciembre 2024<\/a><\/p><p>\u2014 <a href=\"https:\/\/omcabogados.com.pe\/wp-content\/uploads\/que-firmas-de-abogados-han-sido-las-mas-activas-en-fichajes-en-espana-y-america-latina-lider-legal-oct-2024.jpg\">\u00bfQu\u00e9 firmas de abogados han sido las m\u00e1s activas en fichajes en Espa\u00f1a y Am\u00e9rica Latina?, octubre 2024<\/a><\/p><p>\u2014 <a href=\"https:\/\/omcabogados.com.pe\/wp-content\/uploads\/lider-legal-entrevista-oscar-mago-26.08.24.pdf\">Oscar Mago, de OMC Abogados &amp; Consultores: \u201cDebemos tener la mente preparada para reinventarnos, cuando sea necesario\u201d, agosto 2024<\/a><\/p><p>\u2014<a href=\"https:\/\/omcabogados.com.pe\/wp-content\/uploads\/omc-abogados-abre-nuevas-areas-de-practica-y-muestra-una-web-renovada-lider-legal-28.04.pdf\" target=\"_blank\" rel=\"noopener\"> OMC Abogados &amp; Consultores abre nuevas \u00e1reas de pr\u00e1ctica y muestra una web renovada, mayo 2024<\/a><\/p>\t\t\t\t\t\t<\/div>\n\t\t\t\t<\/div>\n\t\t\t\t<div class=\"elementor-element elementor-element-ea5f09f elementor-widget elementor-widget-eael-creative-button\" data-id=\"ea5f09f\" data-element_type=\"widget\" data-widget_type=\"eael-creative-button.default\">\n\t\t\t\t<div class=\"elementor-widget-container\">\n\t\t\t        <div class=\"eael-creative-button-wrapper\">\n\n            <a class=\"eael-creative-button eael-creative-button--default\" href=\"https:\/\/omcabogados.com.pe\/publicaciones\" data-text=\"\">\n            \t    \n                <div class=\"creative-button-inner\">\n\n                                            <span class=\"eael-creative-button-icon-left\"><i aria-hidden=\"true\" class=\"fas fa-chevron-left\"><\/i><\/span>                    \n                    <span class=\"cretive-button-text\">Regresar<\/span>\n\n                                    <\/div>\n\t                        <\/a>\n        <\/div>\n        \t\t<\/div>\n\t\t\t\t<\/div>\n\t\t\t\t<section class=\"elementor-section elementor-inner-section elementor-element elementor-element-5241e20 elementor-section-boxed elementor-section-height-default elementor-section-height-default\" data-id=\"5241e20\" data-element_type=\"section\">\n\t\t\t\t\t\t<div class=\"elementor-container elementor-column-gap-default\">\n\t\t\t\t\t<div class=\"elementor-column elementor-col-50 elementor-inner-column elementor-element elementor-element-5bf44ff\" data-id=\"5bf44ff\" data-element_type=\"column\">\n\t\t\t<div class=\"elementor-widget-wrap\">\n\t\t\t\t\t\t\t<\/div>\n\t\t<\/div>\n\t\t\t\t<div class=\"elementor-column elementor-col-50 elementor-inner-column elementor-element elementor-element-2bcaa0b\" data-id=\"2bcaa0b\" data-element_type=\"column\">\n\t\t\t<div class=\"elementor-widget-wrap\">\n\t\t\t\t\t\t\t<\/div>\n\t\t<\/div>\n\t\t\t\t\t<\/div>\n\t\t<\/section>\n\t\t\t\t\t<\/div>\n\t\t<\/div>\n\t\t\t\t\t<\/div>\n\t\t<\/section>\n\t\t\t\t<\/div>\n\t\t","protected":false},"excerpt":{"rendered":"<p>Publicaciones Publicaciones LIDER LEGAL \u2014 Lo Blanco, Lujoso y Premium, junio 2025 \u2014 Cancelaci\u00f3n por falta de uso: Una estrategia no siempre infalible , abril 2025 \u2014 Entrevista a Kelly S\u00e1nchez: Mi camino no ha estado marcado por una barrera de g\u00e9nero\u2026 , marzo 2025 \u2014\u00a0La publicidad comparativa subjetiva, \u00bfenemigo o aliado de la competencia?, [&hellip;]<\/p>\n","protected":false},"author":2,"featured_media":0,"parent":11954,"menu_order":0,"comment_status":"closed","ping_status":"closed","template":"","meta":{"_vp_format_video_url":"","_vp_image_focal_point":[],"_vp_custom_popup_image":0,"_vp_format_audio_url":"","_vp_custom_thumbnail":0,"_vp_custom_thumbnail_focal_point":[],"_vp_hover_thumbnail":0,"_vp_hover_thumbnail_focal_point":[],"footnotes":""},"class_list":["post-13922","page","type-page","status-publish","hentry"],"yoast_head":"<!-- This site is optimized with the Yoast SEO plugin v27.1.1 - https:\/\/yoast.com\/product\/yoast-seo-wordpress\/ -->\n<title>L\u00edder Legal - OMC Abogados &amp; Consultores<\/title>\n<meta name=\"robots\" content=\"index, follow, max-snippet:-1, max-image-preview:large, max-video-preview:-1\" \/>\n<link rel=\"canonical\" href=\"https:\/\/omcabogados.com.pe\/es\/publicaciones\/lider-legal\/\" \/>\n<meta property=\"og:locale\" content=\"es_ES\" \/>\n<meta property=\"og:type\" content=\"article\" \/>\n<meta property=\"og:title\" content=\"L\u00edder Legal - OMC Abogados &amp; Consultores\" \/>\n<meta property=\"og:description\" content=\"Publicaciones Publicaciones LIDER LEGAL \u2014 Lo Blanco, Lujoso y Premium, junio 2025 \u2014 Cancelaci\u00f3n por falta de uso: Una estrategia no siempre infalible , abril 2025 \u2014 Entrevista a Kelly S\u00e1nchez: Mi camino no ha estado marcado por una barrera de g\u00e9nero\u2026 , marzo 2025 \u2014\u00a0La publicidad comparativa subjetiva, \u00bfenemigo o aliado de la competencia?, [&hellip;]\" \/>\n<meta property=\"og:url\" content=\"https:\/\/omcabogados.com.pe\/es\/publicaciones\/lider-legal\/\" \/>\n<meta property=\"og:site_name\" content=\"OMC Abogados &amp; Consultores\" \/>\n<meta property=\"article:publisher\" content=\"https:\/\/www.facebook.com\/omcabogados.consultores\/\" \/>\n<meta property=\"article:modified_time\" content=\"2025-10-10T00:46:55+00:00\" \/>\n<meta name=\"twitter:card\" content=\"summary_large_image\" \/>\n<meta name=\"twitter:site\" content=\"@omcabogadosperu\" \/>\n<meta name=\"twitter:label1\" content=\"Tiempo de lectura\" \/>\n\t<meta name=\"twitter:data1\" content=\"1 minuto\" \/>\n<script type=\"application\/ld+json\" class=\"yoast-schema-graph\">{\"@context\":\"https:\/\/schema.org\",\"@graph\":[{\"@type\":\"WebPage\",\"@id\":\"https:\/\/omcabogados.com.pe\/publicaciones\/lider-legal\/\",\"url\":\"https:\/\/omcabogados.com.pe\/publicaciones\/lider-legal\/\",\"name\":\"L\u00edder Legal - OMC Abogados &amp; Consultores\",\"isPartOf\":{\"@id\":\"https:\/\/omcabogados.com.pe\/es\/#website\"},\"datePublished\":\"2024-05-09T17:35:49+00:00\",\"dateModified\":\"2025-10-10T00:46:55+00:00\",\"breadcrumb\":{\"@id\":\"https:\/\/omcabogados.com.pe\/publicaciones\/lider-legal\/#breadcrumb\"},\"inLanguage\":\"es\",\"potentialAction\":[{\"@type\":\"ReadAction\",\"target\":[\"https:\/\/omcabogados.com.pe\/publicaciones\/lider-legal\/\"]}]},{\"@type\":\"BreadcrumbList\",\"@id\":\"https:\/\/omcabogados.com.pe\/publicaciones\/lider-legal\/#breadcrumb\",\"itemListElement\":[{\"@type\":\"ListItem\",\"position\":1,\"name\":\"Portada\",\"item\":\"https:\/\/omcabogados.com.pe\/\"},{\"@type\":\"ListItem\",\"position\":2,\"name\":\"Publicaciones\",\"item\":\"https:\/\/omcabogados.com.pe\/es\/publicaciones\/\"},{\"@type\":\"ListItem\",\"position\":3,\"name\":\"L\u00edder Legal\"}]},{\"@type\":\"WebSite\",\"@id\":\"https:\/\/omcabogados.com.pe\/es\/#website\",\"url\":\"https:\/\/omcabogados.com.pe\/es\/\",\"name\":\"OMC Abogados & Consultores\",\"description\":\"\",\"publisher\":{\"@id\":\"https:\/\/omcabogados.com.pe\/es\/#organization\"},\"potentialAction\":[{\"@type\":\"SearchAction\",\"target\":{\"@type\":\"EntryPoint\",\"urlTemplate\":\"https:\/\/omcabogados.com.pe\/es\/?s={search_term_string}\"},\"query-input\":{\"@type\":\"PropertyValueSpecification\",\"valueRequired\":true,\"valueName\":\"search_term_string\"}}],\"inLanguage\":\"es\"},{\"@type\":\"Organization\",\"@id\":\"https:\/\/omcabogados.com.pe\/es\/#organization\",\"name\":\"OMC Abogados & Consultores\",\"url\":\"https:\/\/omcabogados.com.pe\/es\/\",\"logo\":{\"@type\":\"ImageObject\",\"inLanguage\":\"es\",\"@id\":\"https:\/\/omcabogados.com.pe\/es\/#\/schema\/logo\/image\/\",\"url\":\"https:\/\/omcabogados.com.pe\/wp-content\/uploads\/logo-omc-abogados.png\",\"contentUrl\":\"https:\/\/omcabogados.com.pe\/wp-content\/uploads\/logo-omc-abogados.png\",\"width\":210,\"height\":159,\"caption\":\"OMC Abogados & Consultores\"},\"image\":{\"@id\":\"https:\/\/omcabogados.com.pe\/es\/#\/schema\/logo\/image\/\"},\"sameAs\":[\"https:\/\/www.facebook.com\/omcabogados.consultores\/\",\"https:\/\/x.com\/omcabogadosperu\",\"https:\/\/www.linkedin.com\/company\/omc-abogados-consultores\/?viewAsMember=true\",\"https:\/\/www.instagram.com\/omcabogadosyconsultores\/\"]}]}<\/script>\n<!-- \/ Yoast SEO plugin. -->","yoast_head_json":{"title":"L\u00edder Legal - OMC Abogados &amp; Consultores","robots":{"index":"index","follow":"follow","max-snippet":"max-snippet:-1","max-image-preview":"max-image-preview:large","max-video-preview":"max-video-preview:-1"},"canonical":"https:\/\/omcabogados.com.pe\/es\/publicaciones\/lider-legal\/","og_locale":"es_ES","og_type":"article","og_title":"L\u00edder Legal - OMC Abogados &amp; Consultores","og_description":"Publicaciones Publicaciones LIDER LEGAL \u2014 Lo Blanco, Lujoso y Premium, junio 2025 \u2014 Cancelaci\u00f3n por falta de uso: Una estrategia no siempre infalible , abril 2025 \u2014 Entrevista a Kelly S\u00e1nchez: Mi camino no ha estado marcado por una barrera de g\u00e9nero\u2026 , marzo 2025 \u2014\u00a0La publicidad comparativa subjetiva, \u00bfenemigo o aliado de la competencia?, [&hellip;]","og_url":"https:\/\/omcabogados.com.pe\/es\/publicaciones\/lider-legal\/","og_site_name":"OMC Abogados &amp; Consultores","article_publisher":"https:\/\/www.facebook.com\/omcabogados.consultores\/","article_modified_time":"2025-10-10T00:46:55+00:00","twitter_card":"summary_large_image","twitter_site":"@omcabogadosperu","twitter_misc":{"Tiempo de lectura":"1 minuto"},"schema":{"@context":"https:\/\/schema.org","@graph":[{"@type":"WebPage","@id":"https:\/\/omcabogados.com.pe\/publicaciones\/lider-legal\/","url":"https:\/\/omcabogados.com.pe\/publicaciones\/lider-legal\/","name":"L\u00edder Legal - OMC Abogados &amp; Consultores","isPartOf":{"@id":"https:\/\/omcabogados.com.pe\/es\/#website"},"datePublished":"2024-05-09T17:35:49+00:00","dateModified":"2025-10-10T00:46:55+00:00","breadcrumb":{"@id":"https:\/\/omcabogados.com.pe\/publicaciones\/lider-legal\/#breadcrumb"},"inLanguage":"es","potentialAction":[{"@type":"ReadAction","target":["https:\/\/omcabogados.com.pe\/publicaciones\/lider-legal\/"]}]},{"@type":"BreadcrumbList","@id":"https:\/\/omcabogados.com.pe\/publicaciones\/lider-legal\/#breadcrumb","itemListElement":[{"@type":"ListItem","position":1,"name":"Portada","item":"https:\/\/omcabogados.com.pe\/"},{"@type":"ListItem","position":2,"name":"Publicaciones","item":"https:\/\/omcabogados.com.pe\/es\/publicaciones\/"},{"@type":"ListItem","position":3,"name":"L\u00edder Legal"}]},{"@type":"WebSite","@id":"https:\/\/omcabogados.com.pe\/es\/#website","url":"https:\/\/omcabogados.com.pe\/es\/","name":"OMC Abogados & Consultores","description":"","publisher":{"@id":"https:\/\/omcabogados.com.pe\/es\/#organization"},"potentialAction":[{"@type":"SearchAction","target":{"@type":"EntryPoint","urlTemplate":"https:\/\/omcabogados.com.pe\/es\/?s={search_term_string}"},"query-input":{"@type":"PropertyValueSpecification","valueRequired":true,"valueName":"search_term_string"}}],"inLanguage":"es"},{"@type":"Organization","@id":"https:\/\/omcabogados.com.pe\/es\/#organization","name":"OMC Abogados & Consultores","url":"https:\/\/omcabogados.com.pe\/es\/","logo":{"@type":"ImageObject","inLanguage":"es","@id":"https:\/\/omcabogados.com.pe\/es\/#\/schema\/logo\/image\/","url":"https:\/\/omcabogados.com.pe\/wp-content\/uploads\/logo-omc-abogados.png","contentUrl":"https:\/\/omcabogados.com.pe\/wp-content\/uploads\/logo-omc-abogados.png","width":210,"height":159,"caption":"OMC Abogados & Consultores"},"image":{"@id":"https:\/\/omcabogados.com.pe\/es\/#\/schema\/logo\/image\/"},"sameAs":["https:\/\/www.facebook.com\/omcabogados.consultores\/","https:\/\/x.com\/omcabogadosperu","https:\/\/www.linkedin.com\/company\/omc-abogados-consultores\/?viewAsMember=true","https:\/\/www.instagram.com\/omcabogadosyconsultores\/"]}]}},"rttpg_featured_image_url":null,"rttpg_author":{"display_name":"Luis Valerio","author_link":"https:\/\/omcabogados.com.pe\/es\/author\/luisvalerio\/"},"rttpg_comment":0,"rttpg_category":null,"rttpg_excerpt":"Publicaciones Publicaciones LIDER LEGAL \u2014 Lo Blanco, Lujoso y Premium, junio 2025 \u2014 Cancelaci\u00f3n por falta de uso: Una estrategia no siempre infalible , abril 2025 \u2014 Entrevista a Kelly S\u00e1nchez: Mi camino no ha estado marcado por una barrera de g\u00e9nero\u2026 , marzo 2025 \u2014\u00a0La publicidad comparativa subjetiva, \u00bfenemigo o aliado de la competencia?,&hellip;","_links":{"self":[{"href":"https:\/\/omcabogados.com.pe\/es\/wp-json\/wp\/v2\/pages\/13922","targetHints":{"allow":["GET"]}}],"collection":[{"href":"https:\/\/omcabogados.com.pe\/es\/wp-json\/wp\/v2\/pages"}],"about":[{"href":"https:\/\/omcabogados.com.pe\/es\/wp-json\/wp\/v2\/types\/page"}],"author":[{"embeddable":true,"href":"https:\/\/omcabogados.com.pe\/es\/wp-json\/wp\/v2\/users\/2"}],"replies":[{"embeddable":true,"href":"https:\/\/omcabogados.com.pe\/es\/wp-json\/wp\/v2\/comments?post=13922"}],"version-history":[{"count":83,"href":"https:\/\/omcabogados.com.pe\/es\/wp-json\/wp\/v2\/pages\/13922\/revisions"}],"predecessor-version":[{"id":16443,"href":"https:\/\/omcabogados.com.pe\/es\/wp-json\/wp\/v2\/pages\/13922\/revisions\/16443"}],"up":[{"embeddable":true,"href":"https:\/\/omcabogados.com.pe\/es\/wp-json\/wp\/v2\/pages\/11954"}],"wp:attachment":[{"href":"https:\/\/omcabogados.com.pe\/es\/wp-json\/wp\/v2\/media?parent=13922"}],"curies":[{"name":"wp","href":"https:\/\/api.w.org\/{rel}","templated":true}]}}