{"id":12937,"date":"2024-03-31T19:32:36","date_gmt":"2024-04-01T00:32:36","guid":{"rendered":"https:\/\/omcabogados.com.pe\/?page_id=12937"},"modified":"2026-03-24T11:11:51","modified_gmt":"2026-03-24T16:11:51","slug":"law-and-trends","status":"publish","type":"page","link":"https:\/\/omcabogados.com.pe\/es\/publicaciones\/law-and-trends\/","title":{"rendered":"Law &#038; Trends"},"content":{"rendered":"\t\t<div data-elementor-type=\"wp-post\" data-elementor-id=\"12937\" class=\"elementor elementor-12937\" data-elementor-post-type=\"page\">\n\t\t\t\t\t\t<section class=\"elementor-section elementor-top-section elementor-element elementor-element-0947a9a elementor-section-height-min-height elementor-section-boxed elementor-section-height-default elementor-section-items-middle\" data-id=\"0947a9a\" data-element_type=\"section\" data-settings=\"{&quot;background_background&quot;:&quot;classic&quot;}\">\n\t\t\t\t\t\t<div class=\"elementor-container elementor-column-gap-default\">\n\t\t\t\t\t<div class=\"elementor-column elementor-col-100 elementor-top-column elementor-element elementor-element-f8eeaf1\" data-id=\"f8eeaf1\" data-element_type=\"column\">\n\t\t\t<div class=\"elementor-widget-wrap elementor-element-populated\">\n\t\t\t\t\t\t<div class=\"elementor-element elementor-element-977c432 elementor-widget elementor-widget-heading\" data-id=\"977c432\" data-element_type=\"widget\" data-widget_type=\"heading.default\">\n\t\t\t\t<div class=\"elementor-widget-container\">\n\t\t\t<h1 class=\"elementor-heading-title elementor-size-default\">Publicaciones<\/h1>\t\t<\/div>\n\t\t\t\t<\/div>\n\t\t\t\t\t<\/div>\n\t\t<\/div>\n\t\t\t\t\t<\/div>\n\t\t<\/section>\n\t\t\t\t<section class=\"elementor-section elementor-top-section elementor-element elementor-element-6bacf7e7 elementor-section-boxed elementor-section-height-default elementor-section-height-default\" data-id=\"6bacf7e7\" data-element_type=\"section\">\n\t\t\t\t\t\t<div class=\"elementor-container elementor-column-gap-default\">\n\t\t\t\t\t<div class=\"elementor-column elementor-col-100 elementor-top-column elementor-element elementor-element-2deee698\" data-id=\"2deee698\" data-element_type=\"column\">\n\t\t\t<div class=\"elementor-widget-wrap elementor-element-populated\">\n\t\t\t\t\t\t<div class=\"elementor-element elementor-element-09c56ab elementor-widget elementor-widget-heading\" data-id=\"09c56ab\" data-element_type=\"widget\" data-widget_type=\"heading.default\">\n\t\t\t\t<div class=\"elementor-widget-container\">\n\t\t\t<h4 class=\"elementor-heading-title elementor-size-default\">Publicaciones<\/h4>\t\t<\/div>\n\t\t\t\t<\/div>\n\t\t\t\t<div class=\"elementor-element elementor-element-e9691c8 elementor-widget elementor-widget-heading\" data-id=\"e9691c8\" data-element_type=\"widget\" data-widget_type=\"heading.default\">\n\t\t\t\t<div class=\"elementor-widget-container\">\n\t\t\t<h4 class=\"elementor-heading-title elementor-size-default\">Law &amp; Trends<\/h4>\t\t<\/div>\n\t\t\t\t<\/div>\n\t\t\t\t<div class=\"elementor-element elementor-element-119ffe4 elementor-widget-divider--view-line elementor-widget elementor-widget-divider\" data-id=\"119ffe4\" data-element_type=\"widget\" data-widget_type=\"divider.default\">\n\t\t\t\t<div class=\"elementor-widget-container\">\n\t\t\t\t\t<div class=\"elementor-divider\">\n\t\t\t<span class=\"elementor-divider-separator\">\n\t\t\t\t\t\t<\/span>\n\t\t<\/div>\n\t\t\t\t<\/div>\n\t\t\t\t<\/div>\n\t\t\t\t<div class=\"elementor-element elementor-element-8594de2 elementor-widget elementor-widget-text-editor\" data-id=\"8594de2\" data-element_type=\"widget\" data-widget_type=\"text-editor.default\">\n\t\t\t\t<div class=\"elementor-widget-container\">\n\t\t\t\t\t\t\t<p>\u2014 <a href=\"https:\/\/omcabogados.com.pe\/wp-content\/uploads\/omc-abogados-se-anunciaron-modificaciones-en-el-procedimiento-de-marcas-en-argentina-Law-and-Trends-03.26.jpg\">OMC Abogados &amp; Consultores: Se anunciaron modificaciones en el procedimiento de marcas en Argentina, Marzo 2026<\/a><\/p><p>\u2014 <a href=\"https:\/\/omcabogados.com.pe\/wp-content\/uploads\/omc-abogados-y-consultores-20-anos-de-trayectoria-y-compromiso-profesional-Law-and-Trends-nov-25.pdf\">OMC Abogados &amp; Consultores: 20 a\u00f1os de trayectoria y compromiso profesional, Noviembre 2025<\/a><\/p><p>\u2014 <a href=\"https:\/\/omcabogados.com.pe\/wp-content\/uploads\/La-economia-naranja-y-la-propiedad-intelectual-impulsando-la-transformacion-hacia-una-cultura-de-innovacion-y-valor-creativo-individual-Law-and-Trends-04.10.2.pdf\">La econom\u00eda naranja y la propiedad intelectual: Impulsando la transformaci\u00f3n hacia una cultura de innovaci\u00f3n y valor creativo individual, Octubre 2025<\/a><\/p><p>\u2014 <a href=\"https:\/\/omcabogados.com.pe\/wp-content\/uploads\/5-procedimientos-administrativos-en-materia-de-propiedad-industrial-fueron-modificados-en-el-peru-lawandtrends-marzo-2023.pdf\" target=\"_blank\" rel=\"noopener\">5 Procedimientos administrativos en materia de propiedad industrial fueron modificados en el Per\u00fa, Marzo 2023<\/a><\/p><p>\u2014 <a href=\"https:\/\/omcabogados.com.pe\/wp-content\/uploads\/como-proteger-nuestro-invento-de-usos-indebidos-lawandtrends-enero-2023.pdf\" target=\"_blank\" rel=\"noopener\">\u00bfC\u00f3mo proteger nuestro invento de usos indebidos?, Enero 2023<\/a><\/p><p>\u2014 <a href=\"https:\/\/omcabogados.com.pe\/wp-content\/uploads\/las-marcas-descriptivas-en-idioma-extranjero-lawandtrends-noviembre-2022.pdf\" target=\"_blank\" rel=\"noopener\">Las marcas descriptivas en idioma extranjero, Noviembre 2022<\/a><\/p><p>\u2014 <a href=\"https:\/\/omcabogados.com.pe\/wp-content\/uploads\/se-pueden-ceder-derechos-de-imagen-lawandtrends-julio-2022.pdf\" target=\"_blank\" rel=\"noopener\">\u00bfSe pueden ceder derechos de imagen?, Julio 2022<\/a><\/p><p>\u2014 <a href=\"https:\/\/omcabogados.com.pe\/wp-content\/uploads\/y-que-tal-si-uso-tu-marca-sin-que-lo-sepas-lawandtrends-abril-2022.pdf\" target=\"_blank\" rel=\"noopener\">\u00bfY qu\u00e9 tal si uso tu marca sin que lo sepas?, Abril 2022<\/a><\/p><p>\u2014 <a href=\"https:\/\/omcabogados.com.pe\/wp-content\/uploads\/los-modelos-de-utilidad-como-instrumento-de-proteccion-mas-usado-en-el-peru-lawandtrends-marzo-2022.pdf\" target=\"_blank\" rel=\"noopener\">Los modelos de utilidad como instrumento de protecci\u00f3n m\u00e1s usado en el Per\u00fa, Marzo 2022<\/a><\/p><p>\u2014 <a href=\"https:\/\/omcabogados.com.pe\/wp-content\/uploads\/se-puede-proteger-un-software-mediante-el-sistema-de-patentes-lawandtrends-diciembre-2021-1.pdf\" target=\"_blank\" rel=\"noopener\">\u00bfSe puede proteger un software mediante el sistema de patentes?, Diciembre 2021<\/a><\/p><p>\u2014 <a href=\"https:\/\/omcabogados.com.pe\/wp-content\/uploads\/las-marcas-no-convencionales-y-su-proteccion-en-el-ordenamiento-juridico-lawandtrends-octubre-2021-1.pdf\" target=\"_blank\" rel=\"noopener\">Las marcas No Convencionales y su protecci\u00f3n en el ordenamiento jur\u00eddico, Octubre 2021<\/a><\/p><p>\u2014 <a href=\"https:\/\/omcabogados.com.pe\/wp-content\/uploads\/las-marcas-de-casa-lawandtrends-agosto-2021-1.pdf\" target=\"_blank\" rel=\"noopener\">Las marcas de casa, Agosto 2021<\/a><\/p><p>\u2014 <a href=\"https:\/\/omcabogados.com.pe\/wp-content\/uploads\/las-marcas-de-fantasia-lawandtrends-abril-2021-1.pdf\" target=\"_blank\" rel=\"noopener\">Las marcas de fantas\u00eda, Abril 2021<\/a><\/p><p>\u2014 <a href=\"https:\/\/omcabogados.com.pe\/wp-content\/uploads\/la-publicidad-comparativa-subjetiva-enemigo-o-aliado-de-la-competencia-lawandtrends-febrero-2021.pdf\" target=\"_blank\" rel=\"noopener\">La publicidad comparativa subjetiva, \u00bfenemigo o aliado de la competencia?, Febrero 2021<\/a><\/p><p>\u2014 <a href=\"https:\/\/omcabogados.com.pe\/wp-content\/uploads\/el-blockchain-y-su-papel-en-la-propiedad-intelectual-lawandtrends-enero-2021-1.pdf\" target=\"_blank\" rel=\"noopener\">El Blockchain y su papel en la Propiedad Intelectual, Enero 2021<\/a><\/p><p>\u2014 <a href=\"https:\/\/omcabogados.com.pe\/wp-content\/uploads\/derecho-a-la-salud-la-necesidad-del-uso-de-una-licencia-obligatoria-en-las-patentes-para-el-tratamiento-del-covid-19-en-el-peru-lawandtrends-diciembre-2020.pdf\" target=\"_blank\" rel=\"noopener\">Derecho a la Salud: La necesidad del uso de una licencia obligatoria en las patentes para el tratamiento del COVID 19 en el Per\u00fa, Diciembre 2020<\/a><\/p><p>\u2014 <a href=\"https:\/\/omcabogados.com.pe\/wp-content\/uploads\/la-mala-fe-como-impedimento-para-el-registro-de-una-marca-en-China-lawandtrends-noviembre-2020.pdf\" target=\"_blank\" rel=\"noopener\">La mala fe como impedimento para el registro de una marca en China, Noviembre 2020<\/a><\/p><p>\u2014 <a href=\"https:\/\/omcabogados.com.pe\/wp-content\/uploads\/marcas-fantasma-la-dimension-desconocida-de-la-propiedad-intelectual-lawandtrends-octubre-2020.pdf\" target=\"_blank\" rel=\"noopener\">Marcas Fantasma: La Dimensi\u00f3n Desconocida de la Propiedad Intelectual, Octubre 2020<\/a><\/p><p>\u2014 <a href=\"https:\/\/omcabogados.com.pe\/wp-content\/uploads\/los-abogados-en-tiempo-de-los-smart-contracts-lawandtrends-septiembre-2020.pdf\" target=\"_blank\" rel=\"noopener\">Lo que todo abogado debe saber: Smart Contracts, Septiembre 2020<\/a><\/p><p>\u2014 <a href=\"https:\/\/omcabogados.com.pe\/wp-content\/uploads\/las-marcas-tridimensionales-por-que-es-dificil-que-logren-ser-registradas-lawandtrends-agosto-2020.pdf\" target=\"_blank\" rel=\"noopener\">Las marcas tridimensionales, porqu\u00e9 es dif\u00edcil que logren ser registradas?, Agosto 2020<\/a><\/p><p>\u2014 <a href=\"https:\/\/omcabogados.com.pe\/wp-content\/uploads\/fashionizando-la-propiedad-intelectual-lawandtrends-julio-2020.pdf\" target=\"_blank\" rel=\"noopener\">Fashionizando la propiedad intelectual, Julio 2020<\/a><\/p><p>\u2014 <a href=\"https:\/\/omcabogados.com.pe\/wp-content\/uploads\/el-derecho-moral-de-integridad-en-las-obras-de-arte-plastico-lawandtrends-junio-2020-1.pdf\" target=\"_blank\" rel=\"noopener\">El derecho moral de integridad en las obras de arte pl\u00e1stico, Junio 2020<\/a><\/p><p>\u2014 <a href=\"https:\/\/omcabogados.com.pe\/wp-content\/uploads\/peru-las-medidas-de-fronteras-en-la-salvaguardia-de-los-derechos-intelectuales-lawandtrends-mayo-2020.pdf\" target=\"_blank\" rel=\"noopener\">Per\u00fa: Las medidas de fronteras en la salvaguardia de los derechos intelectuales, Mayo 2020<\/a><\/p><p>\u2014 <a href=\"https:\/\/omcabogados.com.pe\/wp-content\/uploads\/el-uso-de-patentes-en-las-micro-y-pequenas-empresas-del-peru-lawandtrends-abril-2020.pdf\" target=\"_blank\" rel=\"noopener\">El uso de patentes en la micro y peque\u00f1a empresa en el Per\u00fa, Abril 2020<\/a><\/p><p>\u2014 <a href=\"https:\/\/omcabogados.com.pe\/wp-content\/uploads\/terminos-comunes-en-las-marcas-farmaceuticas-lawandtrends-marzo-2020-1.pdf\" target=\"_blank\" rel=\"noopener\">T\u00e9rminos comunes en las marcas farmac\u00e9uticas, Marzo 2020<\/a><\/p>\t\t\t\t\t\t<\/div>\n\t\t\t\t<\/div>\n\t\t\t\t<div class=\"elementor-element elementor-element-ea5f09f elementor-widget elementor-widget-eael-creative-button\" data-id=\"ea5f09f\" data-element_type=\"widget\" data-widget_type=\"eael-creative-button.default\">\n\t\t\t\t<div class=\"elementor-widget-container\">\n\t\t\t        <div class=\"eael-creative-button-wrapper\">\n\n            <a class=\"eael-creative-button eael-creative-button--default\" href=\"https:\/\/omcabogados.com.pe\/publicaciones\" data-text=\"\">\n            \t    \n                <div class=\"creative-button-inner\">\n\n                                            <span class=\"eael-creative-button-icon-left\"><i aria-hidden=\"true\" class=\"fas fa-chevron-left\"><\/i><\/span>                    \n                    <span class=\"cretive-button-text\">Regresar<\/span>\n\n                                    <\/div>\n\t                        <\/a>\n        <\/div>\n        \t\t<\/div>\n\t\t\t\t<\/div>\n\t\t\t\t\t<\/div>\n\t\t<\/div>\n\t\t\t\t\t<\/div>\n\t\t<\/section>\n\t\t\t\t<\/div>\n\t\t","protected":false},"excerpt":{"rendered":"<p>Publicaciones Publicaciones Law &amp; Trends \u2014 OMC Abogados &amp; Consultores: Se anunciaron modificaciones en el procedimiento de marcas en Argentina, Marzo 2026 \u2014 OMC Abogados &amp; Consultores: 20 a\u00f1os de trayectoria y compromiso profesional, Noviembre 2025 \u2014 La econom\u00eda naranja y la propiedad intelectual: Impulsando la transformaci\u00f3n hacia una cultura de innovaci\u00f3n y valor creativo [&hellip;]<\/p>\n","protected":false},"author":1,"featured_media":0,"parent":11954,"menu_order":0,"comment_status":"closed","ping_status":"closed","template":"","meta":{"_vp_format_video_url":"","_vp_image_focal_point":[],"_vp_custom_popup_image":0,"_vp_format_audio_url":"","_vp_custom_thumbnail":0,"_vp_custom_thumbnail_focal_point":[],"_vp_hover_thumbnail":0,"_vp_hover_thumbnail_focal_point":[],"footnotes":""},"class_list":["post-12937","page","type-page","status-publish","hentry"],"yoast_head":"<!-- This site is optimized with the Yoast SEO plugin v27.1.1 - https:\/\/yoast.com\/product\/yoast-seo-wordpress\/ -->\n<title>Law &amp; Trends - OMC Abogados &amp; Consultores<\/title>\n<meta name=\"robots\" content=\"index, follow, max-snippet:-1, max-image-preview:large, max-video-preview:-1\" \/>\n<link rel=\"canonical\" href=\"https:\/\/omcabogados.com.pe\/es\/publicaciones\/law-and-trends\/\" \/>\n<meta property=\"og:locale\" content=\"es_ES\" \/>\n<meta property=\"og:type\" content=\"article\" \/>\n<meta property=\"og:title\" content=\"Law &amp; Trends - OMC Abogados &amp; Consultores\" \/>\n<meta property=\"og:description\" content=\"Publicaciones Publicaciones Law &amp; Trends \u2014 OMC Abogados &amp; Consultores: Se anunciaron modificaciones en el procedimiento de marcas en Argentina, Marzo 2026 \u2014 OMC Abogados &amp; Consultores: 20 a\u00f1os de trayectoria y compromiso profesional, Noviembre 2025 \u2014 La econom\u00eda naranja y la propiedad intelectual: Impulsando la transformaci\u00f3n hacia una cultura de innovaci\u00f3n y valor creativo [&hellip;]\" \/>\n<meta property=\"og:url\" content=\"https:\/\/omcabogados.com.pe\/es\/publicaciones\/law-and-trends\/\" \/>\n<meta property=\"og:site_name\" content=\"OMC Abogados &amp; Consultores\" \/>\n<meta property=\"article:publisher\" content=\"https:\/\/www.facebook.com\/omcabogados.consultores\/\" \/>\n<meta property=\"article:modified_time\" content=\"2026-03-24T16:11:51+00:00\" \/>\n<meta name=\"twitter:card\" content=\"summary_large_image\" \/>\n<meta name=\"twitter:site\" content=\"@omcabogadosperu\" \/>\n<meta name=\"twitter:label1\" content=\"Tiempo de lectura\" \/>\n\t<meta name=\"twitter:data1\" content=\"2 minutos\" \/>\n<script type=\"application\/ld+json\" class=\"yoast-schema-graph\">{\"@context\":\"https:\/\/schema.org\",\"@graph\":[{\"@type\":\"WebPage\",\"@id\":\"https:\/\/omcabogados.com.pe\/publicaciones\/law-and-trends\/\",\"url\":\"https:\/\/omcabogados.com.pe\/publicaciones\/law-and-trends\/\",\"name\":\"Law & Trends - OMC Abogados &amp; Consultores\",\"isPartOf\":{\"@id\":\"https:\/\/omcabogados.com.pe\/es\/#website\"},\"datePublished\":\"2024-04-01T00:32:36+00:00\",\"dateModified\":\"2026-03-24T16:11:51+00:00\",\"breadcrumb\":{\"@id\":\"https:\/\/omcabogados.com.pe\/publicaciones\/law-and-trends\/#breadcrumb\"},\"inLanguage\":\"es\",\"potentialAction\":[{\"@type\":\"ReadAction\",\"target\":[\"https:\/\/omcabogados.com.pe\/publicaciones\/law-and-trends\/\"]}]},{\"@type\":\"BreadcrumbList\",\"@id\":\"https:\/\/omcabogados.com.pe\/publicaciones\/law-and-trends\/#breadcrumb\",\"itemListElement\":[{\"@type\":\"ListItem\",\"position\":1,\"name\":\"Portada\",\"item\":\"https:\/\/omcabogados.com.pe\/\"},{\"@type\":\"ListItem\",\"position\":2,\"name\":\"Publicaciones\",\"item\":\"https:\/\/omcabogados.com.pe\/es\/publicaciones\/\"},{\"@type\":\"ListItem\",\"position\":3,\"name\":\"Law &#038; Trends\"}]},{\"@type\":\"WebSite\",\"@id\":\"https:\/\/omcabogados.com.pe\/es\/#website\",\"url\":\"https:\/\/omcabogados.com.pe\/es\/\",\"name\":\"OMC Abogados & Consultores\",\"description\":\"\",\"publisher\":{\"@id\":\"https:\/\/omcabogados.com.pe\/es\/#organization\"},\"potentialAction\":[{\"@type\":\"SearchAction\",\"target\":{\"@type\":\"EntryPoint\",\"urlTemplate\":\"https:\/\/omcabogados.com.pe\/es\/?s={search_term_string}\"},\"query-input\":{\"@type\":\"PropertyValueSpecification\",\"valueRequired\":true,\"valueName\":\"search_term_string\"}}],\"inLanguage\":\"es\"},{\"@type\":\"Organization\",\"@id\":\"https:\/\/omcabogados.com.pe\/es\/#organization\",\"name\":\"OMC Abogados & Consultores\",\"url\":\"https:\/\/omcabogados.com.pe\/es\/\",\"logo\":{\"@type\":\"ImageObject\",\"inLanguage\":\"es\",\"@id\":\"https:\/\/omcabogados.com.pe\/es\/#\/schema\/logo\/image\/\",\"url\":\"https:\/\/omcabogados.com.pe\/wp-content\/uploads\/logo-omc-abogados.png\",\"contentUrl\":\"https:\/\/omcabogados.com.pe\/wp-content\/uploads\/logo-omc-abogados.png\",\"width\":210,\"height\":159,\"caption\":\"OMC Abogados & Consultores\"},\"image\":{\"@id\":\"https:\/\/omcabogados.com.pe\/es\/#\/schema\/logo\/image\/\"},\"sameAs\":[\"https:\/\/www.facebook.com\/omcabogados.consultores\/\",\"https:\/\/x.com\/omcabogadosperu\",\"https:\/\/www.linkedin.com\/company\/omc-abogados-consultores\/?viewAsMember=true\",\"https:\/\/www.instagram.com\/omcabogadosyconsultores\/\"]}]}<\/script>\n<!-- \/ Yoast SEO plugin. -->","yoast_head_json":{"title":"Law & Trends - OMC Abogados &amp; Consultores","robots":{"index":"index","follow":"follow","max-snippet":"max-snippet:-1","max-image-preview":"max-image-preview:large","max-video-preview":"max-video-preview:-1"},"canonical":"https:\/\/omcabogados.com.pe\/es\/publicaciones\/law-and-trends\/","og_locale":"es_ES","og_type":"article","og_title":"Law & Trends - OMC Abogados &amp; Consultores","og_description":"Publicaciones Publicaciones Law &amp; Trends \u2014 OMC Abogados &amp; Consultores: Se anunciaron modificaciones en el procedimiento de marcas en Argentina, Marzo 2026 \u2014 OMC Abogados &amp; Consultores: 20 a\u00f1os de trayectoria y compromiso profesional, Noviembre 2025 \u2014 La econom\u00eda naranja y la propiedad intelectual: Impulsando la transformaci\u00f3n hacia una cultura de innovaci\u00f3n y valor creativo [&hellip;]","og_url":"https:\/\/omcabogados.com.pe\/es\/publicaciones\/law-and-trends\/","og_site_name":"OMC Abogados &amp; Consultores","article_publisher":"https:\/\/www.facebook.com\/omcabogados.consultores\/","article_modified_time":"2026-03-24T16:11:51+00:00","twitter_card":"summary_large_image","twitter_site":"@omcabogadosperu","twitter_misc":{"Tiempo de lectura":"2 minutos"},"schema":{"@context":"https:\/\/schema.org","@graph":[{"@type":"WebPage","@id":"https:\/\/omcabogados.com.pe\/publicaciones\/law-and-trends\/","url":"https:\/\/omcabogados.com.pe\/publicaciones\/law-and-trends\/","name":"Law & Trends - OMC Abogados &amp; Consultores","isPartOf":{"@id":"https:\/\/omcabogados.com.pe\/es\/#website"},"datePublished":"2024-04-01T00:32:36+00:00","dateModified":"2026-03-24T16:11:51+00:00","breadcrumb":{"@id":"https:\/\/omcabogados.com.pe\/publicaciones\/law-and-trends\/#breadcrumb"},"inLanguage":"es","potentialAction":[{"@type":"ReadAction","target":["https:\/\/omcabogados.com.pe\/publicaciones\/law-and-trends\/"]}]},{"@type":"BreadcrumbList","@id":"https:\/\/omcabogados.com.pe\/publicaciones\/law-and-trends\/#breadcrumb","itemListElement":[{"@type":"ListItem","position":1,"name":"Portada","item":"https:\/\/omcabogados.com.pe\/"},{"@type":"ListItem","position":2,"name":"Publicaciones","item":"https:\/\/omcabogados.com.pe\/es\/publicaciones\/"},{"@type":"ListItem","position":3,"name":"Law &#038; Trends"}]},{"@type":"WebSite","@id":"https:\/\/omcabogados.com.pe\/es\/#website","url":"https:\/\/omcabogados.com.pe\/es\/","name":"OMC Abogados & Consultores","description":"","publisher":{"@id":"https:\/\/omcabogados.com.pe\/es\/#organization"},"potentialAction":[{"@type":"SearchAction","target":{"@type":"EntryPoint","urlTemplate":"https:\/\/omcabogados.com.pe\/es\/?s={search_term_string}"},"query-input":{"@type":"PropertyValueSpecification","valueRequired":true,"valueName":"search_term_string"}}],"inLanguage":"es"},{"@type":"Organization","@id":"https:\/\/omcabogados.com.pe\/es\/#organization","name":"OMC Abogados & Consultores","url":"https:\/\/omcabogados.com.pe\/es\/","logo":{"@type":"ImageObject","inLanguage":"es","@id":"https:\/\/omcabogados.com.pe\/es\/#\/schema\/logo\/image\/","url":"https:\/\/omcabogados.com.pe\/wp-content\/uploads\/logo-omc-abogados.png","contentUrl":"https:\/\/omcabogados.com.pe\/wp-content\/uploads\/logo-omc-abogados.png","width":210,"height":159,"caption":"OMC Abogados & Consultores"},"image":{"@id":"https:\/\/omcabogados.com.pe\/es\/#\/schema\/logo\/image\/"},"sameAs":["https:\/\/www.facebook.com\/omcabogados.consultores\/","https:\/\/x.com\/omcabogadosperu","https:\/\/www.linkedin.com\/company\/omc-abogados-consultores\/?viewAsMember=true","https:\/\/www.instagram.com\/omcabogadosyconsultores\/"]}]}},"rttpg_featured_image_url":null,"rttpg_author":{"display_name":"WebMasterOMC","author_link":"https:\/\/omcabogados.com.pe\/es\/author\/webmasteromc\/"},"rttpg_comment":0,"rttpg_category":null,"rttpg_excerpt":"Publicaciones Publicaciones Law &amp; Trends \u2014 OMC Abogados &amp; Consultores: Se anunciaron modificaciones en el procedimiento de marcas en Argentina, Marzo 2026 \u2014 OMC Abogados &amp; Consultores: 20 a\u00f1os de trayectoria y compromiso profesional, Noviembre 2025 \u2014 La econom\u00eda naranja y la propiedad intelectual: Impulsando la transformaci\u00f3n hacia una cultura de innovaci\u00f3n y valor creativo&hellip;","_links":{"self":[{"href":"https:\/\/omcabogados.com.pe\/es\/wp-json\/wp\/v2\/pages\/12937","targetHints":{"allow":["GET"]}}],"collection":[{"href":"https:\/\/omcabogados.com.pe\/es\/wp-json\/wp\/v2\/pages"}],"about":[{"href":"https:\/\/omcabogados.com.pe\/es\/wp-json\/wp\/v2\/types\/page"}],"author":[{"embeddable":true,"href":"https:\/\/omcabogados.com.pe\/es\/wp-json\/wp\/v2\/users\/1"}],"replies":[{"embeddable":true,"href":"https:\/\/omcabogados.com.pe\/es\/wp-json\/wp\/v2\/comments?post=12937"}],"version-history":[{"count":23,"href":"https:\/\/omcabogados.com.pe\/es\/wp-json\/wp\/v2\/pages\/12937\/revisions"}],"predecessor-version":[{"id":16725,"href":"https:\/\/omcabogados.com.pe\/es\/wp-json\/wp\/v2\/pages\/12937\/revisions\/16725"}],"up":[{"embeddable":true,"href":"https:\/\/omcabogados.com.pe\/es\/wp-json\/wp\/v2\/pages\/11954"}],"wp:attachment":[{"href":"https:\/\/omcabogados.com.pe\/es\/wp-json\/wp\/v2\/media?parent=12937"}],"curies":[{"name":"wp","href":"https:\/\/api.w.org\/{rel}","templated":true}]}}