{"id":12459,"date":"2024-03-25T15:03:16","date_gmt":"2024-03-25T20:03:16","guid":{"rendered":"https:\/\/omcabogados.com.pe\/?page_id=12459"},"modified":"2024-08-28T12:31:09","modified_gmt":"2024-08-28T17:31:09","slug":"idealex-press","status":"publish","type":"page","link":"https:\/\/omcabogados.com.pe\/es\/publicaciones\/idealex-press\/","title":{"rendered":"IdeaLex.press"},"content":{"rendered":"\t\t<div data-elementor-type=\"wp-post\" data-elementor-id=\"12459\" class=\"elementor elementor-12459\" data-elementor-post-type=\"page\">\n\t\t\t\t\t\t<section class=\"elementor-section elementor-top-section elementor-element elementor-element-0947a9a elementor-section-height-min-height elementor-section-boxed elementor-section-height-default elementor-section-items-middle\" data-id=\"0947a9a\" data-element_type=\"section\" data-settings=\"{&quot;background_background&quot;:&quot;classic&quot;}\">\n\t\t\t\t\t\t<div class=\"elementor-container elementor-column-gap-default\">\n\t\t\t\t\t<div class=\"elementor-column elementor-col-100 elementor-top-column elementor-element elementor-element-f8eeaf1\" data-id=\"f8eeaf1\" data-element_type=\"column\">\n\t\t\t<div class=\"elementor-widget-wrap elementor-element-populated\">\n\t\t\t\t\t\t<div class=\"elementor-element elementor-element-977c432 elementor-widget elementor-widget-heading\" data-id=\"977c432\" data-element_type=\"widget\" data-widget_type=\"heading.default\">\n\t\t\t\t<div class=\"elementor-widget-container\">\n\t\t\t<h1 class=\"elementor-heading-title elementor-size-default\">Publicaciones<\/h1>\t\t<\/div>\n\t\t\t\t<\/div>\n\t\t\t\t\t<\/div>\n\t\t<\/div>\n\t\t\t\t\t<\/div>\n\t\t<\/section>\n\t\t\t\t<section class=\"elementor-section elementor-top-section elementor-element elementor-element-6bacf7e7 elementor-section-boxed elementor-section-height-default elementor-section-height-default\" data-id=\"6bacf7e7\" data-element_type=\"section\">\n\t\t\t\t\t\t<div class=\"elementor-container elementor-column-gap-default\">\n\t\t\t\t\t<div class=\"elementor-column elementor-col-100 elementor-top-column elementor-element elementor-element-2deee698\" data-id=\"2deee698\" data-element_type=\"column\">\n\t\t\t<div class=\"elementor-widget-wrap elementor-element-populated\">\n\t\t\t\t\t\t<div class=\"elementor-element elementor-element-09c56ab elementor-widget elementor-widget-heading\" data-id=\"09c56ab\" data-element_type=\"widget\" data-widget_type=\"heading.default\">\n\t\t\t\t<div class=\"elementor-widget-container\">\n\t\t\t<h4 class=\"elementor-heading-title elementor-size-default\">Publicaciones<\/h4>\t\t<\/div>\n\t\t\t\t<\/div>\n\t\t\t\t<div class=\"elementor-element elementor-element-e64431f elementor-widget elementor-widget-heading\" data-id=\"e64431f\" data-element_type=\"widget\" data-widget_type=\"heading.default\">\n\t\t\t\t<div class=\"elementor-widget-container\">\n\t\t\t<h4 class=\"elementor-heading-title elementor-size-default\">IDEALEX.PRESS<\/h4>\t\t<\/div>\n\t\t\t\t<\/div>\n\t\t\t\t<div class=\"elementor-element elementor-element-f7a37ed elementor-widget-divider--view-line elementor-widget elementor-widget-divider\" data-id=\"f7a37ed\" data-element_type=\"widget\" data-widget_type=\"divider.default\">\n\t\t\t\t<div class=\"elementor-widget-container\">\n\t\t\t\t\t<div class=\"elementor-divider\">\n\t\t\t<span class=\"elementor-divider-separator\">\n\t\t\t\t\t\t<\/span>\n\t\t<\/div>\n\t\t\t\t<\/div>\n\t\t\t\t<\/div>\n\t\t\t\t<div class=\"elementor-element elementor-element-8594de2 elementor-widget elementor-widget-text-editor\" data-id=\"8594de2\" data-element_type=\"widget\" data-widget_type=\"text-editor.default\">\n\t\t\t\t<div class=\"elementor-widget-container\">\n\t\t\t\t\t\t\t<p>\u2014 <a href=\"https:\/\/omcabogados.com.pe\/wp-content\/uploads\/la-importancia-de-las-mypes-en-el-peru-idealex-junio-2022-1.pdf\" target=\"_blank\" rel=\"noopener\">La importancia de las MYPES en el Per\u00fa, Junio 2022<\/a><\/p><p>\u2014 <a href=\"https:\/\/omcabogados.com.pe\/wp-content\/uploads\/los-modelos-de-utilidad-como-instrumento-de-proteccion-mas-usado-en-el-peru-idealex-abril-2022.pdf\" target=\"_blank\" rel=\"noopener\">Los modelos de utilidad como instrumento de protecci\u00f3n m\u00e1s usado en el Per\u00fa, Abril 2022<\/a><\/p><p>\u2014 <a href=\"https:\/\/omcabogados.com.pe\/wp-content\/uploads\/y-que-tal-si-uso-tu-marca-sin-que-lo-sepas-idealex-marzo-2022-1.pdf\" target=\"_blank\" rel=\"noopener\">\u00bfY qu\u00e9 tal si uso tu marca sin que lo sepas?, Marzo 2022<\/a><\/p><p>\u2014 <a href=\"https:\/\/omcabogados.com.pe\/wp-content\/uploads\/nfts-y-sus-roces-con-la-ley-idealex-febrero-2022.pdf\" target=\"_blank\" rel=\"noopener\">NFTs y sus roces con la ley, Febrero 2022<\/a><\/p><p>\u2014 <a href=\"https:\/\/omcabogados.com.pe\/wp-content\/uploads\/se-puede-proteger-un-software-mediante-el-sistema-de-patentes-idealex-diciembre-2021-1.pdf\" target=\"_blank\" rel=\"noopener\">\u00bfSe puede proteger un software mediante el sistema de patentes?, Diciembre 2021<\/a><\/p><p>\u2014 <a href=\"https:\/\/omcabogados.com.pe\/wp-content\/uploads\/las-marcas-no-convencionales-y-su-proteccion-en-el-ordenamiento-juridico-idealex-septiembre-2021-1.pdf\" target=\"_blank\" rel=\"noopener\">Las marcas no convencionales y su protecci\u00f3n en el ordenamiento jur\u00eddico, Septiembre 2021<\/a><\/p><p>\u2014 <a href=\"https:\/\/omcabogados.com.pe\/wp-content\/uploads\/las-marcas-de-casa-o-house-mark-idealex-julio-2021.pdf\" target=\"_blank\" rel=\"noopener\">Las marcas de casa, Julio 2021<\/a><\/p><p>\u2014 <a href=\"https:\/\/omcabogados.com.pe\/wp-content\/uploads\/el-problema-de-la-biopirateria-en-el-peru-idealex-mayo-2021.pdf\" target=\"_blank\" rel=\"noopener\">El problema de la biopirater\u00eda en el Per\u00fa, Mayo 2021<\/a><\/p><p>\u2014 <a href=\"https:\/\/omcabogados.com.pe\/wp-content\/uploads\/las-marcas-de-fantasia-idealex-febrero-2021-1.pdf\" target=\"_blank\" rel=\"noopener\">Las marcas de fantas\u00eda, Febrero 2021<\/a><\/p><p>\u2014 <a href=\"https:\/\/omcabogados.com.pe\/wp-content\/uploads\/publicidad-comparativa-subjetiva-enemigo-o-aliado-de-la-competencia-idealex-enero-2021-1.pdf\" target=\"_blank\" rel=\"noopener\">Publicidad comparativa subjetiva \u00bfenemigo o aliado de la competencia?, Enero 2021<\/a><\/p><p>\u2014 <a href=\"https:\/\/omcabogados.com.pe\/wp-content\/uploads\/derecho-a-la-salud-propiedad-intelectual-licencia-obligatoria-patentes-y-covid-19-idealex-diciembre-2020.pdf\" target=\"_blank\" rel=\"noopener\">Derecho a la Salud: La necesidad del uso de una licencia obligatoria en las patentes para el tratamiento del COVID 19 en el Per\u00fa, Diciembre 2020<\/a><\/p><p>\u2014 <a href=\"https:\/\/omcabogados.com.pe\/wp-content\/uploads\/la-mala-fe-como-impedimento-para-el-registro-de-una-marca-en-china-idealex-noviembre-2020-1.pdf\" target=\"_blank\" rel=\"noopener\">La mala fe como impedimento para el registro de una marca en China, Noviembre 2020<\/a><\/p><p>\u2014 <a href=\"https:\/\/omcabogados.com.pe\/wp-content\/uploads\/fashionizando-la-propiedad-intelectual-idealex-octubre-2020.pdf\" target=\"_blank\" rel=\"noopener\">Fashionizando la Propiedad Intelectual, Octubre 2020<\/a><\/p><p>\u2014 <a href=\"https:\/\/omcabogados.com.pe\/wp-content\/uploads\/marcas-tridimensionales-por-que-es-dificil-lograr-registrarlas-idealex-julio-2020-1.pdf\" target=\"_blank\" rel=\"noopener\">Marcas tridimensionales, \u00bfpor qu\u00e9 es dif\u00edcil lograr registrarlas?, Julio 2020<\/a><\/p><p>\u2014 Marcas olfativas, t\u00e1ctiles, sonoras y gustativas, Mayo 2020<\/p><p>\u2014 <a href=\"https:\/\/omcabogados.com.pe\/wp-content\/uploads\/el-uso-de-patentes-en-las-micro-y-pequenas-empresas-del-peru-idealex-abril-2020.pdf\" target=\"_blank\" rel=\"noopener\">El uso de patentes en las micro y peque\u00f1as empresas del Per\u00fa, Abril 2020<\/a><\/p><p>\u2014 Marcas fantasma: la dimensi\u00f3n desconocida de la propiedad intelectual, Marzo 2020<\/p><p>\u2014 Los abogados en tiempo de los Smart Contracts, Diciembre 2019<\/p><p>\u2014 Tecnolog\u00eda blockchain ya se aplica en propiedad intelectual, Diciembre 2019<\/p><p>\u2014 El derecho moral de integridad en las obras de arte pl\u00e1stico, Octubre 2019<\/p><p>\u2014 Las medidas de fronteras en la salvaguardia de los derechos intelectuales, Julio 2019<\/p><p>\u2014 F\u00fatbol: jugadores, t\u00e9cnicos y administradores concursales, Febrero 2019<\/p><p>\u2014 Licencias de uso obligatorias en casos de patentes Farmac\u00e9uticas, Noviembre 2018<\/p><p>\u2014 Marcas y pirater\u00eda en la mirada de un especialista, Septiembre 2018<\/p><p>\u2014 <a href=\"https:\/\/omcabogados.com.pe\/wp-content\/uploads\/las-marcas-olfativas-en-el-mundo-juridico-empresarial-idealex-septiembre-2018-1.pdf\" target=\"_blank\" rel=\"noopener\">Las marcas olfativas en el mundo jur\u00eddico empresarial, Septiembre 2018<\/a><\/p><p>\u2014 <a href=\"https:\/\/omcabogados.com.pe\/wp-content\/uploads\/omc-abogados-consultores-integra-nuevas-areas-de-trabajo-idealex-agosto-2018.pdf\" target=\"_blank\" rel=\"noopener\">OMC Abogados &amp; Consultores integra nuevas \u00e1reas de trabajo, Agosto 2018<\/a><\/p>\t\t\t\t\t\t<\/div>\n\t\t\t\t<\/div>\n\t\t\t\t<div class=\"elementor-element elementor-element-ea5f09f elementor-widget elementor-widget-eael-creative-button\" data-id=\"ea5f09f\" data-element_type=\"widget\" data-widget_type=\"eael-creative-button.default\">\n\t\t\t\t<div class=\"elementor-widget-container\">\n\t\t\t        <div class=\"eael-creative-button-wrapper\">\n\n            <a class=\"eael-creative-button eael-creative-button--default\" href=\"https:\/\/omcabogados.com.pe\/publicaciones\" data-text=\"\">\n            \t    \n                <div class=\"creative-button-inner\">\n\n                                            <span class=\"eael-creative-button-icon-left\"><i aria-hidden=\"true\" class=\"fas fa-chevron-left\"><\/i><\/span>                    \n                    <span class=\"cretive-button-text\">Regresar<\/span>\n\n                                    <\/div>\n\t                        <\/a>\n        <\/div>\n        \t\t<\/div>\n\t\t\t\t<\/div>\n\t\t\t\t\t<\/div>\n\t\t<\/div>\n\t\t\t\t\t<\/div>\n\t\t<\/section>\n\t\t\t\t<\/div>\n\t\t","protected":false},"excerpt":{"rendered":"<p>Publicaciones Publicaciones IDEALEX.PRESS \u2014 La importancia de las MYPES en el Per\u00fa, Junio 2022 \u2014 Los modelos de utilidad como instrumento de protecci\u00f3n m\u00e1s usado en el Per\u00fa, Abril 2022 \u2014 \u00bfY qu\u00e9 tal si uso tu marca sin que lo sepas?, Marzo 2022 \u2014 NFTs y sus roces con la ley, Febrero 2022 \u2014 [&hellip;]<\/p>\n","protected":false},"author":1,"featured_media":0,"parent":11954,"menu_order":0,"comment_status":"closed","ping_status":"closed","template":"","meta":{"_vp_format_video_url":"","_vp_image_focal_point":[],"_vp_custom_popup_image":0,"_vp_format_audio_url":"","_vp_custom_thumbnail":0,"_vp_custom_thumbnail_focal_point":[],"_vp_hover_thumbnail":0,"_vp_hover_thumbnail_focal_point":[],"footnotes":""},"class_list":["post-12459","page","type-page","status-publish","hentry"],"yoast_head":"<!-- This site is optimized with the Yoast SEO plugin v27.1.1 - https:\/\/yoast.com\/product\/yoast-seo-wordpress\/ -->\n<title>IdeaLex.press - OMC Abogados &amp; Consultores<\/title>\n<meta name=\"robots\" content=\"index, follow, max-snippet:-1, max-image-preview:large, max-video-preview:-1\" \/>\n<link rel=\"canonical\" href=\"https:\/\/omcabogados.com.pe\/es\/publicaciones\/idealex-press\/\" \/>\n<meta property=\"og:locale\" content=\"es_ES\" \/>\n<meta property=\"og:type\" content=\"article\" \/>\n<meta property=\"og:title\" content=\"IdeaLex.press - OMC Abogados &amp; Consultores\" \/>\n<meta property=\"og:description\" content=\"Publicaciones Publicaciones IDEALEX.PRESS \u2014 La importancia de las MYPES en el Per\u00fa, Junio 2022 \u2014 Los modelos de utilidad como instrumento de protecci\u00f3n m\u00e1s usado en el Per\u00fa, Abril 2022 \u2014 \u00bfY qu\u00e9 tal si uso tu marca sin que lo sepas?, Marzo 2022 \u2014 NFTs y sus roces con la ley, Febrero 2022 \u2014 [&hellip;]\" \/>\n<meta property=\"og:url\" content=\"https:\/\/omcabogados.com.pe\/es\/publicaciones\/idealex-press\/\" \/>\n<meta property=\"og:site_name\" content=\"OMC Abogados &amp; Consultores\" \/>\n<meta property=\"article:publisher\" content=\"https:\/\/www.facebook.com\/omcabogados.consultores\/\" \/>\n<meta property=\"article:modified_time\" content=\"2024-08-28T17:31:09+00:00\" \/>\n<meta name=\"twitter:card\" content=\"summary_large_image\" \/>\n<meta name=\"twitter:site\" content=\"@omcabogadosperu\" \/>\n<meta name=\"twitter:label1\" content=\"Tiempo de lectura\" \/>\n\t<meta name=\"twitter:data1\" content=\"2 minutos\" \/>\n<script type=\"application\/ld+json\" class=\"yoast-schema-graph\">{\"@context\":\"https:\/\/schema.org\",\"@graph\":[{\"@type\":\"WebPage\",\"@id\":\"https:\/\/omcabogados.com.pe\/es\/publicaciones\/idealex-press\/\",\"url\":\"https:\/\/omcabogados.com.pe\/es\/publicaciones\/idealex-press\/\",\"name\":\"IdeaLex.press - OMC Abogados &amp; Consultores\",\"isPartOf\":{\"@id\":\"https:\/\/omcabogados.com.pe\/es\/#website\"},\"datePublished\":\"2024-03-25T20:03:16+00:00\",\"dateModified\":\"2024-08-28T17:31:09+00:00\",\"breadcrumb\":{\"@id\":\"https:\/\/omcabogados.com.pe\/es\/publicaciones\/idealex-press\/#breadcrumb\"},\"inLanguage\":\"es\",\"potentialAction\":[{\"@type\":\"ReadAction\",\"target\":[\"https:\/\/omcabogados.com.pe\/es\/publicaciones\/idealex-press\/\"]}]},{\"@type\":\"BreadcrumbList\",\"@id\":\"https:\/\/omcabogados.com.pe\/es\/publicaciones\/idealex-press\/#breadcrumb\",\"itemListElement\":[{\"@type\":\"ListItem\",\"position\":1,\"name\":\"Portada\",\"item\":\"https:\/\/omcabogados.com.pe\/\"},{\"@type\":\"ListItem\",\"position\":2,\"name\":\"Publicaciones\",\"item\":\"https:\/\/omcabogados.com.pe\/es\/publicaciones\/\"},{\"@type\":\"ListItem\",\"position\":3,\"name\":\"IdeaLex.press\"}]},{\"@type\":\"WebSite\",\"@id\":\"https:\/\/omcabogados.com.pe\/es\/#website\",\"url\":\"https:\/\/omcabogados.com.pe\/es\/\",\"name\":\"OMC Abogados & Consultores\",\"description\":\"\",\"publisher\":{\"@id\":\"https:\/\/omcabogados.com.pe\/es\/#organization\"},\"potentialAction\":[{\"@type\":\"SearchAction\",\"target\":{\"@type\":\"EntryPoint\",\"urlTemplate\":\"https:\/\/omcabogados.com.pe\/es\/?s={search_term_string}\"},\"query-input\":{\"@type\":\"PropertyValueSpecification\",\"valueRequired\":true,\"valueName\":\"search_term_string\"}}],\"inLanguage\":\"es\"},{\"@type\":\"Organization\",\"@id\":\"https:\/\/omcabogados.com.pe\/es\/#organization\",\"name\":\"OMC Abogados & Consultores\",\"url\":\"https:\/\/omcabogados.com.pe\/es\/\",\"logo\":{\"@type\":\"ImageObject\",\"inLanguage\":\"es\",\"@id\":\"https:\/\/omcabogados.com.pe\/es\/#\/schema\/logo\/image\/\",\"url\":\"https:\/\/omcabogados.com.pe\/wp-content\/uploads\/logo-omc-abogados.png\",\"contentUrl\":\"https:\/\/omcabogados.com.pe\/wp-content\/uploads\/logo-omc-abogados.png\",\"width\":210,\"height\":159,\"caption\":\"OMC Abogados & Consultores\"},\"image\":{\"@id\":\"https:\/\/omcabogados.com.pe\/es\/#\/schema\/logo\/image\/\"},\"sameAs\":[\"https:\/\/www.facebook.com\/omcabogados.consultores\/\",\"https:\/\/x.com\/omcabogadosperu\",\"https:\/\/www.linkedin.com\/company\/omc-abogados-consultores\/?viewAsMember=true\",\"https:\/\/www.instagram.com\/omcabogadosyconsultores\/\"]}]}<\/script>\n<!-- \/ Yoast SEO plugin. -->","yoast_head_json":{"title":"IdeaLex.press - OMC Abogados &amp; Consultores","robots":{"index":"index","follow":"follow","max-snippet":"max-snippet:-1","max-image-preview":"max-image-preview:large","max-video-preview":"max-video-preview:-1"},"canonical":"https:\/\/omcabogados.com.pe\/es\/publicaciones\/idealex-press\/","og_locale":"es_ES","og_type":"article","og_title":"IdeaLex.press - OMC Abogados &amp; Consultores","og_description":"Publicaciones Publicaciones IDEALEX.PRESS \u2014 La importancia de las MYPES en el Per\u00fa, Junio 2022 \u2014 Los modelos de utilidad como instrumento de protecci\u00f3n m\u00e1s usado en el Per\u00fa, Abril 2022 \u2014 \u00bfY qu\u00e9 tal si uso tu marca sin que lo sepas?, Marzo 2022 \u2014 NFTs y sus roces con la ley, Febrero 2022 \u2014 [&hellip;]","og_url":"https:\/\/omcabogados.com.pe\/es\/publicaciones\/idealex-press\/","og_site_name":"OMC Abogados &amp; Consultores","article_publisher":"https:\/\/www.facebook.com\/omcabogados.consultores\/","article_modified_time":"2024-08-28T17:31:09+00:00","twitter_card":"summary_large_image","twitter_site":"@omcabogadosperu","twitter_misc":{"Tiempo de lectura":"2 minutos"},"schema":{"@context":"https:\/\/schema.org","@graph":[{"@type":"WebPage","@id":"https:\/\/omcabogados.com.pe\/es\/publicaciones\/idealex-press\/","url":"https:\/\/omcabogados.com.pe\/es\/publicaciones\/idealex-press\/","name":"IdeaLex.press - OMC Abogados &amp; Consultores","isPartOf":{"@id":"https:\/\/omcabogados.com.pe\/es\/#website"},"datePublished":"2024-03-25T20:03:16+00:00","dateModified":"2024-08-28T17:31:09+00:00","breadcrumb":{"@id":"https:\/\/omcabogados.com.pe\/es\/publicaciones\/idealex-press\/#breadcrumb"},"inLanguage":"es","potentialAction":[{"@type":"ReadAction","target":["https:\/\/omcabogados.com.pe\/es\/publicaciones\/idealex-press\/"]}]},{"@type":"BreadcrumbList","@id":"https:\/\/omcabogados.com.pe\/es\/publicaciones\/idealex-press\/#breadcrumb","itemListElement":[{"@type":"ListItem","position":1,"name":"Portada","item":"https:\/\/omcabogados.com.pe\/"},{"@type":"ListItem","position":2,"name":"Publicaciones","item":"https:\/\/omcabogados.com.pe\/es\/publicaciones\/"},{"@type":"ListItem","position":3,"name":"IdeaLex.press"}]},{"@type":"WebSite","@id":"https:\/\/omcabogados.com.pe\/es\/#website","url":"https:\/\/omcabogados.com.pe\/es\/","name":"OMC Abogados & Consultores","description":"","publisher":{"@id":"https:\/\/omcabogados.com.pe\/es\/#organization"},"potentialAction":[{"@type":"SearchAction","target":{"@type":"EntryPoint","urlTemplate":"https:\/\/omcabogados.com.pe\/es\/?s={search_term_string}"},"query-input":{"@type":"PropertyValueSpecification","valueRequired":true,"valueName":"search_term_string"}}],"inLanguage":"es"},{"@type":"Organization","@id":"https:\/\/omcabogados.com.pe\/es\/#organization","name":"OMC Abogados & Consultores","url":"https:\/\/omcabogados.com.pe\/es\/","logo":{"@type":"ImageObject","inLanguage":"es","@id":"https:\/\/omcabogados.com.pe\/es\/#\/schema\/logo\/image\/","url":"https:\/\/omcabogados.com.pe\/wp-content\/uploads\/logo-omc-abogados.png","contentUrl":"https:\/\/omcabogados.com.pe\/wp-content\/uploads\/logo-omc-abogados.png","width":210,"height":159,"caption":"OMC Abogados & Consultores"},"image":{"@id":"https:\/\/omcabogados.com.pe\/es\/#\/schema\/logo\/image\/"},"sameAs":["https:\/\/www.facebook.com\/omcabogados.consultores\/","https:\/\/x.com\/omcabogadosperu","https:\/\/www.linkedin.com\/company\/omc-abogados-consultores\/?viewAsMember=true","https:\/\/www.instagram.com\/omcabogadosyconsultores\/"]}]}},"rttpg_featured_image_url":null,"rttpg_author":{"display_name":"WebMasterOMC","author_link":"https:\/\/omcabogados.com.pe\/es\/author\/webmasteromc\/"},"rttpg_comment":0,"rttpg_category":null,"rttpg_excerpt":"Publicaciones Publicaciones IDEALEX.PRESS \u2014 La importancia de las MYPES en el Per\u00fa, Junio 2022 \u2014 Los modelos de utilidad como instrumento de protecci\u00f3n m\u00e1s usado en el Per\u00fa, Abril 2022 \u2014 \u00bfY qu\u00e9 tal si uso tu marca sin que lo sepas?, Marzo 2022 \u2014 NFTs y sus roces con la ley, Febrero 2022 \u2014&hellip;","_links":{"self":[{"href":"https:\/\/omcabogados.com.pe\/es\/wp-json\/wp\/v2\/pages\/12459","targetHints":{"allow":["GET"]}}],"collection":[{"href":"https:\/\/omcabogados.com.pe\/es\/wp-json\/wp\/v2\/pages"}],"about":[{"href":"https:\/\/omcabogados.com.pe\/es\/wp-json\/wp\/v2\/types\/page"}],"author":[{"embeddable":true,"href":"https:\/\/omcabogados.com.pe\/es\/wp-json\/wp\/v2\/users\/1"}],"replies":[{"embeddable":true,"href":"https:\/\/omcabogados.com.pe\/es\/wp-json\/wp\/v2\/comments?post=12459"}],"version-history":[{"count":22,"href":"https:\/\/omcabogados.com.pe\/es\/wp-json\/wp\/v2\/pages\/12459\/revisions"}],"predecessor-version":[{"id":14611,"href":"https:\/\/omcabogados.com.pe\/es\/wp-json\/wp\/v2\/pages\/12459\/revisions\/14611"}],"up":[{"embeddable":true,"href":"https:\/\/omcabogados.com.pe\/es\/wp-json\/wp\/v2\/pages\/11954"}],"wp:attachment":[{"href":"https:\/\/omcabogados.com.pe\/es\/wp-json\/wp\/v2\/media?parent=12459"}],"curies":[{"name":"wp","href":"https:\/\/api.w.org\/{rel}","templated":true}]}}