{"id":12453,"date":"2024-03-25T11:09:23","date_gmt":"2024-03-25T16:09:23","guid":{"rendered":"https:\/\/omcabogados.com.pe\/?page_id=12453"},"modified":"2025-11-21T15:58:38","modified_gmt":"2025-11-21T20:58:38","slug":"camara-de-comercio-canada-peru","status":"publish","type":"page","link":"https:\/\/omcabogados.com.pe\/es\/publicaciones\/camara-de-comercio-canada-peru\/","title":{"rendered":"C\u00e1mara de Comercio Canad\u00e1 &#8211; Per\u00fa"},"content":{"rendered":"\t\t<div data-elementor-type=\"wp-post\" data-elementor-id=\"12453\" class=\"elementor elementor-12453\" data-elementor-post-type=\"page\">\n\t\t\t\t\t\t<section class=\"elementor-section elementor-top-section elementor-element elementor-element-0947a9a elementor-section-height-min-height elementor-section-boxed elementor-section-height-default elementor-section-items-middle\" data-id=\"0947a9a\" data-element_type=\"section\" data-settings=\"{&quot;background_background&quot;:&quot;classic&quot;}\">\n\t\t\t\t\t\t<div class=\"elementor-container elementor-column-gap-default\">\n\t\t\t\t\t<div class=\"elementor-column elementor-col-100 elementor-top-column elementor-element elementor-element-f8eeaf1\" data-id=\"f8eeaf1\" data-element_type=\"column\">\n\t\t\t<div class=\"elementor-widget-wrap elementor-element-populated\">\n\t\t\t\t\t\t<div class=\"elementor-element elementor-element-977c432 elementor-widget elementor-widget-heading\" data-id=\"977c432\" data-element_type=\"widget\" data-widget_type=\"heading.default\">\n\t\t\t\t<div class=\"elementor-widget-container\">\n\t\t\t<h1 class=\"elementor-heading-title elementor-size-default\">Publicaciones<\/h1>\t\t<\/div>\n\t\t\t\t<\/div>\n\t\t\t\t\t<\/div>\n\t\t<\/div>\n\t\t\t\t\t<\/div>\n\t\t<\/section>\n\t\t\t\t<section class=\"elementor-section elementor-top-section elementor-element elementor-element-6bacf7e7 elementor-section-boxed elementor-section-height-default elementor-section-height-default\" data-id=\"6bacf7e7\" data-element_type=\"section\">\n\t\t\t\t\t\t<div class=\"elementor-container elementor-column-gap-default\">\n\t\t\t\t\t<div class=\"elementor-column elementor-col-100 elementor-top-column elementor-element elementor-element-2deee698\" data-id=\"2deee698\" data-element_type=\"column\">\n\t\t\t<div class=\"elementor-widget-wrap elementor-element-populated\">\n\t\t\t\t\t\t<div class=\"elementor-element elementor-element-09c56ab elementor-widget elementor-widget-heading\" data-id=\"09c56ab\" data-element_type=\"widget\" data-widget_type=\"heading.default\">\n\t\t\t\t<div class=\"elementor-widget-container\">\n\t\t\t<h4 class=\"elementor-heading-title elementor-size-default\">Publicaciones<\/h4>\t\t<\/div>\n\t\t\t\t<\/div>\n\t\t\t\t<div class=\"elementor-element elementor-element-e982242 elementor-widget elementor-widget-heading\" data-id=\"e982242\" data-element_type=\"widget\" data-widget_type=\"heading.default\">\n\t\t\t\t<div class=\"elementor-widget-container\">\n\t\t\t<h4 class=\"elementor-heading-title elementor-size-default\">C\u00c1MARA DE COMERCIO CANADA - PER\u00da<\/h4>\t\t<\/div>\n\t\t\t\t<\/div>\n\t\t\t\t<div class=\"elementor-element elementor-element-ac5dbd2 elementor-widget-divider--view-line elementor-widget elementor-widget-divider\" data-id=\"ac5dbd2\" data-element_type=\"widget\" data-widget_type=\"divider.default\">\n\t\t\t\t<div class=\"elementor-widget-container\">\n\t\t\t\t\t<div class=\"elementor-divider\">\n\t\t\t<span class=\"elementor-divider-separator\">\n\t\t\t\t\t\t<\/span>\n\t\t<\/div>\n\t\t\t\t<\/div>\n\t\t\t\t<\/div>\n\t\t\t\t<div class=\"elementor-element elementor-element-8594de2 elementor-widget elementor-widget-text-editor\" data-id=\"8594de2\" data-element_type=\"widget\" data-widget_type=\"text-editor.default\">\n\t\t\t\t<div class=\"elementor-widget-container\">\n\t\t\t\t\t\t\t<p>\u2014 <a href=\"https:\/\/omcabogados.com.pe\/wp-content\/uploads\/omc-abogados-y-consultores-20-anos-de-trayectoria-y-compromiso-profesional-Camara-de-Canada-21.11.25.pdf\">OMC Abogados &amp; Consultores: 20 a\u00f1os de trayectoria y compromiso profesional, Noviembre 2025<\/a><\/p><p>\u2014<a href=\"https:\/\/omcabogados.com.pe\/wp-content\/uploads\/omc-abogados-consultores-participo-en-la-asamblea-anual-inta-2025-camara-Canada-Peru-01.08.25.pdf\"> OMC Abogados &amp; Consultores particip\u00f3 en la asamblea anual INTA 2025, Agosto 2025<\/a><\/p><p>\u2014\u00a0<a href=\"https:\/\/omcabogados.com.pe\/wp-content\/uploads\/omc-abogados-y-consultores-anuncia-sus-nuevas-especialidades-entrevista-de-la-semana-camara-canada-peru-29.10.24.pdf\">OMC Abogados &amp; Consultores anuncia sus nuevas especialidades, Octubre 2024<\/a><\/p><p>\u2014 <a href=\"https:\/\/omcabogados.com.pe\/wp-content\/uploads\/mypes-acreedoras-del-estado-seran-empadronadas-camara-de-comercio-canada-peru-marzo-2023.pdf\" target=\"_blank\" rel=\"noopener\">MYPES acreedoras del Estado ser\u00e1n empadronadas, Marzo 2023<\/a><\/p><p>\u2014 <a href=\"https:\/\/omcabogados.com.pe\/wp-content\/uploads\/jovenes-peruanos-protegen-sus-emprendimientos-con-propiedad-intelectual-camara-de-comercio-canada-peru-octubre-2022.pdf\" target=\"_blank\" rel=\"noopener\">J\u00f3venes peruanos protegen sus emprendimientos de Propiedad Intelectual, Octubre 2022<\/a><\/p><p>\u2014 <a href=\"https:\/\/omcabogados.com.pe\/wp-content\/uploads\/registros-sanitarios-el-nuevo-servicio-que-brinda-omc-abogados-consultores-camara-de-comercio-canada-peru-agosto-2022.pdf\" target=\"_blank\" rel=\"noopener\">Registros Sanitarios, el nuevo servicio que brinda OMC Abogados &amp; Consultores, Agosto 2022<\/a><\/p><p>\u2014 <a href=\"https:\/\/omcabogados.com.pe\/wp-content\/uploads\/omc-abogados-consultores-suma-un-nuevo-miembro-a-su-equipo-de-propiedad-intelectual-camara-de-comercio-canada-peru-junio-2022.pdf\" target=\"_blank\" rel=\"noopener\">OMC Abogados &amp; Consultores suma un nuevo miembro a su equipo de Propiedad Intelectual, Junio 2022<\/a><\/p><p>\u2014 <a href=\"https:\/\/omcabogados.com.pe\/wp-content\/uploads\/produccion-artesanal-de-cannabis-con-fines-medicinales-es-autorizado-en-el-peru-camara-de-comercio-canada-peru-noviembre-2021.pdf\" target=\"_blank\" rel=\"noopener\">Producci\u00f3n artesanal de Cannabis con fines medicinales es autorizado en el Per\u00fa, Noviembre 2021<\/a><\/p><p>\u2014 <a href=\"https:\/\/omcabogados.com.pe\/wp-content\/uploads\/el-departamento-de-propiedad-intelectual-de-omc-abogados-consultores-presenta-a-su-nueva-integrante-camara-de-comercio-canada-peru-octubre-2021.pdf\" target=\"_blank\" rel=\"noopener\">El departamento de Propiedad Intelectual de OMC Abogados &amp; Consultores presenta a su nueva integrante, Octubre 2021<\/a><\/p><p>\u2014 <a href=\"https:\/\/omcabogados.com.pe\/wp-content\/uploads\/es-posible-solicitar-la-cancelacion-del-registro-de-una-marca-en-el-peru-camara-de-comercio-canada-peru-abril-2021.pdf\" target=\"_blank\" rel=\"noopener\">\u00bfEs posible solicitar la cancelaci\u00f3n del registro de una marca en el Per\u00fa?, Abril 2021<\/a><\/p><p>\u2014 <a href=\"https:\/\/omcabogados.com.pe\/wp-content\/uploads\/que-tipo-de-sociedad-elegir-antes-de-iniciar-un-negocio-camara-de-comercio-canada-peru-febrero-2021.pdf\" target=\"_blank\" rel=\"noopener\">OMC Abogados &amp; Consultores: Qu\u00e9 tipo de sociedad elegir antes de iniciar un negocio?, Febrero 2021<\/a><\/p><p>\u2014 <a href=\"https:\/\/omcabogados.com.pe\/wp-content\/uploads\/derecho-a-la-salud-la-necesidad-del-uso-de-una-licencia-obligatoria-en-las-patentes-para-el-tratamiento-del-covid-19-en-el-peru-camara-de-comercio-canada-peru-febrero-2021.pdf\" target=\"_blank\" rel=\"noopener\">Derecho a la Salud: La necesidad del uso de una licencia obligatoria en las patentes para el tratamiento del COVID 19 en el Per\u00fa, Febrero 2021<\/a><\/p><p>\u2014 <a href=\"https:\/\/omcabogados.com.pe\/wp-content\/uploads\/los-beneficios-de-tener-un-invento-patentado-en-el-peru-camara-de-comercio-canada-peru-enero-2021.pdf\" target=\"_blank\" rel=\"noopener\">Los beneficios de tener un invento patentado en el Per\u00fa, Enero 2021<\/a><\/p><p>\u2014 <a href=\"https:\/\/omcabogados.com.pe\/wp-content\/uploads\/omc-abogados-consultores-brinda-asesoria-legal-para-la-obtencion-de-marcas-colectivas-en-el-peru-camara-de-comercio-canada-peru-diciembre-2020.pdf\" target=\"_blank\" rel=\"noopener\">OMC Abogados &amp; Consultores brinda asesor\u00eda legal para la obtenci\u00f3n de marcas colectivas en el Per\u00fa, Diciembre 2020<\/a><\/p><p>\u2014 <a href=\"https:\/\/omcabogados.com.pe\/wp-content\/uploads\/asociaciones-publico-privadas-una-gran-oportunidad-para-invertir-en-el-peru-camara-de-comercio-canada-peru-diciembre-2020.pdf\" target=\"_blank\" rel=\"noopener\">Asociaciones p\u00fablico\u2014privadas: Una gran oportunidad para invertir en el Per\u00fa, Diciembre 2020<\/a><\/p><p>\u2014 <a href=\"https:\/\/omcabogados.com.pe\/wp-content\/uploads\/asesoria-legal-al-servicio-del-cliente-camara-de-comercio-canada-peru-noviembre-2020.pdf\" target=\"_blank\" rel=\"noopener\">OMC Abogados &amp; Consultores: Asesor\u00eda legal al servicio del cliente, Noviembre 2020<\/a><\/p><p>\u2014 <a href=\"https:\/\/omcabogados.com.pe\/wp-content\/uploads\/la-asesoria-legal-como-medio-para-la-gestion-de-empresas-camara-de-comercio-canada-peru-octubre-2020.pdf\" target=\"_blank\" rel=\"noopener\">La asesor\u00eda legal como medio para la gesti\u00f3n de empresas, Octubre 2020<\/a><\/p><p>\u2014 <a href=\"https:\/\/omcabogados.com.pe\/wp-content\/uploads\/el-uso-de-patentes-en-las-micro-y-pequenas-empresas-del-peru-camara-de-comercio-canada-peru-octubre-2020.pdf\" target=\"_blank\" rel=\"noopener\">El uso de patentes en las micro y peque\u00f1as empresas del Per\u00fa, Octubre 2020<\/a><\/p><p>\u2014 <a href=\"https:\/\/omcabogados.com.pe\/wp-content\/uploads\/el-equipo-de-propiedad-intelectual-de-omc-abogados-consultores-cuenta-con-un-nuevo-integrante-camara-de-comercio-canada-peru-agosto-2020.pdf\" target=\"_blank\" rel=\"noopener\">El equipo de Propiedad Intelectual del estudio peruano OMC Abogados &amp; Consultores cuenta con un nuevo integrante, Agosto 2020<\/a><\/p><p>\u2014 <a href=\"https:\/\/omcabogados.com.pe\/wp-content\/uploads\/autoridades-reactivan-la-contratacion-publica-camara-de-comercio-canada-peru-agosto-2020.pdf\" target=\"_blank\" rel=\"noopener\">Autoridades reactivan la contrataci\u00f3n p\u00fablica, Agosto 2020<\/a><\/p><p>\u2014 Se aplicar\u00e1 mayor control a la venta de empresas peruanas en el extranjero, Junio 2020<\/p><p>\u2014 Junta General de Accionistas y las Reuniones de Directorio virtuales durante la Pandemia del Covid 19, Mayo 2020<\/p><p>\u2014 Requisitos para aplicar la Suspensi\u00f3n Laboral Perfecta, Abril 2020<\/p><p>\u2014 ASIPI organiz\u00f3 la XXI Jornadas de Trabajo y Consejo de Administraci\u00f3n 2019 en Lima, Diciembre 2019<\/p><p>\u2014 El estudio OMC Abogados &amp; Consultores y su director reciben reconocimiento internacional, Octubre 2019<\/p><p>\u2014 Dr. Federico Mevius particip\u00f3 en informe internacional, Agosto 2019<\/p><p>\u2014 OMC Abogados &amp; Consultores es reconocido como uno de los m\u00e1s destacados en la especialidad de Propiedad Intelectual en el Per\u00fa, Junio 2019<\/p><p>\u2014 OMC Abogados \u2014 Deducci\u00f3n de impuestos: 4ta y 5ta Categor\u00eda, Abril 2019<\/p><p>\u2014 Empleador no podr\u00e1 fraccionar vacaciones de trabajadores, Marzo 2019<\/p><p>\u2014 Dr. Oscar Mago es incluido en reconocido ranking Best Lawyers, Febrero 2019<\/p><p>\u2014 XX Congreso de ASIPI: Recociendo el valor de la Propiedad Intelectual en la empresa, Diciembre 2018<\/p><p>\u2014 OMC Abogados &amp; Consultores incorpora un nuevo integrante en el \u00e1rea de derecho corporativo, Noviembre 2018<\/p><p>\u2014 Dr. Oscar Mago se reuni\u00f3 con colegas en Sao Paulo y Porto Alegre, Octubre 2018<\/p><p>\u2014 El Per\u00fa contar\u00e1 con una Pol\u00edtica Nacional de Propiedad Intelectual, Septiembre 2018<\/p><p>\u2014 Dr. Oscar Mago se reuni\u00f3 con firmas de Argentina y Uruguay, Agosto 2018<\/p><p>\u2014 Dr. Oscar Mago es considerado en el ranking de abogados de Propiedad Intelectual \u2014 Per\u00fa 2019 de Chambers &amp; Partners, Agosto 2018<\/p><p>\u2014 SUNAT emplea la tecnolog\u00eda en favor de los Contribuyentes, Julio 2018<\/p><p>\u2014 Estudio peruano particip\u00f3 en congreso internacional de Propiedad Intelectual, Junio 2018<\/p><p>\u2014 OMC Abogados &amp; Consultores: Gira de Negocios 2018, Mayo 2018<\/p>\t\t\t\t\t\t<\/div>\n\t\t\t\t<\/div>\n\t\t\t\t<div class=\"elementor-element elementor-element-ea5f09f elementor-widget elementor-widget-eael-creative-button\" data-id=\"ea5f09f\" data-element_type=\"widget\" data-widget_type=\"eael-creative-button.default\">\n\t\t\t\t<div class=\"elementor-widget-container\">\n\t\t\t        <div class=\"eael-creative-button-wrapper\">\n\n            <a class=\"eael-creative-button eael-creative-button--default\" href=\"https:\/\/omcabogados.com.pe\/publicaciones\" data-text=\"\">\n            \t    \n                <div class=\"creative-button-inner\">\n\n                                            <span class=\"eael-creative-button-icon-left\"><i aria-hidden=\"true\" class=\"fas fa-chevron-left\"><\/i><\/span>                    \n                    <span class=\"cretive-button-text\">Regresar<\/span>\n\n                                    <\/div>\n\t                        <\/a>\n        <\/div>\n        \t\t<\/div>\n\t\t\t\t<\/div>\n\t\t\t\t\t<\/div>\n\t\t<\/div>\n\t\t\t\t\t<\/div>\n\t\t<\/section>\n\t\t\t\t<\/div>\n\t\t","protected":false},"excerpt":{"rendered":"<p>Publicaciones Publicaciones C\u00c1MARA DE COMERCIO CANADA &#8211; PER\u00da \u2014 OMC Abogados &amp; Consultores: 20 a\u00f1os de trayectoria y compromiso profesional, Noviembre 2025 \u2014 OMC Abogados &amp; Consultores particip\u00f3 en la asamblea anual INTA 2025, Agosto 2025 \u2014\u00a0OMC Abogados &amp; Consultores anuncia sus nuevas especialidades, Octubre 2024 \u2014 MYPES acreedoras del Estado ser\u00e1n empadronadas, Marzo 2023 [&hellip;]<\/p>\n","protected":false},"author":1,"featured_media":0,"parent":11954,"menu_order":0,"comment_status":"closed","ping_status":"closed","template":"","meta":{"_vp_format_video_url":"","_vp_image_focal_point":[],"_vp_custom_popup_image":0,"_vp_format_audio_url":"","_vp_custom_thumbnail":0,"_vp_custom_thumbnail_focal_point":[],"_vp_hover_thumbnail":0,"_vp_hover_thumbnail_focal_point":[],"footnotes":""},"class_list":["post-12453","page","type-page","status-publish","hentry"],"yoast_head":"<!-- This site is optimized with the Yoast SEO plugin v27.1.1 - https:\/\/yoast.com\/product\/yoast-seo-wordpress\/ -->\n<title>C\u00e1mara de Comercio Canad\u00e1 - Per\u00fa - OMC Abogados &amp; Consultores<\/title>\n<meta name=\"robots\" content=\"index, follow, max-snippet:-1, max-image-preview:large, max-video-preview:-1\" \/>\n<link rel=\"canonical\" href=\"https:\/\/omcabogados.com.pe\/es\/publicaciones\/camara-de-comercio-canada-peru\/\" \/>\n<meta property=\"og:locale\" content=\"es_ES\" \/>\n<meta property=\"og:type\" content=\"article\" \/>\n<meta property=\"og:title\" content=\"C\u00e1mara de Comercio Canad\u00e1 - Per\u00fa - OMC Abogados &amp; Consultores\" \/>\n<meta property=\"og:description\" content=\"Publicaciones Publicaciones C\u00c1MARA DE COMERCIO CANADA &#8211; PER\u00da \u2014 OMC Abogados &amp; Consultores: 20 a\u00f1os de trayectoria y compromiso profesional, Noviembre 2025 \u2014 OMC Abogados &amp; Consultores particip\u00f3 en la asamblea anual INTA 2025, Agosto 2025 \u2014\u00a0OMC Abogados &amp; Consultores anuncia sus nuevas especialidades, Octubre 2024 \u2014 MYPES acreedoras del Estado ser\u00e1n empadronadas, Marzo 2023 [&hellip;]\" \/>\n<meta property=\"og:url\" content=\"https:\/\/omcabogados.com.pe\/es\/publicaciones\/camara-de-comercio-canada-peru\/\" \/>\n<meta property=\"og:site_name\" content=\"OMC Abogados &amp; Consultores\" \/>\n<meta property=\"article:publisher\" content=\"https:\/\/www.facebook.com\/omcabogados.consultores\/\" \/>\n<meta property=\"article:modified_time\" content=\"2025-11-21T20:58:38+00:00\" \/>\n<meta name=\"twitter:card\" content=\"summary_large_image\" \/>\n<meta name=\"twitter:site\" content=\"@omcabogadosperu\" \/>\n<meta name=\"twitter:label1\" content=\"Tiempo de lectura\" \/>\n\t<meta name=\"twitter:data1\" content=\"3 minutos\" \/>\n<script type=\"application\/ld+json\" class=\"yoast-schema-graph\">{\"@context\":\"https:\/\/schema.org\",\"@graph\":[{\"@type\":\"WebPage\",\"@id\":\"https:\/\/omcabogados.com.pe\/publicaciones\/camara-de-comercio-canada-peru\/\",\"url\":\"https:\/\/omcabogados.com.pe\/publicaciones\/camara-de-comercio-canada-peru\/\",\"name\":\"C\u00e1mara de Comercio Canad\u00e1 - Per\u00fa - OMC Abogados &amp; Consultores\",\"isPartOf\":{\"@id\":\"https:\/\/omcabogados.com.pe\/es\/#website\"},\"datePublished\":\"2024-03-25T16:09:23+00:00\",\"dateModified\":\"2025-11-21T20:58:38+00:00\",\"breadcrumb\":{\"@id\":\"https:\/\/omcabogados.com.pe\/publicaciones\/camara-de-comercio-canada-peru\/#breadcrumb\"},\"inLanguage\":\"es\",\"potentialAction\":[{\"@type\":\"ReadAction\",\"target\":[\"https:\/\/omcabogados.com.pe\/publicaciones\/camara-de-comercio-canada-peru\/\"]}]},{\"@type\":\"BreadcrumbList\",\"@id\":\"https:\/\/omcabogados.com.pe\/publicaciones\/camara-de-comercio-canada-peru\/#breadcrumb\",\"itemListElement\":[{\"@type\":\"ListItem\",\"position\":1,\"name\":\"Portada\",\"item\":\"https:\/\/omcabogados.com.pe\/\"},{\"@type\":\"ListItem\",\"position\":2,\"name\":\"Publicaciones\",\"item\":\"https:\/\/omcabogados.com.pe\/es\/publicaciones\/\"},{\"@type\":\"ListItem\",\"position\":3,\"name\":\"C\u00e1mara de Comercio Canad\u00e1 &#8211; Per\u00fa\"}]},{\"@type\":\"WebSite\",\"@id\":\"https:\/\/omcabogados.com.pe\/es\/#website\",\"url\":\"https:\/\/omcabogados.com.pe\/es\/\",\"name\":\"OMC Abogados & Consultores\",\"description\":\"\",\"publisher\":{\"@id\":\"https:\/\/omcabogados.com.pe\/es\/#organization\"},\"potentialAction\":[{\"@type\":\"SearchAction\",\"target\":{\"@type\":\"EntryPoint\",\"urlTemplate\":\"https:\/\/omcabogados.com.pe\/es\/?s={search_term_string}\"},\"query-input\":{\"@type\":\"PropertyValueSpecification\",\"valueRequired\":true,\"valueName\":\"search_term_string\"}}],\"inLanguage\":\"es\"},{\"@type\":\"Organization\",\"@id\":\"https:\/\/omcabogados.com.pe\/es\/#organization\",\"name\":\"OMC Abogados & Consultores\",\"url\":\"https:\/\/omcabogados.com.pe\/es\/\",\"logo\":{\"@type\":\"ImageObject\",\"inLanguage\":\"es\",\"@id\":\"https:\/\/omcabogados.com.pe\/es\/#\/schema\/logo\/image\/\",\"url\":\"https:\/\/omcabogados.com.pe\/wp-content\/uploads\/logo-omc-abogados.png\",\"contentUrl\":\"https:\/\/omcabogados.com.pe\/wp-content\/uploads\/logo-omc-abogados.png\",\"width\":210,\"height\":159,\"caption\":\"OMC Abogados & Consultores\"},\"image\":{\"@id\":\"https:\/\/omcabogados.com.pe\/es\/#\/schema\/logo\/image\/\"},\"sameAs\":[\"https:\/\/www.facebook.com\/omcabogados.consultores\/\",\"https:\/\/x.com\/omcabogadosperu\",\"https:\/\/www.linkedin.com\/company\/omc-abogados-consultores\/?viewAsMember=true\",\"https:\/\/www.instagram.com\/omcabogadosyconsultores\/\"]}]}<\/script>\n<!-- \/ Yoast SEO plugin. -->","yoast_head_json":{"title":"C\u00e1mara de Comercio Canad\u00e1 - Per\u00fa - OMC Abogados &amp; Consultores","robots":{"index":"index","follow":"follow","max-snippet":"max-snippet:-1","max-image-preview":"max-image-preview:large","max-video-preview":"max-video-preview:-1"},"canonical":"https:\/\/omcabogados.com.pe\/es\/publicaciones\/camara-de-comercio-canada-peru\/","og_locale":"es_ES","og_type":"article","og_title":"C\u00e1mara de Comercio Canad\u00e1 - Per\u00fa - OMC Abogados &amp; Consultores","og_description":"Publicaciones Publicaciones C\u00c1MARA DE COMERCIO CANADA &#8211; PER\u00da \u2014 OMC Abogados &amp; Consultores: 20 a\u00f1os de trayectoria y compromiso profesional, Noviembre 2025 \u2014 OMC Abogados &amp; Consultores particip\u00f3 en la asamblea anual INTA 2025, Agosto 2025 \u2014\u00a0OMC Abogados &amp; Consultores anuncia sus nuevas especialidades, Octubre 2024 \u2014 MYPES acreedoras del Estado ser\u00e1n empadronadas, Marzo 2023 [&hellip;]","og_url":"https:\/\/omcabogados.com.pe\/es\/publicaciones\/camara-de-comercio-canada-peru\/","og_site_name":"OMC Abogados &amp; Consultores","article_publisher":"https:\/\/www.facebook.com\/omcabogados.consultores\/","article_modified_time":"2025-11-21T20:58:38+00:00","twitter_card":"summary_large_image","twitter_site":"@omcabogadosperu","twitter_misc":{"Tiempo de lectura":"3 minutos"},"schema":{"@context":"https:\/\/schema.org","@graph":[{"@type":"WebPage","@id":"https:\/\/omcabogados.com.pe\/publicaciones\/camara-de-comercio-canada-peru\/","url":"https:\/\/omcabogados.com.pe\/publicaciones\/camara-de-comercio-canada-peru\/","name":"C\u00e1mara de Comercio Canad\u00e1 - Per\u00fa - OMC Abogados &amp; Consultores","isPartOf":{"@id":"https:\/\/omcabogados.com.pe\/es\/#website"},"datePublished":"2024-03-25T16:09:23+00:00","dateModified":"2025-11-21T20:58:38+00:00","breadcrumb":{"@id":"https:\/\/omcabogados.com.pe\/publicaciones\/camara-de-comercio-canada-peru\/#breadcrumb"},"inLanguage":"es","potentialAction":[{"@type":"ReadAction","target":["https:\/\/omcabogados.com.pe\/publicaciones\/camara-de-comercio-canada-peru\/"]}]},{"@type":"BreadcrumbList","@id":"https:\/\/omcabogados.com.pe\/publicaciones\/camara-de-comercio-canada-peru\/#breadcrumb","itemListElement":[{"@type":"ListItem","position":1,"name":"Portada","item":"https:\/\/omcabogados.com.pe\/"},{"@type":"ListItem","position":2,"name":"Publicaciones","item":"https:\/\/omcabogados.com.pe\/es\/publicaciones\/"},{"@type":"ListItem","position":3,"name":"C\u00e1mara de Comercio Canad\u00e1 &#8211; Per\u00fa"}]},{"@type":"WebSite","@id":"https:\/\/omcabogados.com.pe\/es\/#website","url":"https:\/\/omcabogados.com.pe\/es\/","name":"OMC Abogados & Consultores","description":"","publisher":{"@id":"https:\/\/omcabogados.com.pe\/es\/#organization"},"potentialAction":[{"@type":"SearchAction","target":{"@type":"EntryPoint","urlTemplate":"https:\/\/omcabogados.com.pe\/es\/?s={search_term_string}"},"query-input":{"@type":"PropertyValueSpecification","valueRequired":true,"valueName":"search_term_string"}}],"inLanguage":"es"},{"@type":"Organization","@id":"https:\/\/omcabogados.com.pe\/es\/#organization","name":"OMC Abogados & Consultores","url":"https:\/\/omcabogados.com.pe\/es\/","logo":{"@type":"ImageObject","inLanguage":"es","@id":"https:\/\/omcabogados.com.pe\/es\/#\/schema\/logo\/image\/","url":"https:\/\/omcabogados.com.pe\/wp-content\/uploads\/logo-omc-abogados.png","contentUrl":"https:\/\/omcabogados.com.pe\/wp-content\/uploads\/logo-omc-abogados.png","width":210,"height":159,"caption":"OMC Abogados & Consultores"},"image":{"@id":"https:\/\/omcabogados.com.pe\/es\/#\/schema\/logo\/image\/"},"sameAs":["https:\/\/www.facebook.com\/omcabogados.consultores\/","https:\/\/x.com\/omcabogadosperu","https:\/\/www.linkedin.com\/company\/omc-abogados-consultores\/?viewAsMember=true","https:\/\/www.instagram.com\/omcabogadosyconsultores\/"]}]}},"rttpg_featured_image_url":null,"rttpg_author":{"display_name":"WebMasterOMC","author_link":"https:\/\/omcabogados.com.pe\/es\/author\/webmasteromc\/"},"rttpg_comment":0,"rttpg_category":null,"rttpg_excerpt":"Publicaciones Publicaciones C\u00c1MARA DE COMERCIO CANADA &#8211; PER\u00da \u2014 OMC Abogados &amp; Consultores: 20 a\u00f1os de trayectoria y compromiso profesional, Noviembre 2025 \u2014 OMC Abogados &amp; Consultores particip\u00f3 en la asamblea anual INTA 2025, Agosto 2025 \u2014\u00a0OMC Abogados &amp; Consultores anuncia sus nuevas especialidades, Octubre 2024 \u2014 MYPES acreedoras del Estado ser\u00e1n empadronadas, Marzo 2023&hellip;","_links":{"self":[{"href":"https:\/\/omcabogados.com.pe\/es\/wp-json\/wp\/v2\/pages\/12453","targetHints":{"allow":["GET"]}}],"collection":[{"href":"https:\/\/omcabogados.com.pe\/es\/wp-json\/wp\/v2\/pages"}],"about":[{"href":"https:\/\/omcabogados.com.pe\/es\/wp-json\/wp\/v2\/types\/page"}],"author":[{"embeddable":true,"href":"https:\/\/omcabogados.com.pe\/es\/wp-json\/wp\/v2\/users\/1"}],"replies":[{"embeddable":true,"href":"https:\/\/omcabogados.com.pe\/es\/wp-json\/wp\/v2\/comments?post=12453"}],"version-history":[{"count":22,"href":"https:\/\/omcabogados.com.pe\/es\/wp-json\/wp\/v2\/pages\/12453\/revisions"}],"predecessor-version":[{"id":16536,"href":"https:\/\/omcabogados.com.pe\/es\/wp-json\/wp\/v2\/pages\/12453\/revisions\/16536"}],"up":[{"embeddable":true,"href":"https:\/\/omcabogados.com.pe\/es\/wp-json\/wp\/v2\/pages\/11954"}],"wp:attachment":[{"href":"https:\/\/omcabogados.com.pe\/es\/wp-json\/wp\/v2\/media?parent=12453"}],"curies":[{"name":"wp","href":"https:\/\/api.w.org\/{rel}","templated":true}]}}