{"id":12429,"date":"2024-03-25T11:02:41","date_gmt":"2024-03-25T16:02:41","guid":{"rendered":"https:\/\/omcabogados.com.pe\/?page_id=12429"},"modified":"2024-08-28T11:48:08","modified_gmt":"2024-08-28T16:48:08","slug":"incham","status":"publish","type":"page","link":"https:\/\/omcabogados.com.pe\/es\/publicaciones\/incham\/","title":{"rendered":"Incham"},"content":{"rendered":"\t\t<div data-elementor-type=\"wp-post\" data-elementor-id=\"12429\" class=\"elementor elementor-12429\" data-elementor-post-type=\"page\">\n\t\t\t\t\t\t<section class=\"elementor-section elementor-top-section elementor-element elementor-element-0947a9a elementor-section-height-min-height elementor-section-boxed elementor-section-height-default elementor-section-items-middle\" data-id=\"0947a9a\" data-element_type=\"section\" data-settings=\"{&quot;background_background&quot;:&quot;classic&quot;}\">\n\t\t\t\t\t\t<div class=\"elementor-container elementor-column-gap-default\">\n\t\t\t\t\t<div class=\"elementor-column elementor-col-100 elementor-top-column elementor-element elementor-element-f8eeaf1\" data-id=\"f8eeaf1\" data-element_type=\"column\">\n\t\t\t<div class=\"elementor-widget-wrap elementor-element-populated\">\n\t\t\t\t\t\t<div class=\"elementor-element elementor-element-977c432 elementor-widget elementor-widget-heading\" data-id=\"977c432\" data-element_type=\"widget\" data-widget_type=\"heading.default\">\n\t\t\t\t<div class=\"elementor-widget-container\">\n\t\t\t<h1 class=\"elementor-heading-title elementor-size-default\">Publicaciones<\/h1>\t\t<\/div>\n\t\t\t\t<\/div>\n\t\t\t\t\t<\/div>\n\t\t<\/div>\n\t\t\t\t\t<\/div>\n\t\t<\/section>\n\t\t\t\t<section class=\"elementor-section elementor-top-section elementor-element elementor-element-6bacf7e7 elementor-section-boxed elementor-section-height-default elementor-section-height-default\" data-id=\"6bacf7e7\" data-element_type=\"section\">\n\t\t\t\t\t\t<div class=\"elementor-container elementor-column-gap-default\">\n\t\t\t\t\t<div class=\"elementor-column elementor-col-100 elementor-top-column elementor-element elementor-element-2deee698\" data-id=\"2deee698\" data-element_type=\"column\">\n\t\t\t<div class=\"elementor-widget-wrap elementor-element-populated\">\n\t\t\t\t\t\t<div class=\"elementor-element elementor-element-09c56ab elementor-widget elementor-widget-heading\" data-id=\"09c56ab\" data-element_type=\"widget\" data-widget_type=\"heading.default\">\n\t\t\t\t<div class=\"elementor-widget-container\">\n\t\t\t<h4 class=\"elementor-heading-title elementor-size-default\">Publicaciones<\/h4>\t\t<\/div>\n\t\t\t\t<\/div>\n\t\t\t\t<div class=\"elementor-element elementor-element-3c5e726 elementor-widget elementor-widget-heading\" data-id=\"3c5e726\" data-element_type=\"widget\" data-widget_type=\"heading.default\">\n\t\t\t\t<div class=\"elementor-widget-container\">\n\t\t\t<h4 class=\"elementor-heading-title elementor-size-default\">INCHAM<\/h4>\t\t<\/div>\n\t\t\t\t<\/div>\n\t\t\t\t<div class=\"elementor-element elementor-element-0a8b5bf elementor-widget-divider--view-line elementor-widget elementor-widget-divider\" data-id=\"0a8b5bf\" data-element_type=\"widget\" data-widget_type=\"divider.default\">\n\t\t\t\t<div class=\"elementor-widget-container\">\n\t\t\t\t\t<div class=\"elementor-divider\">\n\t\t\t<span class=\"elementor-divider-separator\">\n\t\t\t\t\t\t<\/span>\n\t\t<\/div>\n\t\t\t\t<\/div>\n\t\t\t\t<\/div>\n\t\t\t\t<div class=\"elementor-element elementor-element-8594de2 elementor-widget elementor-widget-text-editor\" data-id=\"8594de2\" data-element_type=\"widget\" data-widget_type=\"text-editor.default\">\n\t\t\t\t<div class=\"elementor-widget-container\">\n\t\t\t\t\t\t\t<p>\u2014 <a href=\"https:\/\/omcabogados.com.pe\/wp-content\/uploads\/incham-omc-abogados-consultores-organizo-recepcion-para-sus-colegas-latinoamericanos.pdf\" target=\"_blank\" rel=\"noopener\">OMC Abogados &amp; Consultores organiz\u00f3 recepci\u00f3n para sus colegas latinoamericanos, Diciembre 2019<\/a><\/p><p>\u2014 <a href=\"https:\/\/omcabogados.com.pe\/wp-content\/uploads\/incham-estudio-omc-abogados-consultores-y-su-director-reciben-reconocimiento-internacional-octubre-2019.pdf\" target=\"_blank\" rel=\"noopener\">Estudio OMC Abogados &amp; Consultores y su director reciben reconocimiento internacional, Octubre 2019<\/a><\/p><p>\u2014 <a href=\"https:\/\/omcabogados.com.pe\/wp-content\/uploads\/incham-modificaciones-a-la-ley-peruana-de-marcas-decreto-legislativo-1397.pdf\" target=\"_blank\" rel=\"noopener\">Modificaciones a la ley peruana de marcas, Decreto Legislativo N\u00b0 1397, Febrero 2019<\/a><\/p><p>\u2014 <a href=\"https:\/\/omcabogados.com.pe\/wp-content\/uploads\/incham-peru-las-medidas-de-fronteras-en-la-salvaguardia-de-los-derechos-intelectuales-agosto-2018.pdf\" target=\"_blank\" rel=\"noopener\">PERU: Las medidas de fronteras en la salvaguardia de los derechos Intelectuales, Agosto 2018<\/a><\/p><p>\u2014 <a href=\"https:\/\/omcabogados.com.pe\/wp-content\/uploads\/incham-dr-oscar-mago-integrara-panel-de-conferencistas-en-la-india-febrero-2017.pdf\" target=\"_blank\" rel=\"noopener\">Dr. Oscar Mago integrar\u00e1 panel de conferencistas en la India, Febrero 2017<\/a><\/p><p>\u2014 <a href=\"https:\/\/omcabogados.com.pe\/wp-content\/uploads\/omc-presenta-a-integrante-del-area-del-servicio-contable-y-tributario-incham-diciembre-2016.pdf\" target=\"_blank\" rel=\"noopener\">OMC presenta a integrante del area del servicio contable y tributario, Diciembre 2016<\/a><\/p><p>\u2014 <a href=\"https:\/\/omcabogados.com.pe\/wp-content\/uploads\/incham-el-dr-oscar-mago-participo-de-la-conferencia-anual-iba-2016-noviembre-2016.pdf\" target=\"_blank\" rel=\"noopener\">El Dr. Oscar Mago particip\u00f3 de la Conferencia Anual IBA 2016, Noviembre 2016<\/a><\/p><p>\u2014 <a href=\"https:\/\/omcabogados.com.pe\/wp-content\/uploads\/incham-omc-abogados-expande-sus-servicios-legales-a-servicios-contables-septiembre-2016.pdf\" target=\"_blank\" rel=\"noopener\">OMC Abogados expande sus servicios legales a servicios contables, Septiembre 2016<\/a><\/p><p>\u2014 <a href=\"https:\/\/omcabogados.com.pe\/wp-content\/uploads\/incham-editorial-del-mes-de-junio-para-el-newsletter-de-incham-june-2016.pdf\" target=\"_blank\" rel=\"noopener\">Editorial del mes de Junio para el Newsletter de INCHAM, Junio 2016<\/a><\/p><p>\u2014 <a href=\"https:\/\/omcabogados.com.pe\/wp-content\/uploads\/incham-dos-nuevos-abogados-se-incorporan-a-la-firma-omc-abogados-consultores-junio-2016.pdf\" target=\"_blank\" rel=\"noopener\">Dos nuevos abogados se incorporan a la firma OMC Abogados &amp; Consultores, Junio 2016<\/a><\/p><p>\u2014 <a href=\"https:\/\/omcabogados.com.pe\/wp-content\/uploads\/incham-omc-abogados-consultores-participo-en-el-seminario-antipirateria-asipi-2016-abril-2016.pdf\" target=\"_blank\" rel=\"noopener\">OMC Abogados &amp; Consultores participo en el Seminario Antipirateria ASIPI 2016, Abril 2016<\/a><\/p><p>\u2014 <a href=\"https:\/\/omcabogados.com.pe\/wp-content\/uploads\/incham-omc-abogados-consultores-perfil-del-estudio-marzo-2016.pdf\" target=\"_blank\" rel=\"noopener\">OMC Abogados &amp; Consultores \u2014 Perfil del estudio, Marzo 2016<\/a><\/p><p>\u2014 New migration status and deadlines of permanence in Peru, Febrero 2016<\/p><p>\u2014 XIX Congreso de la Asociaci\u00f3n Interamericana de la Propiedad Intelectual se celebr\u00f3 en Colombia, Enero 2016<\/p><p>\u2014 OMC Abogados &amp; Consultores lanza p\u00e1gina web, Enero 2016<\/p><p>\u2014 Chambers and Partners reconoce a los mejores Abogados en el mundo, Noviembre 2015<\/p><p>\u2014 R\u00edo de Janeiro fue la sede del Congreso Mundial AIPPI 2015, Octubre 2015<\/p><p>\u2014 Nueva legislaci\u00f3n para bonificaci\u00f3n laboral en el Per\u00fa, Septiembre 2015<\/p><p>\u2014 CEO de OMC Abogados &amp; Consultores visita Sureste de Asia, Septiembre 2015<\/p><p>\u2014 OMC Abogados &amp; Consultores planifica gira de negocios a Estados Unidos, Julio 2015<\/p><p>\u2014 Bufetes europeos se re\u00fanen con OMC Abogados &amp; Consultores, Junio 2015<\/p><p>\u2014 OMC Abogados &amp; Consultores particip\u00f3 en la Asamblea Anual INTA 2015, Junio 2015<\/p><p>\u2014 OMC Abogados &amp; Consultores asiste a Congreso sobre derechos de autor Mayo, 2015<\/p><p>\u2014 Estudio OMC Abogados &amp; Consultores recibe reconocimiento internacional Mayo, 2015<\/p><p>\u2014 OMC Abogados &amp; Consultores brinda asistencia en materia de Due Diligence, Abril 2015<\/p><p>\u2014 C\u00e1maras de comercio Binacionales de Europa realizaron cocktail, Abril 2015<\/p><p>\u2014 OMC Nuevo miembro de European Communities Trade Mark Association, Abril 2015<\/p><p>\u2014 Empresas peruanas pueden acceder a beneficio tributario, Marzo 2015<\/p><p>\u2014 Conferencia Propiedad Intelectual en el Agro ( ASIPI 2015 Asunci\u00f3n), Marzo 2015<\/p><p>\u2014 OMC Abogados &amp; Consultores asistir\u00e1 a conferencia de ABAPI en Brasil, Marzo 2015<\/p><p>\u2014 OMC renueva sus servicios en el \u00e1rea de derecho corporativo, Febrero 2015<\/p><p>\u2014 OMC Abogados &amp; Consultores se re\u00fane con firmas francesas, Febrero 2015<\/p><p>\u2014 OMC particip\u00f3 en conferencia organizada por INTA, Noviembre 2014<\/p><p>\u2014 OMC Abogados &amp; Consultores lanza portafolio de especialidades, Octubre 2014<\/p><p>\u2014 Dr. Oscar Mago es rankeado por Chambers and Partners, Septiembre 2014<\/p><p>\u2014 MSI Global Alliance organiza conferencia regional en donde participar\u00e1 OMC Abogados &amp; Consultores, Septiembre 2014<\/p><p>\u2014 Red jur\u00eddica internacional invita a OMC Abogados &amp; Consultores a participar de su conferencia anual, Septiembre 2014<\/p><p>\u2014 Socio de la firma OMC Abogados &amp; Consultores es invitado a dictar conferencia de IP en la India, Agosto 2014<\/p><p>\u2014 OMC Abogados &amp; Consultores asesora a inversionistas interesados en migrar, Agosto 2014<\/p><p>\u2014 IP Latino: Red de especialistas en Propiedad Intelectual, Junio 2014<\/p><p>\u2014 OMC Abogados &amp; Consultores particip\u00f3 en el congreso INTA 2014 en Hong Kong, Mayo 2014<\/p><p>\u2014 Estudio OMC Abogados es invitado a programa Calidad al Dia, Mayo 2014<\/p><p>\u2014 Estudio OMC Abogados &amp; Consultores inicia gira de negocios en el exterior, Abril 2014<\/p><p>\u2014 Ubicaci\u00f3n de OMC Abogados en ranking de solicitudes de registro de marcas en Per\u00fa, Abril 2014<\/p><p>\u2014 OMC dirige operaci\u00f3n de venta de empresas peruanas, Abril 2014<\/p><p>\u2014 Socio de la firma OMC Abogados &amp; Consultores es invitado a dictar conferencia de IP en la India, Marzo 2014<\/p><p>\u2014 OMC Abogados &amp; Consultores toma la representaci\u00f3n del Barcelona FBC en Per\u00fa, Marzo 2014<\/p><p>\u2014 Alianza estudio Bizadit y OMC Abogados, Marzo 2014<\/p><p>\u2014 Kathrin Kalb, Marzo 2014<\/p><p>\u2014 Daimler Ag, Febrero 2014<\/p><p>\u2014 OMC Abogados participa de jornada con abogados espa\u00f1oles, Abril 2012<\/p>\t\t\t\t\t\t<\/div>\n\t\t\t\t<\/div>\n\t\t\t\t<div class=\"elementor-element elementor-element-ea5f09f elementor-widget elementor-widget-eael-creative-button\" data-id=\"ea5f09f\" data-element_type=\"widget\" data-widget_type=\"eael-creative-button.default\">\n\t\t\t\t<div class=\"elementor-widget-container\">\n\t\t\t        <div class=\"eael-creative-button-wrapper\">\n\n            <a class=\"eael-creative-button eael-creative-button--default\" href=\"https:\/\/omcabogados.com.pe\/publicaciones\" data-text=\"\">\n            \t    \n                <div class=\"creative-button-inner\">\n\n                                            <span class=\"eael-creative-button-icon-left\"><i aria-hidden=\"true\" class=\"fas fa-chevron-left\"><\/i><\/span>                    \n                    <span class=\"cretive-button-text\">Regresar<\/span>\n\n                                    <\/div>\n\t                        <\/a>\n        <\/div>\n        \t\t<\/div>\n\t\t\t\t<\/div>\n\t\t\t\t\t<\/div>\n\t\t<\/div>\n\t\t\t\t\t<\/div>\n\t\t<\/section>\n\t\t\t\t<\/div>\n\t\t","protected":false},"excerpt":{"rendered":"<p>Publicaciones Publicaciones INCHAM \u2014 OMC Abogados &amp; Consultores organiz\u00f3 recepci\u00f3n para sus colegas latinoamericanos, Diciembre 2019 \u2014 Estudio OMC Abogados &amp; Consultores y su director reciben reconocimiento internacional, Octubre 2019 \u2014 Modificaciones a la ley peruana de marcas, Decreto Legislativo N\u00b0 1397, Febrero 2019 \u2014 PERU: Las medidas de fronteras en la salvaguardia de los [&hellip;]<\/p>\n","protected":false},"author":1,"featured_media":0,"parent":11954,"menu_order":0,"comment_status":"closed","ping_status":"closed","template":"","meta":{"_vp_format_video_url":"","_vp_image_focal_point":[],"_vp_custom_popup_image":0,"_vp_format_audio_url":"","_vp_custom_thumbnail":0,"_vp_custom_thumbnail_focal_point":[],"_vp_hover_thumbnail":0,"_vp_hover_thumbnail_focal_point":[],"footnotes":""},"class_list":["post-12429","page","type-page","status-publish","hentry"],"yoast_head":"<!-- This site is optimized with the Yoast SEO plugin v27.1.1 - https:\/\/yoast.com\/product\/yoast-seo-wordpress\/ -->\n<title>Incham - OMC Abogados &amp; Consultores<\/title>\n<meta name=\"robots\" content=\"index, follow, max-snippet:-1, max-image-preview:large, max-video-preview:-1\" \/>\n<link rel=\"canonical\" href=\"https:\/\/omcabogados.com.pe\/es\/publicaciones\/incham\/\" \/>\n<meta property=\"og:locale\" content=\"es_ES\" \/>\n<meta property=\"og:type\" content=\"article\" \/>\n<meta property=\"og:title\" content=\"Incham - OMC Abogados &amp; Consultores\" \/>\n<meta property=\"og:description\" content=\"Publicaciones Publicaciones INCHAM \u2014 OMC Abogados &amp; Consultores organiz\u00f3 recepci\u00f3n para sus colegas latinoamericanos, Diciembre 2019 \u2014 Estudio OMC Abogados &amp; Consultores y su director reciben reconocimiento internacional, Octubre 2019 \u2014 Modificaciones a la ley peruana de marcas, Decreto Legislativo N\u00b0 1397, Febrero 2019 \u2014 PERU: Las medidas de fronteras en la salvaguardia de los [&hellip;]\" \/>\n<meta property=\"og:url\" content=\"https:\/\/omcabogados.com.pe\/es\/publicaciones\/incham\/\" \/>\n<meta property=\"og:site_name\" content=\"OMC Abogados &amp; Consultores\" \/>\n<meta property=\"article:publisher\" content=\"https:\/\/www.facebook.com\/omcabogados.consultores\/\" \/>\n<meta property=\"article:modified_time\" content=\"2024-08-28T16:48:08+00:00\" \/>\n<meta name=\"twitter:card\" content=\"summary_large_image\" \/>\n<meta name=\"twitter:site\" content=\"@omcabogadosperu\" \/>\n<meta name=\"twitter:label1\" content=\"Tiempo de lectura\" \/>\n\t<meta name=\"twitter:data1\" content=\"3 minutos\" \/>\n<script type=\"application\/ld+json\" class=\"yoast-schema-graph\">{\"@context\":\"https:\/\/schema.org\",\"@graph\":[{\"@type\":\"WebPage\",\"@id\":\"https:\/\/omcabogados.com.pe\/es\/publicaciones\/incham\/\",\"url\":\"https:\/\/omcabogados.com.pe\/es\/publicaciones\/incham\/\",\"name\":\"Incham - OMC Abogados &amp; Consultores\",\"isPartOf\":{\"@id\":\"https:\/\/omcabogados.com.pe\/es\/#website\"},\"datePublished\":\"2024-03-25T16:02:41+00:00\",\"dateModified\":\"2024-08-28T16:48:08+00:00\",\"breadcrumb\":{\"@id\":\"https:\/\/omcabogados.com.pe\/es\/publicaciones\/incham\/#breadcrumb\"},\"inLanguage\":\"es\",\"potentialAction\":[{\"@type\":\"ReadAction\",\"target\":[\"https:\/\/omcabogados.com.pe\/es\/publicaciones\/incham\/\"]}]},{\"@type\":\"BreadcrumbList\",\"@id\":\"https:\/\/omcabogados.com.pe\/es\/publicaciones\/incham\/#breadcrumb\",\"itemListElement\":[{\"@type\":\"ListItem\",\"position\":1,\"name\":\"Portada\",\"item\":\"https:\/\/omcabogados.com.pe\/\"},{\"@type\":\"ListItem\",\"position\":2,\"name\":\"Publicaciones\",\"item\":\"https:\/\/omcabogados.com.pe\/es\/publicaciones\/\"},{\"@type\":\"ListItem\",\"position\":3,\"name\":\"Incham\"}]},{\"@type\":\"WebSite\",\"@id\":\"https:\/\/omcabogados.com.pe\/es\/#website\",\"url\":\"https:\/\/omcabogados.com.pe\/es\/\",\"name\":\"OMC Abogados & Consultores\",\"description\":\"\",\"publisher\":{\"@id\":\"https:\/\/omcabogados.com.pe\/es\/#organization\"},\"potentialAction\":[{\"@type\":\"SearchAction\",\"target\":{\"@type\":\"EntryPoint\",\"urlTemplate\":\"https:\/\/omcabogados.com.pe\/es\/?s={search_term_string}\"},\"query-input\":{\"@type\":\"PropertyValueSpecification\",\"valueRequired\":true,\"valueName\":\"search_term_string\"}}],\"inLanguage\":\"es\"},{\"@type\":\"Organization\",\"@id\":\"https:\/\/omcabogados.com.pe\/es\/#organization\",\"name\":\"OMC Abogados & Consultores\",\"url\":\"https:\/\/omcabogados.com.pe\/es\/\",\"logo\":{\"@type\":\"ImageObject\",\"inLanguage\":\"es\",\"@id\":\"https:\/\/omcabogados.com.pe\/es\/#\/schema\/logo\/image\/\",\"url\":\"https:\/\/omcabogados.com.pe\/wp-content\/uploads\/logo-omc-abogados.png\",\"contentUrl\":\"https:\/\/omcabogados.com.pe\/wp-content\/uploads\/logo-omc-abogados.png\",\"width\":210,\"height\":159,\"caption\":\"OMC Abogados & Consultores\"},\"image\":{\"@id\":\"https:\/\/omcabogados.com.pe\/es\/#\/schema\/logo\/image\/\"},\"sameAs\":[\"https:\/\/www.facebook.com\/omcabogados.consultores\/\",\"https:\/\/x.com\/omcabogadosperu\",\"https:\/\/www.linkedin.com\/company\/omc-abogados-consultores\/?viewAsMember=true\",\"https:\/\/www.instagram.com\/omcabogadosyconsultores\/\"]}]}<\/script>\n<!-- \/ Yoast SEO plugin. -->","yoast_head_json":{"title":"Incham - OMC Abogados &amp; Consultores","robots":{"index":"index","follow":"follow","max-snippet":"max-snippet:-1","max-image-preview":"max-image-preview:large","max-video-preview":"max-video-preview:-1"},"canonical":"https:\/\/omcabogados.com.pe\/es\/publicaciones\/incham\/","og_locale":"es_ES","og_type":"article","og_title":"Incham - OMC Abogados &amp; Consultores","og_description":"Publicaciones Publicaciones INCHAM \u2014 OMC Abogados &amp; Consultores organiz\u00f3 recepci\u00f3n para sus colegas latinoamericanos, Diciembre 2019 \u2014 Estudio OMC Abogados &amp; Consultores y su director reciben reconocimiento internacional, Octubre 2019 \u2014 Modificaciones a la ley peruana de marcas, Decreto Legislativo N\u00b0 1397, Febrero 2019 \u2014 PERU: Las medidas de fronteras en la salvaguardia de los [&hellip;]","og_url":"https:\/\/omcabogados.com.pe\/es\/publicaciones\/incham\/","og_site_name":"OMC Abogados &amp; Consultores","article_publisher":"https:\/\/www.facebook.com\/omcabogados.consultores\/","article_modified_time":"2024-08-28T16:48:08+00:00","twitter_card":"summary_large_image","twitter_site":"@omcabogadosperu","twitter_misc":{"Tiempo de lectura":"3 minutos"},"schema":{"@context":"https:\/\/schema.org","@graph":[{"@type":"WebPage","@id":"https:\/\/omcabogados.com.pe\/es\/publicaciones\/incham\/","url":"https:\/\/omcabogados.com.pe\/es\/publicaciones\/incham\/","name":"Incham - OMC Abogados &amp; Consultores","isPartOf":{"@id":"https:\/\/omcabogados.com.pe\/es\/#website"},"datePublished":"2024-03-25T16:02:41+00:00","dateModified":"2024-08-28T16:48:08+00:00","breadcrumb":{"@id":"https:\/\/omcabogados.com.pe\/es\/publicaciones\/incham\/#breadcrumb"},"inLanguage":"es","potentialAction":[{"@type":"ReadAction","target":["https:\/\/omcabogados.com.pe\/es\/publicaciones\/incham\/"]}]},{"@type":"BreadcrumbList","@id":"https:\/\/omcabogados.com.pe\/es\/publicaciones\/incham\/#breadcrumb","itemListElement":[{"@type":"ListItem","position":1,"name":"Portada","item":"https:\/\/omcabogados.com.pe\/"},{"@type":"ListItem","position":2,"name":"Publicaciones","item":"https:\/\/omcabogados.com.pe\/es\/publicaciones\/"},{"@type":"ListItem","position":3,"name":"Incham"}]},{"@type":"WebSite","@id":"https:\/\/omcabogados.com.pe\/es\/#website","url":"https:\/\/omcabogados.com.pe\/es\/","name":"OMC Abogados & Consultores","description":"","publisher":{"@id":"https:\/\/omcabogados.com.pe\/es\/#organization"},"potentialAction":[{"@type":"SearchAction","target":{"@type":"EntryPoint","urlTemplate":"https:\/\/omcabogados.com.pe\/es\/?s={search_term_string}"},"query-input":{"@type":"PropertyValueSpecification","valueRequired":true,"valueName":"search_term_string"}}],"inLanguage":"es"},{"@type":"Organization","@id":"https:\/\/omcabogados.com.pe\/es\/#organization","name":"OMC Abogados & Consultores","url":"https:\/\/omcabogados.com.pe\/es\/","logo":{"@type":"ImageObject","inLanguage":"es","@id":"https:\/\/omcabogados.com.pe\/es\/#\/schema\/logo\/image\/","url":"https:\/\/omcabogados.com.pe\/wp-content\/uploads\/logo-omc-abogados.png","contentUrl":"https:\/\/omcabogados.com.pe\/wp-content\/uploads\/logo-omc-abogados.png","width":210,"height":159,"caption":"OMC Abogados & Consultores"},"image":{"@id":"https:\/\/omcabogados.com.pe\/es\/#\/schema\/logo\/image\/"},"sameAs":["https:\/\/www.facebook.com\/omcabogados.consultores\/","https:\/\/x.com\/omcabogadosperu","https:\/\/www.linkedin.com\/company\/omc-abogados-consultores\/?viewAsMember=true","https:\/\/www.instagram.com\/omcabogadosyconsultores\/"]}]}},"rttpg_featured_image_url":null,"rttpg_author":{"display_name":"WebMasterOMC","author_link":"https:\/\/omcabogados.com.pe\/es\/author\/webmasteromc\/"},"rttpg_comment":0,"rttpg_category":null,"rttpg_excerpt":"Publicaciones Publicaciones INCHAM \u2014 OMC Abogados &amp; Consultores organiz\u00f3 recepci\u00f3n para sus colegas latinoamericanos, Diciembre 2019 \u2014 Estudio OMC Abogados &amp; Consultores y su director reciben reconocimiento internacional, Octubre 2019 \u2014 Modificaciones a la ley peruana de marcas, Decreto Legislativo N\u00b0 1397, Febrero 2019 \u2014 PERU: Las medidas de fronteras en la salvaguardia de los&hellip;","_links":{"self":[{"href":"https:\/\/omcabogados.com.pe\/es\/wp-json\/wp\/v2\/pages\/12429","targetHints":{"allow":["GET"]}}],"collection":[{"href":"https:\/\/omcabogados.com.pe\/es\/wp-json\/wp\/v2\/pages"}],"about":[{"href":"https:\/\/omcabogados.com.pe\/es\/wp-json\/wp\/v2\/types\/page"}],"author":[{"embeddable":true,"href":"https:\/\/omcabogados.com.pe\/es\/wp-json\/wp\/v2\/users\/1"}],"replies":[{"embeddable":true,"href":"https:\/\/omcabogados.com.pe\/es\/wp-json\/wp\/v2\/comments?post=12429"}],"version-history":[{"count":49,"href":"https:\/\/omcabogados.com.pe\/es\/wp-json\/wp\/v2\/pages\/12429\/revisions"}],"predecessor-version":[{"id":14549,"href":"https:\/\/omcabogados.com.pe\/es\/wp-json\/wp\/v2\/pages\/12429\/revisions\/14549"}],"up":[{"embeddable":true,"href":"https:\/\/omcabogados.com.pe\/es\/wp-json\/wp\/v2\/pages\/11954"}],"wp:attachment":[{"href":"https:\/\/omcabogados.com.pe\/es\/wp-json\/wp\/v2\/media?parent=12429"}],"curies":[{"name":"wp","href":"https:\/\/api.w.org\/{rel}","templated":true}]}}