{"id":3460,"date":"2023-07-25T16:02:24","date_gmt":"2023-07-25T21:02:24","guid":{"rendered":"https:\/\/omcabogados.com.pe\/?page_id=3460"},"modified":"2024-04-25T15:28:42","modified_gmt":"2024-04-25T20:28:42","slug":"constitucion-de-empresas","status":"publish","type":"page","link":"https:\/\/omcabogados.com.pe\/en\/incorporation-of-companies\/","title":{"rendered":"Incorporation of Companies"},"content":{"rendered":"<div data-elementor-type=\"wp-post\" data-elementor-id=\"3460\" class=\"elementor elementor-3460\" data-elementor-post-type=\"page\">\n\t\t\t\t\t\t<section class=\"elementor-section elementor-top-section elementor-element elementor-element-0947a9a elementor-section-height-min-height elementor-section-boxed elementor-section-height-default elementor-section-items-middle\" data-id=\"0947a9a\" data-element_type=\"section\" data-settings=\"{&quot;background_background&quot;:&quot;classic&quot;}\">\n\t\t\t\t\t\t<div class=\"elementor-container elementor-column-gap-default\">\n\t\t\t\t\t<div class=\"elementor-column elementor-col-100 elementor-top-column elementor-element elementor-element-f8eeaf1\" data-id=\"f8eeaf1\" data-element_type=\"column\">\n\t\t\t<div class=\"elementor-widget-wrap elementor-element-populated\">\n\t\t\t\t\t\t<div class=\"elementor-element elementor-element-977c432 elementor-widget elementor-widget-heading\" data-id=\"977c432\" data-element_type=\"widget\" data-widget_type=\"heading.default\">\n\t\t\t\t<div class=\"elementor-widget-container\">\n\t\t\t<h1 class=\"elementor-heading-title elementor-size-default\">Incorporation of Companies<\/h1>\t\t<\/div>\n\t\t\t\t<\/div>\n\t\t\t\t\t<\/div>\n\t\t<\/div>\n\t\t\t\t\t<\/div>\n\t\t<\/section>\n\t\t\t\t<section class=\"elementor-section elementor-top-section elementor-element elementor-element-6bacf7e7 elementor-section-boxed elementor-section-height-default elementor-section-height-default\" data-id=\"6bacf7e7\" data-element_type=\"section\">\n\t\t\t\t\t\t<div class=\"elementor-container elementor-column-gap-wide\">\n\t\t\t\t\t<div class=\"elementor-column elementor-col-66 elementor-top-column elementor-element elementor-element-2deee698\" data-id=\"2deee698\" data-element_type=\"column\">\n\t\t\t<div class=\"elementor-widget-wrap elementor-element-populated\">\n\t\t\t\t\t\t<div class=\"elementor-element elementor-element-09c56ab elementor-widget elementor-widget-heading\" data-id=\"09c56ab\" data-element_type=\"widget\" data-widget_type=\"heading.default\">\n\t\t\t\t<div class=\"elementor-widget-container\">\n\t\t\t<h4 class=\"elementor-heading-title elementor-size-default\">administration<\/h4>\t\t<\/div>\n\t\t\t\t<\/div>\n\t\t\t\t<div class=\"elementor-element elementor-element-0a68f03 elementor-widget elementor-widget-heading\" data-id=\"0a68f03\" data-element_type=\"widget\" data-widget_type=\"heading.default\">\n\t\t\t\t<div class=\"elementor-widget-container\">\n\t\t\t<h4 class=\"elementor-heading-title elementor-size-default\">Incorporation of Companies<\/h4>\t\t<\/div>\n\t\t\t\t<\/div>\n\t\t\t\t<div class=\"elementor-element elementor-element-56af47a elementor-widget elementor-widget-text-editor\" data-id=\"56af47a\" data-element_type=\"widget\" data-widget_type=\"text-editor.default\">\n\t\t\t\t<div class=\"elementor-widget-container\">\n\t\t\t\t\t\t\t<p>The incorporation of a company is a measure of protection of the personal patrimony against the patrimony of the business.<\/p><p>Every incorporated company has more credibility and presence in the market as one of the benefits, which will allow it to face the imminent risk that comes with all commercial activity.<\/p>\t\t\t\t\t\t<\/div>\n\t\t\t\t<\/div>\n\t\t\t\t<section class=\"elementor-section elementor-inner-section elementor-element elementor-element-1c3156e elementor-section-boxed elementor-section-height-default elementor-section-height-default\" data-id=\"1c3156e\" data-element_type=\"section\">\n\t\t\t\t\t\t<div class=\"elementor-container elementor-column-gap-no\">\n\t\t\t\t\t<div class=\"elementor-column elementor-col-100 elementor-inner-column elementor-element elementor-element-8fd058b\" data-id=\"8fd058b\" data-element_type=\"column\">\n\t\t\t<div class=\"elementor-widget-wrap elementor-element-populated\">\n\t\t\t\t\t\t<div class=\"elementor-element elementor-element-e04f985 elementor-widget-divider--view-line elementor-widget elementor-widget-divider\" data-id=\"e04f985\" data-element_type=\"widget\" data-widget_type=\"divider.default\">\n\t\t\t\t<div class=\"elementor-widget-container\">\n\t\t\t\t\t<div class=\"elementor-divider\">\n\t\t\t<span class=\"elementor-divider-separator\">\n\t\t\t\t\t\t<\/span>\n\t\t<\/div>\n\t\t\t\t<\/div>\n\t\t\t\t<\/div>\n\t\t\t\t<div class=\"elementor-element-custom_font_weight elementor-element-custom_color elementor-element elementor-element-336a8e6 elementor-widget elementor-widget-text-editor\" data-id=\"336a8e6\" data-element_type=\"widget\" data-widget_type=\"text-editor.default\">\n\t\t\t\t<div class=\"elementor-widget-container\">\n\t\t\t\t\t\t\t<p>Share on:<\/p>\t\t\t\t\t\t<\/div>\n\t\t\t\t<\/div>\n\t\t\t\t<div class=\"elementor-element elementor-element-424ab2a elementor-widget elementor-widget-shortcode\" data-id=\"424ab2a\" data-element_type=\"widget\" data-widget_type=\"shortcode.default\">\n\t\t\t\t<div class=\"elementor-widget-container\">\n\t\t\t\t\t<div class=\"elementor-shortcode\"><div class=\"heateor_sss_sharing_container heateor_sss_horizontal_sharing\" data-heateor-ss-offset=\"0\" data-heateor-sss-href='https:\/\/omcabogados.com.pe\/en\/incorporation-of-companies\/'><div class=\"heateor_sss_sharing_ul\"><a aria-label=\"Facebook\" class=\"heateor_sss_facebook\" href=\"https:\/\/www.facebook.com\/sharer\/sharer.php?u=https%3A%2F%2Fomcabogados.com.pe%2Fen%2Fincorporation-of-companies%2F\" title=\"Facebook\" rel=\"nofollow noopener\" target=\"_blank\" style=\"font-size:32px!important;box-shadow:none;display:inline-block;vertical-align:middle\"><span class=\"heateor_sss_svg\" style=\"background-color:#0765FE;width:35px;height:35px;border-radius:999px;display:inline-block;opacity:1;float:left;font-size:32px;box-shadow:none;display:inline-block;font-size:16px;padding:0 4px;vertical-align:middle;background-repeat:repeat;overflow:hidden;padding:0;cursor:pointer;box-sizing:content-box\"><svg style=\"display:block;border-radius:999px;\" focusable=\"false\" aria-hidden=\"true\" xmlns=\"http:\/\/www.w3.org\/2000\/svg\" width=\"100%\" height=\"100%\" viewbox=\"0 0 32 32\"><path fill=\"#fff\" d=\"M28 16c0-6.627-5.373-12-12-12S4 9.373 4 16c0 5.628 3.875 10.35 9.101 11.647v-7.98h-2.474V16H13.1v-1.58c0-4.085 1.849-5.978 5.859-5.978.76 0 2.072.15 2.608.298v3.325c-.283-.03-.775-.045-1.386-.045-1.967 0-2.728.745-2.728 2.683V16h3.92l-.673 3.667h-3.247v8.245C23.395 27.195 28 22.135 28 16Z\"><\/path><\/svg><\/span><\/a><a aria-label=\"X\" class=\"heateor_sss_button_x\" href=\"https:\/\/twitter.com\/intent\/tweet?text=Constituci%C3%B3n%20de%20Empresas&url=https%3A%2F%2Fomcabogados.com.pe%2Fen%2Fincorporation-of-companies%2F\" title=\"X\" rel=\"nofollow noopener\" target=\"_blank\" style=\"font-size:32px!important;box-shadow:none;display:inline-block;vertical-align:middle\"><span class=\"heateor_sss_svg heateor_sss_s__default heateor_sss_s_x\" style=\"background-color:#2a2a2a;width:35px;height:35px;border-radius:999px;display:inline-block;opacity:1;float:left;font-size:32px;box-shadow:none;display:inline-block;font-size:16px;padding:0 4px;vertical-align:middle;background-repeat:repeat;overflow:hidden;padding:0;cursor:pointer;box-sizing:content-box\"><svg width=\"100%\" height=\"100%\" style=\"display:block;border-radius:999px;\" focusable=\"false\" aria-hidden=\"true\" xmlns=\"http:\/\/www.w3.org\/2000\/svg\" viewbox=\"0 0 32 32\"><path fill=\"#fff\" d=\"M21.751 7h3.067l-6.7 7.658L26 25.078h-6.172l-4.833-6.32-5.531 6.32h-3.07l7.167-8.19L6 7h6.328l4.37 5.777L21.75 7Zm-1.076 16.242h1.7L11.404 8.74H9.58l11.094 14.503Z\"><\/path><\/svg><\/span><\/a><a aria-label=\"Linkedin\" class=\"heateor_sss_button_linkedin\" href=\"https:\/\/www.linkedin.com\/sharing\/share-offsite\/?url=https%3A%2F%2Fomcabogados.com.pe%2Fen%2Fincorporation-of-companies%2F\" title=\"Linkedin\" rel=\"nofollow noopener\" target=\"_blank\" style=\"font-size:32px!important;box-shadow:none;display:inline-block;vertical-align:middle\"><span class=\"heateor_sss_svg heateor_sss_s__default heateor_sss_s_linkedin\" style=\"background-color:#0077b5;width:35px;height:35px;border-radius:999px;display:inline-block;opacity:1;float:left;font-size:32px;box-shadow:none;display:inline-block;font-size:16px;padding:0 4px;vertical-align:middle;background-repeat:repeat;overflow:hidden;padding:0;cursor:pointer;box-sizing:content-box\"><svg style=\"display:block;border-radius:999px;\" focusable=\"false\" aria-hidden=\"true\" xmlns=\"http:\/\/www.w3.org\/2000\/svg\" width=\"100%\" height=\"100%\" viewbox=\"0 0 32 32\"><path d=\"M6.227 12.61h4.19v13.48h-4.19V12.61zm2.095-6.7a2.43 2.43 0 0 1 0 4.86c-1.344 0-2.428-1.09-2.428-2.43s1.084-2.43 2.428-2.43m4.72 6.7h4.02v1.84h.058c.56-1.058 1.927-2.176 3.965-2.176 4.238 0 5.02 2.792 5.02 6.42v7.395h-4.183v-6.56c0-1.564-.03-3.574-2.178-3.574-2.18 0-2.514 1.7-2.514 3.46v6.668h-4.187V12.61z\" fill=\"#fff\"><\/path><\/svg><\/span><\/a><a aria-label=\"Whatsapp\" class=\"heateor_sss_whatsapp\" href=\"https:\/\/api.whatsapp.com\/send?text=Constituci%C3%B3n%20de%20Empresas%20https%3A%2F%2Fomcabogados.com.pe%2Fen%2Fincorporation-of-companies%2F\" title=\"Whatsapp\" rel=\"nofollow noopener\" target=\"_blank\" style=\"font-size:32px!important;box-shadow:none;display:inline-block;vertical-align:middle\"><span class=\"heateor_sss_svg\" style=\"background-color:#55eb4c;width:35px;height:35px;border-radius:999px;display:inline-block;opacity:1;float:left;font-size:32px;box-shadow:none;display:inline-block;font-size:16px;padding:0 4px;vertical-align:middle;background-repeat:repeat;overflow:hidden;padding:0;cursor:pointer;box-sizing:content-box\"><svg style=\"display:block;border-radius:999px;\" focusable=\"false\" aria-hidden=\"true\" xmlns=\"http:\/\/www.w3.org\/2000\/svg\" width=\"100%\" height=\"100%\" viewbox=\"-6 -5 40 40\"><path class=\"heateor_sss_svg_stroke heateor_sss_no_fill\" stroke=\"#fff\" stroke-width=\"2\" fill=\"none\" d=\"M 11.579798566743314 24.396926207859085 A 10 10 0 1 0 6.808479557110079 20.73576436351046\"><\/path><path d=\"M 7 19 l -1 6 l 6 -1\" class=\"heateor_sss_no_fill heateor_sss_svg_stroke\" stroke=\"#fff\" stroke-width=\"2\" fill=\"none\"><\/path><path d=\"M 10 10 q -1 8 8 11 c 5 -1 0 -6 -1 -3 q -4 -3 -5 -5 c 4 -2 -1 -5 -1 -4\" fill=\"#fff\"><\/path><\/svg><\/span><\/a><a aria-label=\"Telegram\" class=\"heateor_sss_button_telegram\" href=\"https:\/\/telegram.me\/share\/url?url=https%3A%2F%2Fomcabogados.com.pe%2Fen%2Fincorporation-of-companies%2F&text=Constituci%C3%B3n%20de%20Empresas\" title=\"Telegram\" rel=\"nofollow noopener\" target=\"_blank\" style=\"font-size:32px!important;box-shadow:none;display:inline-block;vertical-align:middle\"><span class=\"heateor_sss_svg heateor_sss_s__default heateor_sss_s_telegram\" style=\"background-color:#3da5f1;width:35px;height:35px;border-radius:999px;display:inline-block;opacity:1;float:left;font-size:32px;box-shadow:none;display:inline-block;font-size:16px;padding:0 4px;vertical-align:middle;background-repeat:repeat;overflow:hidden;padding:0;cursor:pointer;box-sizing:content-box\"><svg style=\"display:block;border-radius:999px;\" focusable=\"false\" aria-hidden=\"true\" xmlns=\"http:\/\/www.w3.org\/2000\/svg\" width=\"100%\" height=\"100%\" viewbox=\"0 0 32 32\"><path fill=\"#fff\" d=\"M25.515 6.896L6.027 14.41c-1.33.534-1.322 1.276-.243 1.606l5 1.56 1.72 5.66c.226.625.115.873.77.873.506 0 .73-.235 1.012-.51l2.43-2.363 5.056 3.734c.93.514 1.602.25 1.834-.863l3.32-15.638c.338-1.363-.52-1.98-1.41-1.577z\"><\/path><\/svg><\/span><\/a><a aria-label=\"Email\" class=\"heateor_sss_email\" href=\"https:\/\/omcabogados.com.pe\/en\/incorporation-of-companies\/\" onclick=\"event.preventDefault();window.open('mailto:?subject=' + decodeURIComponent('Constituci%C3%B3n%20de%20Empresas').replace('&', '%26') + '&body=https%3A%2F%2Fomcabogados.com.pe%2Fen%2Fincorporation-of-companies%2F', '_blank')\" title=\"Email\" rel=\"noopener\" style=\"font-size:32px!important;box-shadow:none;display:inline-block;vertical-align:middle\"><span class=\"heateor_sss_svg\" style=\"background-color:#649a3f;width:35px;height:35px;border-radius:999px;display:inline-block;opacity:1;float:left;font-size:32px;box-shadow:none;display:inline-block;font-size:16px;padding:0 4px;vertical-align:middle;background-repeat:repeat;overflow:hidden;padding:0;cursor:pointer;box-sizing:content-box\"><svg style=\"display:block;border-radius:999px;\" focusable=\"false\" aria-hidden=\"true\" xmlns=\"http:\/\/www.w3.org\/2000\/svg\" width=\"100%\" height=\"100%\" viewbox=\"-.75 -.5 36 36\"><path d=\"M 5.5 11 h 23 v 1 l -11 6 l -11 -6 v -1 m 0 2 l 11 6 l 11 -6 v 11 h -22 v -11\" stroke-width=\"1\" fill=\"#fff\"><\/path><\/svg><\/span><\/a><\/div><div class=\"heateorSssClear\"><\/div><\/div><\/div>\n\t\t\t\t<\/div>\n\t\t\t\t<\/div>\n\t\t\t\t\t<\/div>\n\t\t<\/div>\n\t\t\t\t\t<\/div>\n\t\t<\/section>\n\t\t\t\t\t<\/div>\n\t\t<\/div>\n\t\t\t\t<div class=\"elementor-column elementor-col-33 elementor-top-column elementor-element elementor-element-056f0d4\" data-id=\"056f0d4\" data-element_type=\"column\">\n\t\t\t<div class=\"elementor-widget-wrap elementor-element-populated\">\n\t\t\t\t\t\t<div class=\"elementor-element elementor-element-a410d39 elementor-widget elementor-widget-sidebar\" data-id=\"a410d39\" data-element_type=\"widget\" data-widget_type=\"sidebar.default\">\n\t\t\t\t<div class=\"elementor-widget-container\">\n\t\t\t<div id=\"nav_menu-4\" class=\"widget gt3_widget open widget_nav_menu\"><h4 class=\"widget-title\">Accounting Services<\/h4><div class=\"menu-servicios-contables-container\"><ul id=\"menu-servicios-contables\" class=\"menu\"><li id=\"menu-item-4673\" class=\"menu-item menu-item-type-post_type menu-item-object-page menu-item-4673\"><a href=\"https:\/\/omcabogados.com.pe\/en\/drafting-financial-statements\/\">Drafting Financial Statements<\/a><\/li>\n<li id=\"menu-item-4674\" class=\"menu-item menu-item-type-post_type menu-item-object-page menu-item-4674\"><a href=\"https:\/\/omcabogados.com.pe\/en\/update-of-accounting-books\/\">Update of Accounting Books<\/a><\/li>\n<li id=\"menu-item-4675\" class=\"menu-item menu-item-type-post_type menu-item-object-page menu-item-4675\"><a href=\"https:\/\/omcabogados.com.pe\/en\/transfer-pricing\/\">Transfer Pricing<\/a><\/li>\n<li id=\"menu-item-4677\" class=\"menu-item menu-item-type-post_type menu-item-object-page menu-item-4677\"><a href=\"https:\/\/omcabogados.com.pe\/en\/sworn-declaration-income-tax-vat\/\">Sworn Declaration: Income TAX \u2013 VAT<\/a><\/li>\n<li id=\"menu-item-4678\" class=\"menu-item menu-item-type-post_type menu-item-object-page menu-item-4678\"><a href=\"https:\/\/omcabogados.com.pe\/en\/plame\/\">PLAME<\/a><\/li>\n<li id=\"menu-item-4680\" class=\"menu-item menu-item-type-post_type menu-item-object-page menu-item-4680\"><a href=\"https:\/\/omcabogados.com.pe\/en\/audit-of-financial-statements\/\">Audit of Financial Statements<\/a><\/li>\n<li id=\"menu-item-4681\" class=\"menu-item menu-item-type-post_type menu-item-object-page menu-item-4681\"><a href=\"https:\/\/omcabogados.com.pe\/en\/operational-audit\/\">Operational Audit<\/a><\/li>\n<li id=\"menu-item-4683\" class=\"menu-item menu-item-type-post_type menu-item-object-page menu-item-4683\"><a href=\"https:\/\/omcabogados.com.pe\/en\/due-diligence\/\">Due Diligence<\/a><\/li>\n<li id=\"menu-item-4684\" class=\"menu-item menu-item-type-post_type menu-item-object-page menu-item-4684\"><a href=\"https:\/\/omcabogados.com.pe\/en\/outsourcing\/\">Outsourcing<\/a><\/li>\n<li id=\"menu-item-4685\" class=\"menu-item menu-item-type-post_type menu-item-object-page menu-item-4685\"><a href=\"https:\/\/omcabogados.com.pe\/en\/incorporation-of-companies\/\">Incorporation of Companies<\/a><\/li>\n<li id=\"menu-item-4686\" class=\"menu-item menu-item-type-post_type menu-item-object-page menu-item-4686\"><a href=\"https:\/\/omcabogados.com.pe\/en\/appraisals\/\">Appraisals<\/a><\/li>\n<\/ul><\/div><\/div>\t\t<\/div>\n\t\t\t\t<\/div>\n\t\t\t\t\t<\/div>\n\t\t<\/div>\n\t\t\t\t\t<\/div>\n\t\t<\/section>\n\t\t\t\t<\/div>","protected":false},"excerpt":{"rendered":"<p>Constituci\u00f3n de Empresas administraci\u00f3n Constituci\u00f3n de Empresas La constituci\u00f3n de la empresa es una medida de protecci\u00f3n del patrimonio personal frente al patrimonio del negocio. Contar con mayor credibilidad y presencia en el mercado es uno de los beneficios que recibe toda empresa constituida, lo cual le permitir\u00e1 enfrentar el inminente riesgo que trae consigo [&hellip;]<\/p>","protected":false},"author":1,"featured_media":0,"parent":0,"menu_order":0,"comment_status":"closed","ping_status":"closed","template":"","meta":{"_vp_format_video_url":"","_vp_image_focal_point":[],"_vp_custom_popup_image":0,"_vp_format_audio_url":"","_vp_custom_thumbnail":0,"_vp_custom_thumbnail_focal_point":[],"_vp_hover_thumbnail":0,"_vp_hover_thumbnail_focal_point":[],"footnotes":""},"class_list":["post-3460","page","type-page","status-publish","hentry"],"yoast_head":"<!-- This site is optimized with the Yoast SEO plugin v27.5 - https:\/\/yoast.com\/product\/yoast-seo-wordpress\/ -->\n<title>Constituci\u00f3n de Empresas - OMC Abogados &amp; Consultores<\/title>\n<meta name=\"robots\" content=\"index, follow, max-snippet:-1, max-image-preview:large, max-video-preview:-1\" \/>\n<link rel=\"canonical\" href=\"https:\/\/omcabogados.com.pe\/en\/incorporation-of-companies\/\" \/>\n<meta property=\"og:locale\" content=\"en_US\" \/>\n<meta property=\"og:type\" content=\"article\" \/>\n<meta property=\"og:title\" content=\"Constituci\u00f3n de Empresas - OMC Abogados &amp; Consultores\" \/>\n<meta property=\"og:description\" content=\"Constituci\u00f3n de Empresas administraci\u00f3n Constituci\u00f3n de Empresas La constituci\u00f3n de la empresa es una medida de protecci\u00f3n del patrimonio personal frente al patrimonio del negocio. Contar con mayor credibilidad y presencia en el mercado es uno de los beneficios que recibe toda empresa constituida, lo cual le permitir\u00e1 enfrentar el inminente riesgo que trae consigo [&hellip;]\" \/>\n<meta property=\"og:url\" content=\"https:\/\/omcabogados.com.pe\/en\/incorporation-of-companies\/\" \/>\n<meta property=\"og:site_name\" content=\"OMC Abogados &amp; Consultores\" \/>\n<meta property=\"article:publisher\" content=\"https:\/\/www.facebook.com\/omcabogados.consultores\/\" \/>\n<meta property=\"article:modified_time\" content=\"2024-04-25T20:28:42+00:00\" \/>\n<meta name=\"twitter:card\" content=\"summary_large_image\" \/>\n<meta name=\"twitter:site\" content=\"@omcabogadosperu\" \/>\n<meta name=\"twitter:label1\" content=\"Est. reading time\" \/>\n\t<meta name=\"twitter:data1\" content=\"1 minute\" \/>\n<script type=\"application\/ld+json\" class=\"yoast-schema-graph\">{\"@context\":\"https:\\\/\\\/schema.org\",\"@graph\":[{\"@type\":\"WebPage\",\"@id\":\"https:\\\/\\\/omcabogados.com.pe\\\/es\\\/constitucion-de-empresas\\\/\",\"url\":\"https:\\\/\\\/omcabogados.com.pe\\\/es\\\/constitucion-de-empresas\\\/\",\"name\":\"Constituci\u00f3n de Empresas - OMC Abogados &amp; Consultores\",\"isPartOf\":{\"@id\":\"https:\\\/\\\/omcabogados.com.pe\\\/es\\\/#website\"},\"datePublished\":\"2023-07-25T21:02:24+00:00\",\"dateModified\":\"2024-04-25T20:28:42+00:00\",\"breadcrumb\":{\"@id\":\"https:\\\/\\\/omcabogados.com.pe\\\/es\\\/constitucion-de-empresas\\\/#breadcrumb\"},\"inLanguage\":\"en-US\",\"potentialAction\":[{\"@type\":\"ReadAction\",\"target\":[\"https:\\\/\\\/omcabogados.com.pe\\\/es\\\/constitucion-de-empresas\\\/\"]}]},{\"@type\":\"BreadcrumbList\",\"@id\":\"https:\\\/\\\/omcabogados.com.pe\\\/es\\\/constitucion-de-empresas\\\/#breadcrumb\",\"itemListElement\":[{\"@type\":\"ListItem\",\"position\":1,\"name\":\"Portada\",\"item\":\"https:\\\/\\\/omcabogados.com.pe\\\/\"},{\"@type\":\"ListItem\",\"position\":2,\"name\":\"Constituci\u00f3n de Empresas\"}]},{\"@type\":\"WebSite\",\"@id\":\"https:\\\/\\\/omcabogados.com.pe\\\/es\\\/#website\",\"url\":\"https:\\\/\\\/omcabogados.com.pe\\\/es\\\/\",\"name\":\"OMC Abogados & Consultores\",\"description\":\"\",\"publisher\":{\"@id\":\"https:\\\/\\\/omcabogados.com.pe\\\/es\\\/#organization\"},\"potentialAction\":[{\"@type\":\"SearchAction\",\"target\":{\"@type\":\"EntryPoint\",\"urlTemplate\":\"https:\\\/\\\/omcabogados.com.pe\\\/es\\\/?s={search_term_string}\"},\"query-input\":{\"@type\":\"PropertyValueSpecification\",\"valueRequired\":true,\"valueName\":\"search_term_string\"}}],\"inLanguage\":\"en-US\"},{\"@type\":\"Organization\",\"@id\":\"https:\\\/\\\/omcabogados.com.pe\\\/es\\\/#organization\",\"name\":\"OMC Abogados & Consultores\",\"url\":\"https:\\\/\\\/omcabogados.com.pe\\\/es\\\/\",\"logo\":{\"@type\":\"ImageObject\",\"inLanguage\":\"en-US\",\"@id\":\"https:\\\/\\\/omcabogados.com.pe\\\/es\\\/#\\\/schema\\\/logo\\\/image\\\/\",\"url\":\"https:\\\/\\\/omcabogados.com.pe\\\/wp-content\\\/uploads\\\/logo-omc-abogados.png\",\"contentUrl\":\"https:\\\/\\\/omcabogados.com.pe\\\/wp-content\\\/uploads\\\/logo-omc-abogados.png\",\"width\":210,\"height\":159,\"caption\":\"OMC Abogados & Consultores\"},\"image\":{\"@id\":\"https:\\\/\\\/omcabogados.com.pe\\\/es\\\/#\\\/schema\\\/logo\\\/image\\\/\"},\"sameAs\":[\"https:\\\/\\\/www.facebook.com\\\/omcabogados.consultores\\\/\",\"https:\\\/\\\/x.com\\\/omcabogadosperu\",\"https:\\\/\\\/www.linkedin.com\\\/company\\\/omc-abogados-consultores\\\/?viewAsMember=true\",\"https:\\\/\\\/www.instagram.com\\\/omcabogadosyconsultores\\\/\"]}]}<\/script>\n<!-- \/ Yoast SEO plugin. -->","yoast_head_json":{"title":"Constituci\u00f3n de Empresas - OMC Abogados &amp; Consultores","robots":{"index":"index","follow":"follow","max-snippet":"max-snippet:-1","max-image-preview":"max-image-preview:large","max-video-preview":"max-video-preview:-1"},"canonical":"https:\/\/omcabogados.com.pe\/en\/incorporation-of-companies\/","og_locale":"en_US","og_type":"article","og_title":"Constituci\u00f3n de Empresas - OMC Abogados &amp; Consultores","og_description":"Constituci\u00f3n de Empresas administraci\u00f3n Constituci\u00f3n de Empresas La constituci\u00f3n de la empresa es una medida de protecci\u00f3n del patrimonio personal frente al patrimonio del negocio. Contar con mayor credibilidad y presencia en el mercado es uno de los beneficios que recibe toda empresa constituida, lo cual le permitir\u00e1 enfrentar el inminente riesgo que trae consigo [&hellip;]","og_url":"https:\/\/omcabogados.com.pe\/en\/incorporation-of-companies\/","og_site_name":"OMC Abogados &amp; Consultores","article_publisher":"https:\/\/www.facebook.com\/omcabogados.consultores\/","article_modified_time":"2024-04-25T20:28:42+00:00","twitter_card":"summary_large_image","twitter_site":"@omcabogadosperu","twitter_misc":{"Est. reading time":"1 minute"},"schema":{"@context":"https:\/\/schema.org","@graph":[{"@type":"WebPage","@id":"https:\/\/omcabogados.com.pe\/es\/constitucion-de-empresas\/","url":"https:\/\/omcabogados.com.pe\/es\/constitucion-de-empresas\/","name":"Constituci\u00f3n de Empresas - OMC Abogados &amp; Consultores","isPartOf":{"@id":"https:\/\/omcabogados.com.pe\/es\/#website"},"datePublished":"2023-07-25T21:02:24+00:00","dateModified":"2024-04-25T20:28:42+00:00","breadcrumb":{"@id":"https:\/\/omcabogados.com.pe\/es\/constitucion-de-empresas\/#breadcrumb"},"inLanguage":"en-US","potentialAction":[{"@type":"ReadAction","target":["https:\/\/omcabogados.com.pe\/es\/constitucion-de-empresas\/"]}]},{"@type":"BreadcrumbList","@id":"https:\/\/omcabogados.com.pe\/es\/constitucion-de-empresas\/#breadcrumb","itemListElement":[{"@type":"ListItem","position":1,"name":"Portada","item":"https:\/\/omcabogados.com.pe\/"},{"@type":"ListItem","position":2,"name":"Constituci\u00f3n de Empresas"}]},{"@type":"WebSite","@id":"https:\/\/omcabogados.com.pe\/es\/#website","url":"https:\/\/omcabogados.com.pe\/es\/","name":"OMC Abogados & Consultores","description":"","publisher":{"@id":"https:\/\/omcabogados.com.pe\/es\/#organization"},"potentialAction":[{"@type":"SearchAction","target":{"@type":"EntryPoint","urlTemplate":"https:\/\/omcabogados.com.pe\/es\/?s={search_term_string}"},"query-input":{"@type":"PropertyValueSpecification","valueRequired":true,"valueName":"search_term_string"}}],"inLanguage":"en-US"},{"@type":"Organization","@id":"https:\/\/omcabogados.com.pe\/es\/#organization","name":"OMC Abogados & Consultores","url":"https:\/\/omcabogados.com.pe\/es\/","logo":{"@type":"ImageObject","inLanguage":"en-US","@id":"https:\/\/omcabogados.com.pe\/es\/#\/schema\/logo\/image\/","url":"https:\/\/omcabogados.com.pe\/wp-content\/uploads\/logo-omc-abogados.png","contentUrl":"https:\/\/omcabogados.com.pe\/wp-content\/uploads\/logo-omc-abogados.png","width":210,"height":159,"caption":"OMC Abogados & Consultores"},"image":{"@id":"https:\/\/omcabogados.com.pe\/es\/#\/schema\/logo\/image\/"},"sameAs":["https:\/\/www.facebook.com\/omcabogados.consultores\/","https:\/\/x.com\/omcabogadosperu","https:\/\/www.linkedin.com\/company\/omc-abogados-consultores\/?viewAsMember=true","https:\/\/www.instagram.com\/omcabogadosyconsultores\/"]}]}},"rttpg_featured_image_url":null,"rttpg_author":{"display_name":"WebMasterOMC","author_link":"https:\/\/omcabogados.com.pe\/en\/author\/webmasteromc\/"},"rttpg_comment":0,"rttpg_category":null,"rttpg_excerpt":"Constituci\u00f3n de Empresas administraci\u00f3n Constituci\u00f3n de Empresas La constituci\u00f3n de la empresa es una medida de protecci\u00f3n del patrimonio personal frente al patrimonio del negocio. Contar con mayor credibilidad y presencia en el mercado es uno de los beneficios que recibe toda empresa constituida, lo cual le permitir\u00e1 enfrentar el inminente riesgo que trae consigo&hellip;","_links":{"self":[{"href":"https:\/\/omcabogados.com.pe\/en\/wp-json\/wp\/v2\/pages\/3460","targetHints":{"allow":["GET"]}}],"collection":[{"href":"https:\/\/omcabogados.com.pe\/en\/wp-json\/wp\/v2\/pages"}],"about":[{"href":"https:\/\/omcabogados.com.pe\/en\/wp-json\/wp\/v2\/types\/page"}],"author":[{"embeddable":true,"href":"https:\/\/omcabogados.com.pe\/en\/wp-json\/wp\/v2\/users\/1"}],"replies":[{"embeddable":true,"href":"https:\/\/omcabogados.com.pe\/en\/wp-json\/wp\/v2\/comments?post=3460"}],"version-history":[{"count":55,"href":"https:\/\/omcabogados.com.pe\/en\/wp-json\/wp\/v2\/pages\/3460\/revisions"}],"predecessor-version":[{"id":13775,"href":"https:\/\/omcabogados.com.pe\/en\/wp-json\/wp\/v2\/pages\/3460\/revisions\/13775"}],"wp:attachment":[{"href":"https:\/\/omcabogados.com.pe\/en\/wp-json\/wp\/v2\/media?parent=3460"}],"curies":[{"name":"wp","href":"https:\/\/api.w.org\/{rel}","templated":true}]}}