{"id":174,"date":"2019-09-11T12:18:20","date_gmt":"2019-09-11T17:18:20","guid":{"rendered":"https:\/\/livewp.site\/wp\/md\/juris\/?page_id=174"},"modified":"2024-04-30T18:25:37","modified_gmt":"2024-04-30T23:25:37","slug":"socio-fundador-oscar-mago","status":"publish","type":"page","link":"https:\/\/omcabogados.com.pe\/en\/founding-partner-oscar-mago-carranza\/","title":{"rendered":"Founding Partner"},"content":{"rendered":"<div data-elementor-type=\"wp-page\" data-elementor-id=\"174\" class=\"elementor elementor-174\" data-elementor-post-type=\"page\">\n\t\t\t\t\t\t<section class=\"elementor-section elementor-top-section elementor-element elementor-element-5503d54 elementor-section-height-min-height elementor-section-boxed elementor-section-height-default elementor-section-items-middle\" data-id=\"5503d54\" data-element_type=\"section\" data-settings=\"{&quot;background_background&quot;:&quot;classic&quot;}\">\n\t\t\t\t\t\t<div class=\"elementor-container elementor-column-gap-default\">\n\t\t\t\t\t<div class=\"elementor-column elementor-col-100 elementor-top-column elementor-element elementor-element-3197a51\" data-id=\"3197a51\" data-element_type=\"column\">\n\t\t\t<div class=\"elementor-widget-wrap elementor-element-populated\">\n\t\t\t\t\t\t<div class=\"elementor-element elementor-element-30f323c elementor-widget elementor-widget-heading\" data-id=\"30f323c\" data-element_type=\"widget\" data-widget_type=\"heading.default\">\n\t\t\t\t<div class=\"elementor-widget-container\">\n\t\t\t<h1 class=\"elementor-heading-title elementor-size-default\">Founding Partner<\/h1>\t\t<\/div>\n\t\t\t\t<\/div>\n\t\t\t\t\t<\/div>\n\t\t<\/div>\n\t\t\t\t\t<\/div>\n\t\t<\/section>\n\t\t\t\t<section class=\"elementor-section elementor-top-section elementor-element elementor-element-4e82ddb elementor-section-boxed elementor-section-height-default elementor-section-height-default\" data-id=\"4e82ddb\" data-element_type=\"section\" data-settings=\"{&quot;background_background&quot;:&quot;classic&quot;}\">\n\t\t\t\t\t\t<div class=\"elementor-container elementor-column-gap-no\">\n\t\t\t\t\t<div class=\"elementor-column elementor-col-66 elementor-top-column elementor-element elementor-element-15ede66\" data-id=\"15ede66\" data-element_type=\"column\">\n\t\t\t<div class=\"elementor-widget-wrap elementor-element-populated\">\n\t\t\t\t\t\t<div class=\"elementor-element elementor-element-0fe9cdb elementor-widget elementor-widget-heading\" data-id=\"0fe9cdb\" data-element_type=\"widget\" data-widget_type=\"heading.default\">\n\t\t\t\t<div class=\"elementor-widget-container\">\n\t\t\t<h4 class=\"elementor-heading-title elementor-size-default\">PROFILE OF THE FOUNDING PARTNER<\/h4>\t\t<\/div>\n\t\t\t\t<\/div>\n\t\t\t\t<div class=\"elementor-element elementor-element-bedcb8b elementor-widget elementor-widget-heading\" data-id=\"bedcb8b\" data-element_type=\"widget\" data-widget_type=\"heading.default\">\n\t\t\t\t<div class=\"elementor-widget-container\">\n\t\t\t<h3 class=\"elementor-heading-title elementor-size-default\">Oscar Mago Carranza<\/h3>\t\t<\/div>\n\t\t\t\t<\/div>\n\t\t\t\t<div class=\"elementor-element elementor-element-5e35416 elementor-widget elementor-widget-text-editor\" data-id=\"5e35416\" data-element_type=\"widget\" data-widget_type=\"text-editor.default\">\n\t\t\t\t<div class=\"elementor-widget-container\">\n\t\t\t\t\t\t\t<p>Born in Lima in 1967. Lawyer graduated from the Universidad de Lima in 1991<sup>(1)<\/sup> and a member of the Lima Bar Association since 1993<sup>(2)<\/sup>. He attended postgraduate school at the International Development Law Institute in Rome, Italy (1998)<sup>(3)<\/sup>. He also studied Intellectual Property and Competition Law at the universities of Salamanca, Spain (1999)<sup>(4)<\/sup> and Buenos Aires, Argentina (2002) and advanced studies in negotiation by CMI from Harvard University (1998). He is an extrajudicial conciliator accredited by the Ministry of Justice of Peru (1999).<sup>(5)<\/sup> He holds a Master\u00b4s degree in Economic Criminal Law from the Universidad Inca Garcilaso de la Vega (1997)<sup>(6)<\/sup>, a Master\u2019s degree in Business Law from the Universidad San Mart\u00edn de Porres (2001)<sup>(7)<\/sup>, and a specialist diploma in Intellectual Property from Colegio de Abogados de Lima (Lima Bar Association, 2000)<sup>(8)<\/sup>. He specialised in management and organization at ESAN - College of Business Administration.<\/p><p style=\"text-align: justify;\">Ha publicado en diversas revistas nacionales e internacionales de prestigio art\u00edculos y ensayos sobre derecho de sociedades, propiedad industrial y cuestiones de negociaci\u00f3n, as\u00ed como diferentes medios period\u00edsticos, entre ellos el diario \u00abEl Peruano\u00bb.<sup>(9)<\/sup><\/p><p style=\"text-align: justify;\">He has more than 30 years of experience working in the field of Industrial Property and has successfully handled matters in the areas of unfair competition, infringement of trade mark and patent rights and criminal prosecutions for trade mark counterfeiting, seizing thousands of counterfeit goods, which estimated values, reach several millions of dollars.<\/p><p style=\"text-align: justify;\">Entre estos procesos, a finales de los a\u00f1os 90, dirigi\u00f3 una intervenci\u00f3n en los mercadillos de Tacna, donde logr\u00f3 la incautaci\u00f3n de miles de productos falsificados marca \u00abNIKE\u00bb, siendo la mercader\u00eda incautada m\u00e1s de 5 toneladas de ropa de contrabando y cuyo valor fue estimado en varios millones de d\u00f3lares.<\/p><p style=\"text-align: justify;\">He is a founding partner and CEO of OMC ABOGADOS &amp; CONSULTORES since 2005.<\/p><p>______<\/p><p style=\"text-align: left;\"><sup>1<\/sup> <a href=\"https:\/\/omcabogados.com.pe\/wp-content\/uploads\/Titulo-Abogado-Universidad-de-Lima.pdf\" target=\"_blank\" rel=\"noopener\">https:\/\/omcabogados.com.pe\/wp-content\/uploads\/Titulo-Abogado-Universidad-de-Lima.pdf<\/a><br \/><sup>2<\/sup> <a href=\"https:\/\/omcabogados.com.pe\/wp-content\/uploads\/Diploma-CAL.pdf\" target=\"_blank\" rel=\"noopener\">https:\/\/omcabogados.com.pe\/wp-content\/uploads\/Diploma-CAL.pdf<\/a><br \/><sup>3<\/sup> <a href=\"https:\/\/omcabogados.com.pe\/en\/evento\/idlo-international-development-law-organization\/\" target=\"_blank\" rel=\"noopener\">https:\/\/omcabogados.com.pe\/evento\/idlo-instituto-internacional-de-derecho-para-el-desarrollo\/<\/a><br \/><sup>4<\/sup> <a href=\"https:\/\/omcabogados.com.pe\/en\/evento\/intellectual-property-law-studies-posgraduate\/\" target=\"_blank\" rel=\"noopener\">https:\/\/omcabogados.com.pe\/evento\/estudios-de-derecho-de-la-propiedad-intelectual\/<\/a><br \/><sup>5<\/sup> <a href=\"https:\/\/omcabogados.com.pe\/wp-content\/uploads\/Diploma-Conciliador-Extrajudicial.pdf\" target=\"_blank\" rel=\"noopener\">https:\/\/omcabogados.com.pe\/wp-content\/uploads\/Diploma-Conciliador-Extrajudicial.pdf<\/a><br \/><sup>6<\/sup> <a href=\"https:\/\/omcabogados.com.pe\/wp-content\/uploads\/Diploma-Maestria-Derecho-Penal.pdf\" target=\"_blank\" rel=\"noopener\">https:\/\/omcabogados.com.pe\/wp-content\/uploads\/Diploma-Maestria-Derecho-Penal.pdf<\/a><br \/><sup>7<\/sup> <a href=\"https:\/\/omcabogados.com.pe\/wp-content\/uploads\/Diploma-Maestria-en-Dercho-de-los-Negocios-Univ-San-Martin.pdf\" target=\"_blank\" rel=\"noopener\">https:\/\/omcabogados.com.pe\/wp-content\/uploads\/Diploma-Maestria-en-Dercho-de-los-Negocios-Univ-San-Martin.pdf<\/a><br \/><sup>8<\/sup> <a href=\"https:\/\/omcabogados.com.pe\/wp-content\/uploads\/Diploma-Propiedad-Industrial-y-Derecho-de-autor.pdf\" target=\"_blank\" rel=\"noopener\">https:\/\/omcabogados.com.pe\/wp-content\/uploads\/Diploma-Propiedad-Industrial-y-Derecho-de-autor.pdf<\/a><br \/><sup>9<\/sup> <a href=\"https:\/\/omcabogados.com.pe\/en\/publications\/el-peruano\/\" target=\"_blank\" rel=\"noopener\">https:\/\/omcabogados.com.pe\/publicaciones\/el-peruano\/<\/a><\/p>\t\t\t\t\t\t<\/div>\n\t\t\t\t<\/div>\n\t\t\t\t\t<\/div>\n\t\t<\/div>\n\t\t\t\t<div class=\"elementor-column elementor-col-33 elementor-top-column elementor-element elementor-element-3665810\" data-id=\"3665810\" data-element_type=\"column\">\n\t\t\t<div class=\"elementor-widget-wrap elementor-element-populated\">\n\t\t\t\t\t\t<div class=\"elementor-element elementor-element-e4ff0c6 elementor-widget elementor-widget-spacer\" data-id=\"e4ff0c6\" data-element_type=\"widget\" data-widget_type=\"spacer.default\">\n\t\t\t\t<div class=\"elementor-widget-container\">\n\t\t\t\t\t<div class=\"elementor-spacer\">\n\t\t\t<div class=\"elementor-spacer-inner\"><\/div>\n\t\t<\/div>\n\t\t\t\t<\/div>\n\t\t\t\t<\/div>\n\t\t\t\t<div class=\"elementor-element elementor-element-8bbbed8 elementor-widget elementor-widget-spacer\" data-id=\"8bbbed8\" data-element_type=\"widget\" data-widget_type=\"spacer.default\">\n\t\t\t\t<div class=\"elementor-widget-container\">\n\t\t\t\t\t<div class=\"elementor-spacer\">\n\t\t\t<div class=\"elementor-spacer-inner\"><\/div>\n\t\t<\/div>\n\t\t\t\t<\/div>\n\t\t\t\t<\/div>\n\t\t\t\t<div class=\"elementor-element elementor-element-335c668 elementor-widget elementor-widget-image\" data-id=\"335c668\" data-element_type=\"widget\" data-widget_type=\"image.default\">\n\t\t\t\t<div class=\"elementor-widget-container\">\n\t\t\t\t\t\t\t\t\t\t\t\t\t<img fetchpriority=\"high\" decoding=\"async\" width=\"800\" height=\"921\" src=\"https:\/\/omcabogados.com.pe\/wp-content\/uploads\/oscar-mago-carranza-psf.jpg\" class=\"attachment-full size-full wp-image-9222\" alt=\"\" title=\"oscar-mago-carranza-psf\" \/>\t\t\t\t\t\t\t\t\t\t\t\t\t<\/div>\n\t\t\t\t<\/div>\n\t\t\t\t<div class=\"elementor-element elementor-element-30951ac elementor-widget elementor-widget-spacer\" data-id=\"30951ac\" data-element_type=\"widget\" data-widget_type=\"spacer.default\">\n\t\t\t\t<div class=\"elementor-widget-container\">\n\t\t\t\t\t<div class=\"elementor-spacer\">\n\t\t\t<div class=\"elementor-spacer-inner\"><\/div>\n\t\t<\/div>\n\t\t\t\t<\/div>\n\t\t\t\t<\/div>\n\t\t\t\t\t<\/div>\n\t\t<\/div>\n\t\t\t\t\t<\/div>\n\t\t<\/section>\n\t\t\t\t<section class=\"elementor-section elementor-top-section elementor-element elementor-element-6f5b567 elementor-section-boxed elementor-section-height-default elementor-section-height-default\" data-id=\"6f5b567\" data-element_type=\"section\">\n\t\t\t\t\t\t<div class=\"elementor-container elementor-column-gap-default\">\n\t\t\t\t\t<div class=\"elementor-column elementor-col-100 elementor-top-column elementor-element elementor-element-9c71436\" data-id=\"9c71436\" data-element_type=\"column\">\n\t\t\t<div class=\"elementor-widget-wrap elementor-element-populated\">\n\t\t\t\t\t\t\t<\/div>\n\t\t<\/div>\n\t\t\t\t\t<\/div>\n\t\t<\/section>\n\t\t\t\t<\/div>","protected":false},"excerpt":{"rendered":"<p>Socio Fundador PERFIL SOCIO FUNDADOR Oscar Mago Carranza Nacido en Lima en 1967. Abogado egresado de la Universidad de Lima en 1991(1) y miembro del colegio de Abogados de Lima desde 1993(2). Asisti\u00f3 a la escuela de posgrado en el Instituto Internacional de Derecho para el Desarrollo en Roma, Italia (1998)(3), donde estudi\u00f3 derecho corporativo. [&hellip;]<\/p>","protected":false},"author":1,"featured_media":0,"parent":0,"menu_order":0,"comment_status":"closed","ping_status":"closed","template":"","meta":{"_vp_format_video_url":"","_vp_image_focal_point":[],"_vp_custom_popup_image":0,"_vp_format_audio_url":"","_vp_custom_thumbnail":0,"_vp_custom_thumbnail_focal_point":[],"_vp_hover_thumbnail":0,"_vp_hover_thumbnail_focal_point":[],"footnotes":""},"class_list":["post-174","page","type-page","status-publish","hentry"],"yoast_head":"<!-- This site is optimized with the Yoast SEO plugin v27.5 - https:\/\/yoast.com\/product\/yoast-seo-wordpress\/ -->\n<title>Socio Fundador - OMC Abogados &amp; Consultores<\/title>\n<meta name=\"robots\" content=\"index, follow, max-snippet:-1, max-image-preview:large, max-video-preview:-1\" \/>\n<link rel=\"canonical\" href=\"https:\/\/omcabogados.com.pe\/en\/founding-partner-oscar-mago-carranza\/\" \/>\n<meta property=\"og:locale\" content=\"en_US\" \/>\n<meta property=\"og:type\" content=\"article\" \/>\n<meta property=\"og:title\" content=\"Socio Fundador - OMC Abogados &amp; Consultores\" \/>\n<meta property=\"og:description\" content=\"Socio Fundador PERFIL SOCIO FUNDADOR Oscar Mago Carranza Nacido en Lima en 1967. Abogado egresado de la Universidad de Lima en 1991(1) y miembro del colegio de Abogados de Lima desde 1993(2). Asisti\u00f3 a la escuela de posgrado en el Instituto Internacional de Derecho para el Desarrollo en Roma, Italia (1998)(3), donde estudi\u00f3 derecho corporativo. [&hellip;]\" \/>\n<meta property=\"og:url\" content=\"https:\/\/omcabogados.com.pe\/en\/founding-partner-oscar-mago-carranza\/\" \/>\n<meta property=\"og:site_name\" content=\"OMC Abogados &amp; Consultores\" \/>\n<meta property=\"article:publisher\" content=\"https:\/\/www.facebook.com\/omcabogados.consultores\/\" \/>\n<meta property=\"article:modified_time\" content=\"2024-04-30T23:25:37+00:00\" \/>\n<meta property=\"og:image\" content=\"https:\/\/omcabogados.com.pe\/wp-content\/uploads\/oscar-mago-carranza-psf.jpg\" \/>\n<meta name=\"twitter:card\" content=\"summary_large_image\" \/>\n<meta name=\"twitter:site\" content=\"@omcabogadosperu\" \/>\n<meta name=\"twitter:label1\" content=\"Est. reading time\" \/>\n\t<meta name=\"twitter:data1\" content=\"2 minutes\" \/>\n<script type=\"application\/ld+json\" class=\"yoast-schema-graph\">{\"@context\":\"https:\\\/\\\/schema.org\",\"@graph\":[{\"@type\":\"WebPage\",\"@id\":\"https:\\\/\\\/omcabogados.com.pe\\\/es\\\/socio-fundador-oscar-mago\\\/\",\"url\":\"https:\\\/\\\/omcabogados.com.pe\\\/es\\\/socio-fundador-oscar-mago\\\/\",\"name\":\"Socio Fundador - OMC Abogados &amp; Consultores\",\"isPartOf\":{\"@id\":\"https:\\\/\\\/omcabogados.com.pe\\\/es\\\/#website\"},\"primaryImageOfPage\":{\"@id\":\"https:\\\/\\\/omcabogados.com.pe\\\/es\\\/socio-fundador-oscar-mago\\\/#primaryimage\"},\"image\":{\"@id\":\"https:\\\/\\\/omcabogados.com.pe\\\/es\\\/socio-fundador-oscar-mago\\\/#primaryimage\"},\"thumbnailUrl\":\"https:\\\/\\\/omcabogados.com.pe\\\/wp-content\\\/uploads\\\/oscar-mago-carranza-psf.jpg\",\"datePublished\":\"2019-09-11T17:18:20+00:00\",\"dateModified\":\"2024-04-30T23:25:37+00:00\",\"breadcrumb\":{\"@id\":\"https:\\\/\\\/omcabogados.com.pe\\\/es\\\/socio-fundador-oscar-mago\\\/#breadcrumb\"},\"inLanguage\":\"en-US\",\"potentialAction\":[{\"@type\":\"ReadAction\",\"target\":[\"https:\\\/\\\/omcabogados.com.pe\\\/es\\\/socio-fundador-oscar-mago\\\/\"]}]},{\"@type\":\"ImageObject\",\"inLanguage\":\"en-US\",\"@id\":\"https:\\\/\\\/omcabogados.com.pe\\\/es\\\/socio-fundador-oscar-mago\\\/#primaryimage\",\"url\":\"https:\\\/\\\/omcabogados.com.pe\\\/wp-content\\\/uploads\\\/oscar-mago-carranza-psf.jpg\",\"contentUrl\":\"https:\\\/\\\/omcabogados.com.pe\\\/wp-content\\\/uploads\\\/oscar-mago-carranza-psf.jpg\"},{\"@type\":\"BreadcrumbList\",\"@id\":\"https:\\\/\\\/omcabogados.com.pe\\\/es\\\/socio-fundador-oscar-mago\\\/#breadcrumb\",\"itemListElement\":[{\"@type\":\"ListItem\",\"position\":1,\"name\":\"Portada\",\"item\":\"https:\\\/\\\/omcabogados.com.pe\\\/\"},{\"@type\":\"ListItem\",\"position\":2,\"name\":\"Socio Fundador\"}]},{\"@type\":\"WebSite\",\"@id\":\"https:\\\/\\\/omcabogados.com.pe\\\/es\\\/#website\",\"url\":\"https:\\\/\\\/omcabogados.com.pe\\\/es\\\/\",\"name\":\"OMC Abogados & Consultores\",\"description\":\"\",\"publisher\":{\"@id\":\"https:\\\/\\\/omcabogados.com.pe\\\/es\\\/#organization\"},\"potentialAction\":[{\"@type\":\"SearchAction\",\"target\":{\"@type\":\"EntryPoint\",\"urlTemplate\":\"https:\\\/\\\/omcabogados.com.pe\\\/es\\\/?s={search_term_string}\"},\"query-input\":{\"@type\":\"PropertyValueSpecification\",\"valueRequired\":true,\"valueName\":\"search_term_string\"}}],\"inLanguage\":\"en-US\"},{\"@type\":\"Organization\",\"@id\":\"https:\\\/\\\/omcabogados.com.pe\\\/es\\\/#organization\",\"name\":\"OMC Abogados & Consultores\",\"url\":\"https:\\\/\\\/omcabogados.com.pe\\\/es\\\/\",\"logo\":{\"@type\":\"ImageObject\",\"inLanguage\":\"en-US\",\"@id\":\"https:\\\/\\\/omcabogados.com.pe\\\/es\\\/#\\\/schema\\\/logo\\\/image\\\/\",\"url\":\"https:\\\/\\\/omcabogados.com.pe\\\/wp-content\\\/uploads\\\/logo-omc-abogados.png\",\"contentUrl\":\"https:\\\/\\\/omcabogados.com.pe\\\/wp-content\\\/uploads\\\/logo-omc-abogados.png\",\"width\":210,\"height\":159,\"caption\":\"OMC Abogados & Consultores\"},\"image\":{\"@id\":\"https:\\\/\\\/omcabogados.com.pe\\\/es\\\/#\\\/schema\\\/logo\\\/image\\\/\"},\"sameAs\":[\"https:\\\/\\\/www.facebook.com\\\/omcabogados.consultores\\\/\",\"https:\\\/\\\/x.com\\\/omcabogadosperu\",\"https:\\\/\\\/www.linkedin.com\\\/company\\\/omc-abogados-consultores\\\/?viewAsMember=true\",\"https:\\\/\\\/www.instagram.com\\\/omcabogadosyconsultores\\\/\"]}]}<\/script>\n<!-- \/ Yoast SEO plugin. -->","yoast_head_json":{"title":"Socio Fundador - OMC Abogados &amp; Consultores","robots":{"index":"index","follow":"follow","max-snippet":"max-snippet:-1","max-image-preview":"max-image-preview:large","max-video-preview":"max-video-preview:-1"},"canonical":"https:\/\/omcabogados.com.pe\/en\/founding-partner-oscar-mago-carranza\/","og_locale":"en_US","og_type":"article","og_title":"Socio Fundador - OMC Abogados &amp; Consultores","og_description":"Socio Fundador PERFIL SOCIO FUNDADOR Oscar Mago Carranza Nacido en Lima en 1967. Abogado egresado de la Universidad de Lima en 1991(1) y miembro del colegio de Abogados de Lima desde 1993(2). Asisti\u00f3 a la escuela de posgrado en el Instituto Internacional de Derecho para el Desarrollo en Roma, Italia (1998)(3), donde estudi\u00f3 derecho corporativo. [&hellip;]","og_url":"https:\/\/omcabogados.com.pe\/en\/founding-partner-oscar-mago-carranza\/","og_site_name":"OMC Abogados &amp; Consultores","article_publisher":"https:\/\/www.facebook.com\/omcabogados.consultores\/","article_modified_time":"2024-04-30T23:25:37+00:00","og_image":[{"url":"https:\/\/omcabogados.com.pe\/wp-content\/uploads\/oscar-mago-carranza-psf.jpg","type":"","width":"","height":""}],"twitter_card":"summary_large_image","twitter_site":"@omcabogadosperu","twitter_misc":{"Est. reading time":"2 minutes"},"schema":{"@context":"https:\/\/schema.org","@graph":[{"@type":"WebPage","@id":"https:\/\/omcabogados.com.pe\/es\/socio-fundador-oscar-mago\/","url":"https:\/\/omcabogados.com.pe\/es\/socio-fundador-oscar-mago\/","name":"Socio Fundador - OMC Abogados &amp; Consultores","isPartOf":{"@id":"https:\/\/omcabogados.com.pe\/es\/#website"},"primaryImageOfPage":{"@id":"https:\/\/omcabogados.com.pe\/es\/socio-fundador-oscar-mago\/#primaryimage"},"image":{"@id":"https:\/\/omcabogados.com.pe\/es\/socio-fundador-oscar-mago\/#primaryimage"},"thumbnailUrl":"https:\/\/omcabogados.com.pe\/wp-content\/uploads\/oscar-mago-carranza-psf.jpg","datePublished":"2019-09-11T17:18:20+00:00","dateModified":"2024-04-30T23:25:37+00:00","breadcrumb":{"@id":"https:\/\/omcabogados.com.pe\/es\/socio-fundador-oscar-mago\/#breadcrumb"},"inLanguage":"en-US","potentialAction":[{"@type":"ReadAction","target":["https:\/\/omcabogados.com.pe\/es\/socio-fundador-oscar-mago\/"]}]},{"@type":"ImageObject","inLanguage":"en-US","@id":"https:\/\/omcabogados.com.pe\/es\/socio-fundador-oscar-mago\/#primaryimage","url":"https:\/\/omcabogados.com.pe\/wp-content\/uploads\/oscar-mago-carranza-psf.jpg","contentUrl":"https:\/\/omcabogados.com.pe\/wp-content\/uploads\/oscar-mago-carranza-psf.jpg"},{"@type":"BreadcrumbList","@id":"https:\/\/omcabogados.com.pe\/es\/socio-fundador-oscar-mago\/#breadcrumb","itemListElement":[{"@type":"ListItem","position":1,"name":"Portada","item":"https:\/\/omcabogados.com.pe\/"},{"@type":"ListItem","position":2,"name":"Socio Fundador"}]},{"@type":"WebSite","@id":"https:\/\/omcabogados.com.pe\/es\/#website","url":"https:\/\/omcabogados.com.pe\/es\/","name":"OMC Abogados & Consultores","description":"","publisher":{"@id":"https:\/\/omcabogados.com.pe\/es\/#organization"},"potentialAction":[{"@type":"SearchAction","target":{"@type":"EntryPoint","urlTemplate":"https:\/\/omcabogados.com.pe\/es\/?s={search_term_string}"},"query-input":{"@type":"PropertyValueSpecification","valueRequired":true,"valueName":"search_term_string"}}],"inLanguage":"en-US"},{"@type":"Organization","@id":"https:\/\/omcabogados.com.pe\/es\/#organization","name":"OMC Abogados & Consultores","url":"https:\/\/omcabogados.com.pe\/es\/","logo":{"@type":"ImageObject","inLanguage":"en-US","@id":"https:\/\/omcabogados.com.pe\/es\/#\/schema\/logo\/image\/","url":"https:\/\/omcabogados.com.pe\/wp-content\/uploads\/logo-omc-abogados.png","contentUrl":"https:\/\/omcabogados.com.pe\/wp-content\/uploads\/logo-omc-abogados.png","width":210,"height":159,"caption":"OMC Abogados & Consultores"},"image":{"@id":"https:\/\/omcabogados.com.pe\/es\/#\/schema\/logo\/image\/"},"sameAs":["https:\/\/www.facebook.com\/omcabogados.consultores\/","https:\/\/x.com\/omcabogadosperu","https:\/\/www.linkedin.com\/company\/omc-abogados-consultores\/?viewAsMember=true","https:\/\/www.instagram.com\/omcabogadosyconsultores\/"]}]}},"rttpg_featured_image_url":null,"rttpg_author":{"display_name":"WebMasterOMC","author_link":"https:\/\/omcabogados.com.pe\/en\/author\/webmasteromc\/"},"rttpg_comment":0,"rttpg_category":null,"rttpg_excerpt":"Socio Fundador PERFIL SOCIO FUNDADOR Oscar Mago Carranza Nacido en Lima en 1967. Abogado egresado de la Universidad de Lima en 1991(1) y miembro del colegio de Abogados de Lima desde 1993(2). Asisti\u00f3 a la escuela de posgrado en el Instituto Internacional de Derecho para el Desarrollo en Roma, Italia (1998)(3), donde estudi\u00f3 derecho corporativo.&hellip;","_links":{"self":[{"href":"https:\/\/omcabogados.com.pe\/en\/wp-json\/wp\/v2\/pages\/174","targetHints":{"allow":["GET"]}}],"collection":[{"href":"https:\/\/omcabogados.com.pe\/en\/wp-json\/wp\/v2\/pages"}],"about":[{"href":"https:\/\/omcabogados.com.pe\/en\/wp-json\/wp\/v2\/types\/page"}],"author":[{"embeddable":true,"href":"https:\/\/omcabogados.com.pe\/en\/wp-json\/wp\/v2\/users\/1"}],"replies":[{"embeddable":true,"href":"https:\/\/omcabogados.com.pe\/en\/wp-json\/wp\/v2\/comments?post=174"}],"version-history":[{"count":282,"href":"https:\/\/omcabogados.com.pe\/en\/wp-json\/wp\/v2\/pages\/174\/revisions"}],"predecessor-version":[{"id":13797,"href":"https:\/\/omcabogados.com.pe\/en\/wp-json\/wp\/v2\/pages\/174\/revisions\/13797"}],"wp:attachment":[{"href":"https:\/\/omcabogados.com.pe\/en\/wp-json\/wp\/v2\/media?parent=174"}],"curies":[{"name":"wp","href":"https:\/\/api.w.org\/{rel}","templated":true}]}}